{"id":2144,"date":"2023-03-22T12:11:45","date_gmt":"2023-03-22T12:11:45","guid":{"rendered":"https:\/\/indevlinderkes.nl\/reservieren\/annuleringsverzekering\/"},"modified":"2023-09-21T08:11:13","modified_gmt":"2023-09-21T08:11:13","slug":"stornierungs-regelung","status":"publish","type":"page","link":"https:\/\/indevlinderkes.nl\/de\/reservieren\/stornierungs-regelung\/","title":{"rendered":"Stornierungs Regelung"},"content":{"rendered":"\n<h2 class=\"wp-block-heading title\">Stornierungs Regelung<\/h2>\n\n\n\n<ul class=\"wp-block-list\">\n<li>Bei Stornierung bis 6 Monaten f\u00fcr Eingangsdatum 25% vom vereinbarten Preis.<\/li>\n\n\n\n<li>Bis 4 Monaten f\u00fcr Eingangsdatum 50%.<\/li>\n\n\n\n<li>Bis 2 Monaten f\u00fcr Eingangsdatum 75%.<\/li>\n\n\n\n<li>Innerhalb 2 Monaten f\u00fcr Eingangsdatum 90%.<\/li>\n\n\n\n<li>Beim nicht erscheinen auf Eingangsdatum sind Sie den vereinbarten Preis Schuldig.<\/li>\n<\/ul>\n\n\n\n<p>Abschlie\u00dfen einer Stornierungs Versicherung ist immer zu empfehlen. Sie sind selbst daf\u00fcr verantwortlich.<\/p>\n\n\n\n<p>Auch Deutsche G\u00e4ste k\u00f6nnen so eine Versicherung abschlie\u03b2en.<\/p>\n\n\n\n<p>Klicken Sie auf nachfolgende Link;&nbsp;<a href=\"https:\/\/www.recreatieverzekeringen.nl\/Annuleringsverzekering-kortlopend-ondernemer\/101415\">https:\/\/www.recreatieverzekeringen.nl<\/a>&nbsp; &nbsp; Ist auch auf Deutsch.<\/p>\n\n\n\n<p>Bitte beachten Sie das Sie dieser<strong>&nbsp;innerhalb 7 Tagen<\/strong>&nbsp;nach Buchung Abschlie\u03b2en.<\/p>\n","protected":false},"excerpt":{"rendered":"<p>Stornierungs Regelung Abschlie\u00dfen einer Stornierungs Versicherung ist immer zu empfehlen. Sie sind selbst daf\u00fcr verantwortlich. Auch Deutsche G\u00e4ste k\u00f6nnen so eine Versicherung abschlie\u03b2en. Klicken Sie auf nachfolgende Link;&nbsp;https:\/\/www.recreatieverzekeringen.nl&nbsp; &nbsp; Ist auch auf Deutsch. Bitte beachten Sie das Sie dieser&nbsp;innerhalb 7 Tagen&nbsp;nach Buchung Abschlie\u03b2en.<\/p>\n","protected":false},"author":1,"featured_media":0,"parent":2069,"menu_order":8,"comment_status":"closed","ping_status":"closed","template":"","meta":{"_acf_changed":false,"footnotes":""},"class_list":["post-2144","page","type-page","status-publish","hentry"],"acf":[],"_links":{"self":[{"href":"https:\/\/indevlinderkes.nl\/de\/wp-json\/wp\/v2\/pages\/2144","targetHints":{"allow":["GET"]}}],"collection":[{"href":"https:\/\/indevlinderkes.nl\/de\/wp-json\/wp\/v2\/pages"}],"about":[{"href":"https:\/\/indevlinderkes.nl\/de\/wp-json\/wp\/v2\/types\/page"}],"author":[{"embeddable":true,"href":"https:\/\/indevlinderkes.nl\/de\/wp-json\/wp\/v2\/users\/1"}],"replies":[{"embeddable":true,"href":"https:\/\/indevlinderkes.nl\/de\/wp-json\/wp\/v2\/comments?post=2144"}],"version-history":[{"count":2,"href":"https:\/\/indevlinderkes.nl\/de\/wp-json\/wp\/v2\/pages\/2144\/revisions"}],"predecessor-version":[{"id":2146,"href":"https:\/\/indevlinderkes.nl\/de\/wp-json\/wp\/v2\/pages\/2144\/revisions\/2146"}],"up":[{"embeddable":true,"href":"https:\/\/indevlinderkes.nl\/de\/wp-json\/wp\/v2\/pages\/2069"}],"wp:attachment":[{"href":"https:\/\/indevlinderkes.nl\/de\/wp-json\/wp\/v2\/media?parent=2144"}],"curies":[{"name":"wp","href":"https:\/\/api.w.org\/{rel}","templated":true}]}}