{"id":2141,"date":"2023-03-22T11:09:10","date_gmt":"2023-03-22T11:09:10","guid":{"rendered":"https:\/\/indevlinderkes.nl\/?page_id=2141"},"modified":"2023-09-21T08:09:24","modified_gmt":"2023-09-21T08:09:24","slug":"hausordnung","status":"publish","type":"page","link":"https:\/\/indevlinderkes.nl\/de\/reservieren\/hausordnung\/","title":{"rendered":"Hausordnung"},"content":{"rendered":"\n<h1 class=\"wp-block-heading\">Hausordnung<\/h1>\n\n\n\n<p>Willkommen in unserer Unterkunft \u201ede Vlinderkes\u201c. &#8211; Wir hoffen, dass Sie in diesem Haus eine angenehme und sch\u00f6ne Zeit haben, an die Sie sich vielleicht gerne noch lange erinnern werden. Wir, die Familie van Schijndel, bem\u00fchen uns jedenfalls, Ihnen den Aufenthalt so angenehm wie m\u00f6glich zu gestallten, damit Sie sich hier bei uns wohl f\u00fchlen!<\/p>\n\n\n\n<p>Es gibt jedoch einige Regeln, zumindest aber schon mal eine&nbsp;<strong>Hauptregel<\/strong>: Sie sind uns herzlich willkommen und wir tun viel, damit Sie einen sch\u00f6nen Aufenthalt haben, aber verhalten Sie sich bitte so, dass die Nachbarn oder sonstige Mitmenschen aus dem Umfeld und wir, die Verwalterfamilie, keine Unannehmlichkeiten, keinen unn\u00f6tigen \u00c4rger bekommen!!<\/p>\n\n\n\n<p><strong>1. Ankunft und Abreise<\/strong><\/p>\n\n\n\n<ul class=\"wp-block-list\">\n<li>Ankunft ist Freitags und Montags ab 16:00 Uhr.<\/li>\n\n\n\n<li>Abreise ist Sonntags fr\u00fcher als 20:00 Uhr, und Montags und Freitags fr\u00fcher als 10:00 Uhr.<\/li>\n\n\n\n<li>Bitte werden Sie bei der Ankunft am Wohnhaus vorstellig, welches direkt als erstes auf dem Grundst\u00fcck liegt.<\/li>\n\n\n\n<li>Hilfreich w\u00e4re es auch, wenn Sie uns rechtzeitig und telefonisch dar\u00fcber informieren w\u00fcrden\/k\u00f6nnten, wann wir mit Ihrer ungef\u00e4hren Ankunft rechnen d\u00fcrfen.<\/li>\n\n\n\n<li>Am Abreisetag halten Sie sich bitte an Zeit, zu der Sie das Haus \u00fcbergeben bzw. verlassen haben m\u00fcssen.<\/li>\n\n\n\n<li>Bitte geben Sie uns, bei Abreise, mindestens eine Stunde vorher Bescheid, damit eine ruhige und korrekte Abnahme\/\u00dcbergabe erfolgen kann.<\/li>\n<\/ul>\n\n\n\n<p><strong>2. Endreinigung<\/strong><\/p>\n\n\n\n<ul class=\"wp-block-list\">\n<li>Die R\u00e4ume m\u00fcssen besenrein und gut aufger\u00e4umt \u00fcbergeben werden.<\/li>\n\n\n\n<li>Die Sp\u00fcle in der K\u00fcche muss sauber, dass Geschirr gesp\u00fclt und die Sp\u00fclmaschine sollte, wenn Sie in den letzten Stunden noch gebraucht wurde, einger\u00e4umt sein.<\/li>\n\n\n\n<li>Bitte r\u00e4umen Sie die Gegenst\u00e4nde\/Utensilien wieder an Ihren Platz bzw. in die vorgesehenen Schr\u00e4nke.<\/li>\n<\/ul>\n\n\n\n<p><strong>3. Inventar<\/strong>&nbsp;<\/p>\n\n\n\n<ul class=\"wp-block-list\">\n<li>Bitte \u00fcberpr\u00fcfen Sie bei Ankunft, anhand der Inventarliste, ob alles vollz\u00e4hlig, in Ordnung und in gutem Zustand ist.<\/li>\n\n\n\n<li>Bitte beachten Sie, dass Sie am Anreisetag nur bis max. bis zwei Stunden nach Ankunft Zeit haben, eventuell festgestellte M\u00e4ngel\/Fehlmengen etc. an uns weiterzugeben. Wir werden umgehend bzw. zeitnah f\u00fcr Ersatz bzw. Abhilfe sorgen.<\/li>\n\n\n\n<li>Sollte w\u00e4hrend Ihres Aufenthaltes mal etwas kaputt gehen, so seien Sie bitte fair und scheuen sich nicht, uns dies mitzuteilen.<\/li>\n\n\n\n<li>Tische, St\u00fchle, Betten usw. geh\u00f6ren ins Haus und nicht in den Garten!<\/li>\n<\/ul>\n\n\n\n<p><strong>4. Parken<\/strong><\/p>\n\n\n\n<ul class=\"wp-block-list\">\n<li>Sie k\u00f6nnen Ihre Fahrzeuge auf den ausgewiesenen Pl\u00e4tzen, nahe am Gruppenhaus, parken f\u00fcr Laden und Entladen.<\/li>\n\n\n\n<li>Stellen Sie die Fahrzeuge bitte so ab, dass im Notfall Rettungskr\u00e4fte nicht behindert werden.<\/li>\n\n\n\n<li>Vermeiden Sie nach M\u00f6glichkeit bitte, dass die Fahrzeuge allzu Oft auf dem gesamten Areal bewegt werden und wenn doch, dann bitte im Schritttempo, denn bei uns haben \u201eFu\u00dfg\u00e4nger\u201c absoluten Vorrang!<\/li>\n\n\n\n<li>Langparken ist auf den ausgewiesenen Parkpl\u00e4tzen nebenan die Strasse gegen\u00fcber die Einfahrt von das Gel\u00e4nde.<\/li>\n<\/ul>\n\n\n\n<p><strong>5. Lautst\u00e4rke \/ Ruhezeiten<\/strong><\/p>\n\n\n\n<ul class=\"wp-block-list\">\n<li>Achten Sie bitte darauf, dass Ihre Nachbarschaft nicht durch Musik oder sonstige Ger\u00e4usche, die eventuell von Au\u00dfenstehenden als unangenehm empfunden werden k\u00f6nnte gest\u00f6rt wird. Musik o. \u00e4. ist somit nur auf Zimmerlautst\u00e4rke einzustellen und im Au\u00dfenbereich grunds\u00e4tzlich nicht erw\u00fcnscht!<\/li>\n\n\n\n<li>Halten Sie sich bitte an die Ruhezeiten von 23.00 Uhr bis 07.00 Uhr.<\/li>\n\n\n\n<li>Sollte in den Sommermonaten die M\u00f6glichkeit bestehen, bis weit in den Abend \/ in die Nacht hinein drau\u00dfen sitzen zu k\u00f6nnen, nehmen Sie R\u00fccksicht auf die Nachbarschaft: bitte keinen L\u00e4rm!<\/li>\n<\/ul>\n\n\n\n<p><strong>6. M\u00fcllentsorung<\/strong><\/p>\n\n\n\n<ul class=\"wp-block-list\">\n<li>Den M\u00fcll bitte, wie an den M\u00fclltonnen ausgewiesen, trennen und entsprechend entsorgen.<\/li>\n\n\n\n<li>Achten Sie ferner bitte auch darauf, dass das Haus und der Garten von Unrat freigehalten werden.<\/li>\n\n\n\n<li>Bei extrem gro\u00dfe Abfallmengen k\u00f6nnen zus\u00e4tzliche Kosten berechnet werden.<\/li>\n<\/ul>\n\n\n\n<p><strong>7. Swimmingpool<\/strong><\/p>\n\n\n\n<ul class=\"wp-block-list\">\n<li>Der Pool ist uns, der Verwalterfamilie, vorbehalten und somit ist es nicht gestattet, diesen ohne Aufforderung bzw. ohne R\u00fccksprache mit uns, zu nutzen.<\/li>\n\n\n\n<li>Bei eventueller Nutzung des Pools obliegt die alleinige Aufsichtspflicht bei den Erziehungsberechtigten der Reisegruppe!<\/li>\n\n\n\n<li>Der Pool ist w\u00e4rend die Sommermonaten f\u00fcr maximal eine Stunde pro Tag zu benutzen. Wegen Privatbenutzung unserer Garten kann es sein das der Pool nicht zu benutzen ist.<\/li>\n<\/ul>\n\n\n\n<p><strong>8. Haustiere<\/strong><\/p>\n\n\n\n<ul class=\"wp-block-list\">\n<li>Sind nur nach vorheriger Absprache, gegen eine Geb\u00fchr eventuell gestattet, d\u00fcrfen nicht alleine, also ohne Aufsicht in der Unterkunft bleiben und selbstverst\u00e4ndlich gehen wir davon aus, dass Sie Ihr Haustier nicht auf unserem Grundst\u00fcck sein \u201eGesch\u00e4ft\u201c verrichten lassen!!<\/li>\n<\/ul>\n\n\n\n<p><strong>9. Brandschutz\/-meldesystem<\/strong><\/p>\n\n\n\n<ul class=\"wp-block-list\">\n<li>Offenes Feuer wie z. B. Lagerfeuer und Holzkohlgrill ist nicht gestattet! (wir haben mehrere Gasgrills zum vermieten)<\/li>\n\n\n\n<li>Fluchtwege, sowie Feuerl\u00f6scher und Schlauchaufroller m\u00fcssen immer zug\u00e4nglich sein.<\/li>\n\n\n\n<li>Im Haus befinden sich ausreichend Feuerl\u00f6scher, die regelm\u00e4\u00dfig und ordnungsgem\u00e4\u00df gepr\u00fcft und ggf. ausgetauscht werden.<\/li>\n\n\n\n<li>Feuerl\u00f6scher die, ohne ersichtlichen Grund genutzt werden, werden mit 75,00 \u20ac in Rechnung gestellt. (Unsachgem\u00e4\u00dfe Handhabung eines Feuerl\u00f6schers kann gro\u00dfe Sch\u00e4den zur Folge haben, deren Kosten wir der Gruppe in Rechnung stellen.)<\/li>\n\n\n\n<li>Die Unterkunft ist komplett mit Rauchmeldern ausgestattet.<\/li>\n<\/ul>\n\n\n\n<p><strong>10. Verlorene Gegenst\u00e4nde<\/strong><\/p>\n\n\n\n<ul class=\"wp-block-list\">\n<li>Sollten Sie Gegenst\u00e4nde finden, die eventuell von Ihrer Vorgruppe stammen (k\u00f6nnten), so geben Sie uns bitte Bescheid bzw. heben diese auf. Wir werden uns darum k\u00fcmmern, dass verloren gegangene Gegenst\u00e4nde Ihren Besitzer wieder finden.<\/li>\n<\/ul>\n\n\n\n<p><strong>11. Rauchen<\/strong><\/p>\n\n\n\n<ul class=\"wp-block-list\">\n<li>Rauchen ist im Unterkunft und das Freizeitgebaude nicht gestattet.<\/li>\n<\/ul>\n\n\n\n<p><strong>12. K\u00fcche<\/strong><\/p>\n\n\n\n<ul class=\"wp-block-list\">\n<li>Bitte in der K\u00fcche, niemals Kinder unbeaufsichtigt lassen!!<\/li>\n\n\n\n<li>Bitte keine anderen elektrischen Ger\u00e4te, als die in der K\u00fcche vorhandenen, verwenden.<\/li>\n\n\n\n<li>Sollte etwas fehlen und nicht in Ordnung sein, geben Sie uns bitte umgehend Bescheid.<\/li>\n<\/ul>\n\n\n\n<p><strong>13. Schlafzimmer<\/strong><\/p>\n\n\n\n<ul class=\"wp-block-list\">\n<li>Die Betten sind bitte nur nach vorheriger Absprache mit uns, zu verstellen und der Verzehr von Lebensmitteln und\/oder Getr\u00e4nke ist nicht gestattet.<\/li>\n\n\n\n<li>Die Betten sind mit Matratze, Kissen und Decke ausgestattet und somit ben\u00f6tigen Sie nur 3-tlg. Bettw\u00e4sche oder Schlafsack, Kissenbezug und Bettlaken.<\/li>\n\n\n\n<li>Auf Wunsch k\u00f6nnen Sie bei uns auch Bettw\u00e4sche ausleihen (gegen Geb\u00fchr).<\/li>\n\n\n\n<li>Die 2-Bettzimmer sind so konzipiert, dass auch Kinderbetten aufgestellt werden k\u00f6nnen. Sollten Sie mal ein Kinderbett vergessen haben, wir stellen Ihnen gerne (auf Wunsch) bis zu zwei Kinderbetten zur Verf\u00fcgung.<\/li>\n\n\n\n<li>Bitte auch die Betten, sollte es einmal doch n\u00f6tig sein, nur nach vorheriger Absprache mit uns, verstellen. Danke.<\/li>\n<\/ul>\n\n\n\n<p><strong>14. Sanit\u00e4r<\/strong><\/p>\n\n\n\n<ul class=\"wp-block-list\">\n<li>Die Badeinrichtungen sind bitte sauber zu halten und die Duschen sind nach Gebrauch, mit dem Abzieher zu trocknen.<\/li>\n\n\n\n<li>Windeln, Binden usw. sind bitte nur in die daf\u00fcr vorgesehenen (M\u00fcll)Eimer zu entsorgen und haben in der Toilette nichts zu suchen!<\/li>\n\n\n\n<li>Bitte werfen Sie Inkontinenzmaterialen so schnell wie m\u00f6glich draussen im M\u00fchllcontainer.<\/li>\n<\/ul>\n\n\n\n<p><strong>15. Haftung<\/strong><\/p>\n\n\n\n<ul class=\"wp-block-list\">\n<li>Wir, die Familie van Schijndel \u00fcbernehmen keine Verantwortung f\u00fcr eventuellen Verlust, Diebstahl oder Sch\u00e4den am Eigentum der Reisegruppe.<\/li>\n\n\n\n<li>Die Nutzung des Spielplatzes etc. erfolgt auf eigenes Risiko und Sie m\u00fcssen die Voraussetzungen erf\u00fcllen.<\/li>\n<\/ul>\n\n\n\n<p><strong>Im Falle eines Diebstahls, von Vandalismus, Besitz\/Konsum von Drogen oder sonstige illegale Aktivit\u00e4ten, sowie bei schwerwiegender Verletzung der vorliegenden Hausordnung werden wir der Reisegruppe eine \u201eAbmahnung\u201c (Warnung) aussprechen und schriftlich zukommen lassen. Bei wiederholter \u201eAbmahnung\u201c (Warnung) behalten wir uns das Recht vor, mit sofortiger Wirkung vom Vertrag zur\u00fcckzutreten und einzelnen Mitgliedern der Reisegruppe oder der gesamten Reisegruppe den Zutritt zum Haus \/ dem Gel\u00e4nde, ohne Anspruch auf (Teil)R\u00fcckerstattung des Reisepreises, zu verwehren!!<\/strong><\/p>\n","protected":false},"excerpt":{"rendered":"<p>Hausordnung Willkommen in unserer Unterkunft \u201ede Vlinderkes\u201c. &#8211; Wir hoffen, dass Sie in diesem Haus eine angenehme und sch\u00f6ne Zeit haben, an die Sie sich vielleicht gerne noch lange erinnern werden. Wir, die Familie van Schijndel, bem\u00fchen uns jedenfalls, Ihnen den Aufenthalt so angenehm wie m\u00f6glich zu gestallten, damit Sie sich hier bei uns wohl [&hellip;]<\/p>\n","protected":false},"author":1,"featured_media":0,"parent":2069,"menu_order":7,"comment_status":"closed","ping_status":"closed","template":"","meta":{"_acf_changed":false,"footnotes":""},"class_list":["post-2141","page","type-page","status-publish","hentry"],"acf":[],"_links":{"self":[{"href":"https:\/\/indevlinderkes.nl\/de\/wp-json\/wp\/v2\/pages\/2141","targetHints":{"allow":["GET"]}}],"collection":[{"href":"https:\/\/indevlinderkes.nl\/de\/wp-json\/wp\/v2\/pages"}],"about":[{"href":"https:\/\/indevlinderkes.nl\/de\/wp-json\/wp\/v2\/types\/page"}],"author":[{"embeddable":true,"href":"https:\/\/indevlinderkes.nl\/de\/wp-json\/wp\/v2\/users\/1"}],"replies":[{"embeddable":true,"href":"https:\/\/indevlinderkes.nl\/de\/wp-json\/wp\/v2\/comments?post=2141"}],"version-history":[{"count":2,"href":"https:\/\/indevlinderkes.nl\/de\/wp-json\/wp\/v2\/pages\/2141\/revisions"}],"predecessor-version":[{"id":2143,"href":"https:\/\/indevlinderkes.nl\/de\/wp-json\/wp\/v2\/pages\/2141\/revisions\/2143"}],"up":[{"embeddable":true,"href":"https:\/\/indevlinderkes.nl\/de\/wp-json\/wp\/v2\/pages\/2069"}],"wp:attachment":[{"href":"https:\/\/indevlinderkes.nl\/de\/wp-json\/wp\/v2\/media?parent=2141"}],"curies":[{"name":"wp","href":"https:\/\/api.w.org\/{rel}","templated":true}]}}