{"id":2136,"date":"2023-03-21T15:18:30","date_gmt":"2023-03-21T15:18:30","guid":{"rendered":"https:\/\/indevlinderkes.nl\/?page_id=2136"},"modified":"2023-09-21T08:04:22","modified_gmt":"2023-09-21T08:04:22","slug":"agb","status":"publish","type":"page","link":"https:\/\/indevlinderkes.nl\/de\/reservieren\/agb\/","title":{"rendered":"AGB"},"content":{"rendered":"\n<p>Wie bei Ihnen zu Hause gibt es auch staatliche Regelungen. Diese wurden bei der Aufstellung dieser Allgemeinen Gesch\u00e4ftsbedingungen ber\u00fccksichtigt. Diese Regeln k\u00f6nnen sich allerdings \u00e4ndern oder es kann neue Regeln geben, an die Sie und \u201eIn de Vlinderkes\u201c sich halten m\u00fcssen. \u201eIn de Vlinderkes\u201c wird Sie hier\u00fcber soweit wie m\u00f6glich (schriftlich und\/oder \u00fcber die Website) in Kenntnis setzen. Wenn Sie nach dem Lesen dieser Informationen noch Fragen haben, k\u00f6nnen Sie sich jederzeit an uns wenden. Wir helfen Ihnen gerne weiter.<\/p>\n\n\n\n<p>Die m\u00e4nnliche Form schlie\u00dft die weibliche mit ein.<\/p>\n\n\n\n<p><strong>Artikel 1: Begriffsbestimmungen<\/strong><\/p>\n\n\n\n<p><strong>In diesen Allgemeinen Gesch\u00e4ftsbedingungen wird verstanden unter:<\/strong><\/p>\n\n\n\n<p>a. Gruppenunterkunft: alle oder ein Teil der Geb\u00e4ude und\/oder Unterk\u00fcnfte mit s\u00e4mtlichem Zubeh\u00f6r, Inventar und mitgemieteten Sachen,<\/p>\n\n\n\n<p>b. Unternehmer: das Unternehmen, das die Gruppenunterkunft\/-unterk\u00fcnfte dem Vertragspartner zur Verf\u00fcgung stellt,<\/p>\n\n\n\n<p>c. Vertragspartner: derjenige, der im Namen einer Gruppe den Vertrag abschlie\u00dft,<\/p>\n\n\n\n<p>d. Gruppe: alle Einzelpersonen, die laut Vertrag berechtigt sind, sich in der\/den Gruppenunterkunft\/-unterk\u00fcnften aufzuhalten,<\/p>\n\n\n\n<p>e. Gruppenmitglieder: diejenigen, die Teil der Gruppe sind,<\/p>\n\n\n\n<p>f. Vereinbarter Preis: die Verg\u00fctung, die f\u00fcr die Nutzung der Gruppenunterkunft bezahlt wird, wobei schriftlich angegeben sein muss, was im Preis inbegriffen ist,<\/p>\n\n\n\n<p>g. Kosten: alle Kosten des Unternehmers im Zusammenhang mit der Betreibung des Tourismusunternehmens,<\/p>\n\n\n\n<p>h. Informationen: schriftliche oder elektronische Informationen zur Nutzung der Gruppenunterkunft, Einrichtungen und zu den Aufenthaltsregeln,<\/p>\n\n\n\n<p>i. Stornierung: die schriftliche Beendigung des Vertrages durch den Vertragspartner vor dem Eingangsdatum des Aufenthalts.<\/p>\n\n\n\n<p><strong>Artikel 2: Vertragsgegenstand<\/strong><\/p>\n\n\n\n<p>1. Der Unternehmer stellt der Gruppe zu Urlaubs- und\/oder Gesch\u00e4ftszwecken und somit nicht zur dauerhaften Bewohnung die vereinbarte Gruppenunterkunft im vereinbarten Zeitraum und zum vereinbarten Preis zur Verf\u00fcgung.<\/p>\n\n\n\n<p>2. Der Unternehmer ist verpflichtet, dem Vertragspartner vorab schriftliche Informationen zu erteilen, auf deren Grundlage der Vertrag geschlossen wird. Der Unternehmer teilt \u00c4nderungen rechtzeitig schriftlich an den Vertragspartner mit.<\/p>\n\n\n\n<p>3. Wenn sich diese Informationen grundlegend von den Informationen bei Vertragsabschluss unterscheiden, kann der Vertragspartner den Vertrag kostenlos aufl\u00f6sen.<\/p>\n\n\n\n<p>4. Der Vertragspartner ist verpflichtet, die Vertragsbestimmungen und Regeln in den zugeh\u00f6rigen Informationen zu befolgen. Er sorgt daf\u00fcr, dass die Gruppenmitglieder die Vertragsbestimmungen und Regeln in den zugeh\u00f6rigen Informationen befolgen.<\/p>\n\n\n\n<p>5. Der Unternehmer geht davon aus, dass der Vertragspartner den Vertrag mit Zustimmung der Gruppenmitglieder abschlie\u00dft.<\/p>\n\n\n\n<p><strong>Artikel 3: Dauer und Ende des Vertrages<\/strong><\/p>\n\n\n\n<p>Der Vertrag endet von Rechts wegen nach Ablauf des vereinbarten Zeitraums, ohne dass hierzu eine K\u00fcndigung erforderlich ist.<\/p>\n\n\n\n<p><strong>Artikel 4: Preis und Preis\u00e4nderung<\/strong><\/p>\n\n\n\n<p>1. Der Preis wurde auf der Grundlage der zum betreffenden Zeitpunkt geltenden Tarife vereinbart, die vom Unternehmer festgesetzt werden.<\/p>\n\n\n\n<p>2. Wenn nach der Festsetzung des vereinbarten Preises aufgrund steigender Belastungen seitens des Unternehmers zus\u00e4tzliche Kosten infolge einer \u00c4nderung von Steuern und\/oder Abgaben entstehen, die sich direkt auf die Unterkunft oder den Vertragspartner und\/oder die Gruppenmitglieder beziehen, k\u00f6nnen diese auch nach Vertragsabschluss an den Vertragspartner weiterberechnet werden.<\/p>\n\n\n\n<p><strong>Artikel 5: Bezahlung<\/strong><\/p>\n\n\n\n<p>1. Der Vertragspartner muss die Zahlungen in Euro leisten, es sei denn, es wurde eine andere Vereinbarung getroffen.<\/p>\n\n\n\n<p>2. Nach der Reservierung erh\u00e4lt der Vertragspartner eine schriftliche oder elektronische Best\u00e4tigung. Nach der Pr\u00fcfung der Richtigkeit der Rechnungsdaten muss ein unterzeichnetes Exemplar an den Unternehmer zur\u00fcckgesandt oder per E-Mail best\u00e4tigt werden. Auch wenn innerhalb 7 Tagen keine Reaktion ist der Reservierung rechtsg\u00fcltig, so wie auch nach Zahlung von der Erste Termin.<\/p>\n\n\n\n<p>3. Die Zahlungsfristen lauten, wenn keine andere Vereinbarung getroffen wurde, wie folgt: Die erste Zahlung in H\u00f6he von 50 % des vereinbarten Gesamtpreises muss innerhalb von 7 Tagen nach der Reservierung geleistet werden. Die zweite Rate muss sp\u00e4testens vier Wochen vor Ankunft eingegangen sein.<\/p>\n\n\n\n<p>4. Die Kaution wird der Unternehmer per Bank\u00fcberweisung an den Vertragspartner zur\u00fcck\u00fcberweisen, abz\u00fcglich der offenen Posten. Dies wird sp\u00e4testens innerhalb von f\u00fcnf Werktagen nach der Abreise erfolgen, wenn keine andere Vereinbarung getroffen wurde.<\/p>\n\n\n\n<p>5. Wenn der Vertragspartner trotz vorheriger schriftlicher Aufforderung seiner Zahlungsverpflichtung nicht oder nicht ordnungsgem\u00e4\u00df innerhalb einer Frist von zwei Wochen nach der schriftlichen oder elektronischen Aufforderung nachkommt, ist der Unternehmer berechtigt, den Vertrag mit sofortiger Wirkung aufzul\u00f6sen, unbeschadet des Rechts des Unternehmers auf Zahlung des gesamten vereinbarten Preises.<\/p>\n\n\n\n<p>6. Wenn der Unternehmer am Tag der Ankunft nicht im Besitz des gesamten geschuldeten Betrages ist, ist er berechtigt, dem Vertragspartner und den Gruppenmitgliedern den Zugang zur Gruppenunterkunft zu verweigern, unbeschadet des Rechts des Unternehmers auf Zahlung des gesamten vereinbarten Preises.<\/p>\n\n\n\n<p>7. Die vom Unternehmer vern\u00fcnftigerweise aufgewendeten au\u00dfergerichtlichen Kosten nach einer Inverzugsetzung gehen zulasten des Vertragspartners. Wenn der Gesamtbetrag nicht rechtzeitig entrichtet wurde, werden nach einer schriftlichen Aufforderung die gesetzlichen Zinsen \u00fcber den noch offenen Betrag in Rechnung gestellt werden.<\/p>\n\n\n\n<p><strong>Artikel 6: Stornierung<\/strong><\/p>\n\n\n\n<p>1. Bei einer Stornierung zahlt der Vertragspartner eine Verg\u00fctung an den Unternehmer. Diese betr\u00e4gt:<\/p>\n\n\n\n<p>&#8211; bei Stornierung bis sechs Monate vor dem Eingangsdatum, 25 % des vereinbarten Mietsumme,<\/p>\n\n\n\n<p>&#8211; bei Stornierung bis vier Monate vor dem Eingangsdatum, 50 % des vereinbarten&nbsp;Mietsumme,<\/p>\n\n\n\n<p>&#8211; bei Stornierung bis zwei Monate vor dem Eingangsdatum, 75 % des vereinbarten&nbsp;Mietsumme,<\/p>\n\n\n\n<p>&#8211; bei Stornierung innerhalb von zwei Monaten vor dem Eingangsdatum, 90 % des vereinbarten&nbsp;Mietsumme,<\/p>\n\n\n\n<p>&#8211; bei Stornierung am oder nach dem Eingangsdatum, 100 % des totale vereinbarten Preises.<\/p>\n\n\n\n<p>2. Der Abschluss einer Reiser\u00fccktrittsversicherung wird empfohlen. Der Vertragspartner muss selbst f\u00fcr eine entsprechende Versicherung sorgen.<\/p>\n\n\n\n<p><strong>Artikel 7: Gebrauch durch Dritte<\/strong><\/p>\n\n\n\n<p>1. Die Nutzung der Gruppenunterkunft durch Dritte ist nur mit vorheriger schriftlicher Zustimmung des Unternehmers gestattet.<\/p>\n\n\n\n<p>2. An diese Zustimmung k\u00f6nnen Bedingungen gekn\u00fcpft werden, welche vorab schriftlich festgehalten werden m\u00fcssen.<\/p>\n\n\n\n<p><strong>Artikel 8: Vorzeitige Abreise des Vertragspartners<\/strong><\/p>\n\n\n\n<p>Der Vertragspartner schuldet den gesamten Preis \u00fcber den vereinbarten Zeitraum.<\/p>\n\n\n\n<p><strong>Artikel 9: Zwischenzeitliche Beendigung durch den Unternehmer und R\u00e4umung bei einem nachweislichen Vers\u00e4umnis und\/oder einer unrechtm\u00e4\u00dfigen Handlung<\/strong><\/p>\n\n\n\n<p>1. Der Unternehmer kann den Vertrag mit sofortiger Wirkung k\u00fcndigen:<\/p>\n\n\n\n<p>a. wenn der Vertragspartner und\/oder die Gruppenmitglieder den Verpflichtungen aus dem Vertrag, den Regeln aus den zugeh\u00f6rigen Informationen und\/oder beh\u00f6rdlichen Vorschriften trotz vorheriger schriftlicher und\/oder m\u00fcndlicher Warnung nicht oder nicht ordnungsgem\u00e4\u00df nachkommen und zwar in solchem Ma\u00dfe, dass nach Ma\u00dfst\u00e4ben der Redlichkeit und Billigkeit vom Unternehmer nicht verlangt werden kann, den Vertrag fortzusetzen,<\/p>\n\n\n\n<p>b. wenn der Vertragspartner und\/oder die Gruppenmitglieder trotz vorheriger schriftlicher und\/oder m\u00fcndlicher Warnung den Unternehmer und\/oder andere st\u00f6ren oder wenn der Vertragspartner und\/oder die Gruppenmitglieder die gute Atmosph\u00e4re auf dem Gel\u00e4nde oder in der unmittelbaren Nachbarschaft verderben,<\/p>\n\n\n\n<p>c. wenn der Vertragspartner und\/oder die Gruppenmitglieder trotz vorheriger Warnung durch Nutzung der Gruppenunterkunft im Widerspruch zu den Bestimmungen des Gel\u00e4ndes handeln.<\/p>\n\n\n\n<p>2. Wenn der Unternehmer eine zwischenzeitliche K\u00fcndigung und R\u00e4umung w\u00fcnscht, muss er den Vertragspartner in einem pers\u00f6nlich ausgeh\u00e4ndigten Schreiben hier\u00fcber in Kenntnis setzen. Die schriftliche Warnung kann in dringenden F\u00e4llen ausbleiben.<\/p>\n\n\n\n<p>3. Nach der K\u00fcndigung muss der Vertragspartner daf\u00fcr sorgen, dass die Gruppenunterkunft ger\u00e4umt und die Gruppe oder die betreffenden Gruppenmitglieder das Gel\u00e4nde schnellstm\u00f6glich verlassen haben, jedoch sp\u00e4testens innerhalb von zwei Stunden.<\/p>\n\n\n\n<p>4. Wenn der Vertragspartner die Gruppenunterkunft nicht r\u00e4umt, ist der Unternehmer berechtigt, die Gruppenunterkunft auf Kosten des Vertragspartners zu r\u00e4umen.<\/p>\n\n\n\n<p>5. Der Vertragspartner bleibt grunds\u00e4tzlich verpflichtet, den vereinbarten Preis zu zahlen.<\/p>\n\n\n\n<p><strong>Artikel 10: Gesetze und Vorschriften<\/strong><\/p>\n\n\n\n<p>1. Der Unternehmer sorgt jederzeit daf\u00fcr, dass die Gruppenunterkunft sowohl intern, als auch extern allen Umwelt- und Sicherheitsanforderungen erf\u00fcllt, die von beh\u00f6rdlicher Seite an die Gruppenunterkunft gestellt werden (k\u00f6nnen).<\/p>\n\n\n\n<p>2. Der Vertragspartner und die Gruppenmitglieder sind verpflichtet, alle in der Gruppenunterkunft geltenden Sicherheitsvorschriften zu beachten. Der Vertragspartner und die Gruppenmitglieder sorgen zudem daf\u00fcr, dass Dritte, die sie besuchen und\/oder sich bei ihnen aufhalten, die auf dem Gel\u00e4nde geltenden Sicherheitsvorschriften einhalten.<\/p>\n\n\n\n<p><strong>Artikel 11: Instandhaltung und Anlage<\/strong><\/p>\n\n\n\n<p>1. Der Unternehmer ist verpflichtet, die Gruppenunterkunft und die zentralen Einrichtungen in einem guten Zustand zu halten.<\/p>\n\n\n\n<p>2. die Gruppe ist verpflichtet, die Gruppenunterkunft und das Gel\u00e4nde um die Gruppenunterkunft w\u00e4hrend der Vertragsdauer im selben Zustand zu halten.<\/p>\n\n\n\n<p>3. Es ist dem Vertragspartner und den Gruppenmitgliedern nicht gestattet, auf dem Gel\u00e4nde rund um die Gruppenunterkunft zu graben, B\u00e4ume zu f\u00e4llen, Str\u00e4ucher zu schneiden oder irgendeine andere derartige Aktivit\u00e4t zu unternehmen.<\/p>\n\n\n\n<p><strong>Artikel 12: Haftung<\/strong><\/p>\n\n\n\n<p>1. Die gesetzliche Haftung des Unternehmers f\u00fcr andere Sch\u00e4den als Personensch\u00e4den und Tod sind auf einen H\u00f6chstbetrag von EUR 455.000,00 beschr\u00e4nkt. Der Unternehmer ist verpflichtet, f\u00fcr eine entsprechende Versicherung zu sorgen.<\/p>\n\n\n\n<p>2. Der Unternehmer haftet nicht f\u00fcr einen Unfall, Diebstahl oder Schaden auf seinem Gel\u00e4nde, wenn dieser nicht Folge eines Vers\u00e4umnisses ist, das dem Unternehmer angelastet werden kann.<\/p>\n\n\n\n<p>3. Der Unternehmer haftet nicht f\u00fcr die Folgen extremer Witterungsbedingungen oder anderen Formen h\u00f6herer Gewalt.<\/p>\n\n\n\n<p>4. Der Unternehmer haftet f\u00fcr St\u00f6rungen der Versorgungseinrichtungen, es sei denn, er kann sich auf h\u00f6here Gewalt berufen.<\/p>\n\n\n\n<p>5. Wenn die gemietete Gruppenunterkunft ohne Schuld des Unternehmers vernichtet wurde oder vor\u00fcbergehend unbrauchbar ist, sind der Unternehmer und der Vertragspartner berechtigt, den Vertrag aufzul\u00f6sen. Wenn die Vernichtung der Gruppenunterkunft oder deren vor\u00fcbergehende Unbrauchbarkeit dem Unternehmer anzulasten sind, kann der Vertragspartner Schadensersatz fordern.<\/p>\n\n\n\n<p>6. Der Vertragspartner haftet gegen\u00fcber dem Unternehmer f\u00fcr Sch\u00e4den, die verursacht wurden durch seine eigenen Handlungen und\/oder Unterlassungen oder die (eines) der Gruppenmitglieder, sofern es sich um Sch\u00e4den handelt, die dem Vertragspartner und\/oder den Gruppenmitgliedern (oder einem der Gruppenmitglieder) anzulasten sind.<\/p>\n","protected":false},"excerpt":{"rendered":"<p>Wie bei Ihnen zu Hause gibt es auch staatliche Regelungen. Diese wurden bei der Aufstellung dieser Allgemeinen Gesch\u00e4ftsbedingungen ber\u00fccksichtigt. Diese Regeln k\u00f6nnen sich allerdings \u00e4ndern oder es kann neue Regeln geben, an die Sie und \u201eIn de Vlinderkes\u201c sich halten m\u00fcssen. \u201eIn de Vlinderkes\u201c wird Sie hier\u00fcber soweit wie m\u00f6glich (schriftlich und\/oder \u00fcber die Website) [&hellip;]<\/p>\n","protected":false},"author":1,"featured_media":0,"parent":2069,"menu_order":5,"comment_status":"closed","ping_status":"closed","template":"","meta":{"_acf_changed":false,"footnotes":""},"class_list":["post-2136","page","type-page","status-publish","hentry"],"acf":[],"_links":{"self":[{"href":"https:\/\/indevlinderkes.nl\/de\/wp-json\/wp\/v2\/pages\/2136","targetHints":{"allow":["GET"]}}],"collection":[{"href":"https:\/\/indevlinderkes.nl\/de\/wp-json\/wp\/v2\/pages"}],"about":[{"href":"https:\/\/indevlinderkes.nl\/de\/wp-json\/wp\/v2\/types\/page"}],"author":[{"embeddable":true,"href":"https:\/\/indevlinderkes.nl\/de\/wp-json\/wp\/v2\/users\/1"}],"replies":[{"embeddable":true,"href":"https:\/\/indevlinderkes.nl\/de\/wp-json\/wp\/v2\/comments?post=2136"}],"version-history":[{"count":2,"href":"https:\/\/indevlinderkes.nl\/de\/wp-json\/wp\/v2\/pages\/2136\/revisions"}],"predecessor-version":[{"id":2138,"href":"https:\/\/indevlinderkes.nl\/de\/wp-json\/wp\/v2\/pages\/2136\/revisions\/2138"}],"up":[{"embeddable":true,"href":"https:\/\/indevlinderkes.nl\/de\/wp-json\/wp\/v2\/pages\/2069"}],"wp:attachment":[{"href":"https:\/\/indevlinderkes.nl\/de\/wp-json\/wp\/v2\/media?parent=2136"}],"curies":[{"name":"wp","href":"https:\/\/api.w.org\/{rel}","templated":true}]}}