{"id":2131,"date":"2023-03-22T11:10:54","date_gmt":"2023-03-22T11:10:54","guid":{"rendered":"https:\/\/indevlinderkes.nl\/?page_id=2131"},"modified":"2025-11-20T14:22:59","modified_gmt":"2025-11-20T14:22:59","slug":"angebot","status":"publish","type":"page","link":"https:\/\/indevlinderkes.nl\/de\/reservieren\/angebot\/","title":{"rendered":"Angebot"},"content":{"rendered":"\n<h1 class=\"wp-block-heading\">Angebot<\/h1>\n\n\n\n<p><strong>Angebot!<\/strong><\/p>\n\n\n\n<p>Im Urlaub gerade \u00fcber die Grenze in die Niederl\u00e4nde im sch\u00f6nen Arcen.<br>Genie\u00dfen Sie die sch\u00f6ne Natur, Ruhe, Raum und einander.<br>Zum Beispiel mit der Familie oder mit Freunde.<\/p>\n\n\n\n<p>20 % Rabatt auf den Mietpreis f\u00fcr noch verf\u00fcgbare Zeitr\u00e4ume im Dezember 2025. F\u00fcr den genauen Preis kontaktieren Sie uns bitte per E-Mail unter info@indevlinderkes.nl<\/p>\n\n\n\n<p>Die Preise finden Sie auf dieser Seite unter der \u00dcberschrift &#8222;Reservieren&#8220;.<\/p>\n\n\n\n<p>Wir sind nicht an offensichtliche Fehler oder Irrt\u00fcmer gebunden.<\/p>\n","protected":false},"excerpt":{"rendered":"<p>Angebot Angebot! Im Urlaub gerade \u00fcber die Grenze in die Niederl\u00e4nde im sch\u00f6nen Arcen.Genie\u00dfen Sie die sch\u00f6ne Natur, Ruhe, Raum und einander.Zum Beispiel mit der Familie oder mit Freunde. 20 % Rabatt auf den Mietpreis f\u00fcr noch verf\u00fcgbare Zeitr\u00e4ume im Dezember 2025. F\u00fcr den genauen Preis kontaktieren Sie uns bitte per E-Mail unter info@indevlinderkes.nl Die [&hellip;]<\/p>\n","protected":false},"author":1,"featured_media":0,"parent":2069,"menu_order":4,"comment_status":"closed","ping_status":"closed","template":"","meta":{"_acf_changed":false,"footnotes":""},"class_list":["post-2131","page","type-page","status-publish","hentry"],"acf":[],"_links":{"self":[{"href":"https:\/\/indevlinderkes.nl\/de\/wp-json\/wp\/v2\/pages\/2131","targetHints":{"allow":["GET"]}}],"collection":[{"href":"https:\/\/indevlinderkes.nl\/de\/wp-json\/wp\/v2\/pages"}],"about":[{"href":"https:\/\/indevlinderkes.nl\/de\/wp-json\/wp\/v2\/types\/page"}],"author":[{"embeddable":true,"href":"https:\/\/indevlinderkes.nl\/de\/wp-json\/wp\/v2\/users\/1"}],"replies":[{"embeddable":true,"href":"https:\/\/indevlinderkes.nl\/de\/wp-json\/wp\/v2\/comments?post=2131"}],"version-history":[{"count":3,"href":"https:\/\/indevlinderkes.nl\/de\/wp-json\/wp\/v2\/pages\/2131\/revisions"}],"predecessor-version":[{"id":3690,"href":"https:\/\/indevlinderkes.nl\/de\/wp-json\/wp\/v2\/pages\/2131\/revisions\/3690"}],"up":[{"embeddable":true,"href":"https:\/\/indevlinderkes.nl\/de\/wp-json\/wp\/v2\/pages\/2069"}],"wp:attachment":[{"href":"https:\/\/indevlinderkes.nl\/de\/wp-json\/wp\/v2\/media?parent=2131"}],"curies":[{"name":"wp","href":"https:\/\/api.w.org\/{rel}","templated":true}]}}