{"id":2116,"date":"2023-03-09T09:52:21","date_gmt":"2023-03-09T09:52:21","guid":{"rendered":"https:\/\/indevlinderkes.nl\/umgebung-und-aktivitaten\/zwemmen\/"},"modified":"2023-10-19T09:39:56","modified_gmt":"2023-10-19T09:39:56","slug":"schwimmen","status":"publish","type":"page","link":"https:\/\/indevlinderkes.nl\/de\/umgebung-und-aktivitaten\/schwimmen\/","title":{"rendered":"Schwimmen"},"content":{"rendered":"\n<div class=\"wp-block-columns is-layout-flex wp-container-core-columns-is-layout-9d6595d7 wp-block-columns-is-layout-flex\">\n<div class=\"wp-block-column activity is-layout-flow wp-block-column-is-layout-flow\" style=\"flex-basis:49%\">\n<h2 class=\"wp-block-heading title\">In de Vlinderkes<\/h2>\n\n\n\n<figure class=\"wp-block-image size-full\"><img loading=\"lazy\" decoding=\"async\" width=\"260\" height=\"170\" src=\"https:\/\/indevlinderkes.nl\/wp-content\/uploads\/2023\/03\/zwembad.png\" alt=\"\" class=\"wp-image-626\"\/><\/figure>\n\n\n\n<p>Der Pool ist in unserem privat Garten und ist&nbsp;w\u00e4hrend der Sommermonate auf Anfrage f\u00fcr eine Stunde pro Tag nutzbar. Reservieren ist leider nicht m\u00f6glich.<\/p>\n\n\n\n<p>Es kann sein das ein Tagesteil es nicht nutzbar ist wegen privatgebrauch.<\/p>\n<\/div>\n\n\n\n<div class=\"wp-block-column activity is-layout-flow wp-block-column-is-layout-flow\">\n<h2 class=\"wp-block-heading\">De Berckt<\/h2>\n\n\n\n<p>Schwimmparadies, Baarlo NL<\/p>\n\n\n\n<p class=\"readmore btn\"><a href=\"https:\/\/www.dagjedeberckt.nl\/\" target=\"_blank\" rel=\"noreferrer noopener\">Weiterlesen &#8230;<\/a><\/p>\n<\/div>\n<\/div>\n\n\n\n<div class=\"wp-block-columns is-layout-flex wp-container-core-columns-is-layout-9d6595d7 wp-block-columns-is-layout-flex\">\n<div class=\"wp-block-column activity is-layout-flow wp-block-column-is-layout-flow\" style=\"flex-basis:49%\">\n<h2 class=\"wp-block-heading\">Thermalbad<\/h2>\n\n\n\n<p>Thermalbad, Arcen NL\/DE<\/p>\n\n\n\n<p>f\u00fcr Behinderten geeignet<\/p>\n\n\n\n<p class=\"readmore btn\"><a href=\"http:\/\/www.thermaalbad.nl\/de\/\" target=\"_blank\" rel=\"noreferrer noopener\">Weiterlesen &#8230;<\/a><\/p>\n<\/div>\n\n\n\n<div class=\"wp-block-column activity is-layout-flow wp-block-column-is-layout-flow\">\n<h2 class=\"wp-block-heading\">Limburgse Peel<\/h2>\n\n\n\n<p>Schwimmparadies, Horst NL<\/p>\n\n\n\n<p class=\"readmore btn\"><a href=\"https:\/\/www.dagjecenterparcs.nl\/limburgsepeel\/NL\/aqua-mundo\" target=\"_blank\" rel=\"noreferrer noopener\">Weiterlesen &#8230;<\/a><\/p>\n<\/div>\n<\/div>\n\n\n\n<div class=\"wp-block-columns is-layout-flex wp-container-core-columns-is-layout-9d6595d7 wp-block-columns-is-layout-flex\">\n<div class=\"wp-block-column activity is-layout-flow wp-block-column-is-layout-flow\" style=\"flex-basis:49%\">\n<h2 class=\"wp-block-heading\">Klein Vink<\/h2>\n\n\n\n<p>Innen Schwimmbad, Arcen NL<\/p>\n\n\n\n<p>f\u00fcr Behinderten geeignet<\/p>\n\n\n\n<p class=\"readmore btn\"><a href=\"https:\/\/www.kleinvink.nl\/het-park\/zwemschool\" target=\"_blank\" rel=\"noreferrer noopener\">Weiterlesen &#8230;<\/a><\/p>\n<\/div>\n\n\n\n<div class=\"wp-block-column activity is-layout-flow wp-block-column-is-layout-flow\">\n<h2 class=\"wp-block-heading\">Meerdal<\/h2>\n\n\n\n<p>Schwimmparadies, Horst NL<\/p>\n\n\n\n<p class=\"readmore btn\"><a href=\"https:\/\/www.dagjecenterparcs.nl\/meerdal\/NL\/aqua-mundo\" target=\"_blank\" rel=\"noreferrer noopener\">Weiterlesen &#8230;<\/a><\/p>\n<\/div>\n<\/div>\n\n\n\n<div class=\"wp-block-columns is-layout-flex wp-container-core-columns-is-layout-9d6595d7 wp-block-columns-is-layout-flex\">\n<div class=\"wp-block-column activity is-layout-flow wp-block-column-is-layout-flow\" style=\"flex-basis:49%\">\n<h2 class=\"wp-block-heading\">Waldfreibad Walbeck<\/h2>\n\n\n\n<p>Schwimmbad,&nbsp;Walbeck Deutschland DE<\/p>\n\n\n\n<p>f\u00fcr Behinderten geeignet<\/p>\n\n\n\n<p class=\"readmore btn\"><a href=\"http:\/\/www.waldfreibad-walbeck.de\/\" target=\"_blank\" rel=\"noreferrer noopener\">Weiterlesen &#8230;<\/a><\/p>\n<\/div>\n<\/div>\n\n\n\n<div class=\"wp-block-columns is-layout-flex wp-container-core-columns-is-layout-9d6595d7 wp-block-columns-is-layout-flex\">\n<div class=\"wp-block-column activity is-layout-flow wp-block-column-is-layout-flow\" style=\"flex-basis:49%\">\n<h2 class=\"wp-block-heading title\">Limburgse Peel<\/h2>\n\n\n\n<p>Tropisch zwemparadijs, Horst NL<\/p>\n\n\n\n<p class=\"readmore btn\"><a href=\"https:\/\/www.centerparcs.nl\/nl-nl\/nederland\/fp_LH_vakantiepark-limburgse-peel\/dagticket\" target=\"_blank\" rel=\"noreferrer noopener\">Lees meer&#8230;<\/a><\/p>\n<\/div>\n\n\n\n<div class=\"wp-block-column activity is-layout-flow wp-block-column-is-layout-flow\">\n<h2 class=\"wp-block-heading title\">Blaue Lagune<\/h2>\n\n\n\n<p>Buitenbad, waterski etc., Wachtendonk Duitsland NL\/DE<\/p>\n\n\n\n<p class=\"readmore btn\"><a href=\"https:\/\/www.blauelagune.de\/\" target=\"_blank\" rel=\"noreferrer noopener\">Lees meer&#8230;<\/a><\/p>\n<\/div>\n<\/div>\n\n\n\n<div class=\"wp-block-columns is-layout-flex wp-container-core-columns-is-layout-9d6595d7 wp-block-columns-is-layout-flex\">\n<div class=\"wp-block-column activity is-layout-flow wp-block-column-is-layout-flow\" style=\"flex-basis:49%\">\n<h2 class=\"wp-block-heading title\">Meerdal<\/h2>\n\n\n\n<p>Schwimmparadies, Horst NL<\/p>\n\n\n\n<p class=\"readmore btn\"><a rel=\"noreferrer noopener\" href=\"https:\/\/www.centerparcs.nl\/nl-nl\/nederland\/fp_MD_vakantiepark-het-meerdal\/dagticket\" target=\"_blank\">Lees meer&#8230;<\/a><\/p>\n\n\n\n<p><\/p>\n\n\n\n<h2 class=\"wp-block-heading\">Wasser Straelen<\/h2>\n\n\n\n<p>Innen Schwimmbad, Straelen Deutschland NL\/DE<\/p>\n\n\n\n<p>f\u00fcr Behinderten geeignet<\/p>\n\n\n\n<p class=\"readmore btn\"><a rel=\"noreferrer noopener\" href=\"http:\/\/www.wasserstraelen.de\/Herzlich_Willkommen.html\" target=\"_blank\">Weiterlesen &#8230;<\/a><\/p>\n\n\n\n<h2 class=\"wp-block-heading\">Leukermeer<\/h2>\n\n\n\n<p>Wasserspa\u00df und Aktivit\u00e4ten, Well NL\/DE<\/p>\n\n\n\n<p class=\"readmore btn\"><a href=\"https:\/\/www.leukermeer.nl\/faciliteiten\" target=\"_blank\" rel=\"noreferrer noopener\">Weiterlesen &#8230;<\/a><\/p>\n<\/div>\n\n\n\n<div class=\"wp-block-column activity is-layout-flow wp-block-column-is-layout-flow\">\n<h2 class=\"wp-block-heading\">De Schatberg<\/h2>\n\n\n\n<p>Innen- und Au\u00dfenbad,&nbsp;Wasserski usw., Sevenum NL\/DE<\/p>\n\n\n\n<p class=\"readmore btn\"><a rel=\"noreferrer noopener\" href=\"http:\/\/www.schatberg.nl\/zwembad\" target=\"_blank\">Weiterlesen &#8230;<\/a><\/p>\n\n\n\n<h2 class=\"wp-block-heading\">Breebronne<\/h2>\n\n\n\n<p>Subtropisch Innenbad<\/p>\n\n\n\n<p>Strandbad, Baarlo NL\/DE<\/p>\n\n\n\n<p class=\"readmore btn\"><a rel=\"noreferrer noopener\" href=\"http:\/\/www.breebronne.nl\/de\/\" target=\"_blank\">Weiterlesen &#8230;<\/a><\/p>\n\n\n\n<h2 class=\"wp-block-heading\">Blaue Lagune<\/h2>\n\n\n\n<p>Schwimmbad, Wasserski usw., Wachtendonk Deutschland NL\/DE<\/p>\n\n\n\n<p class=\"readmore btn\"><a href=\"http:\/\/www.blauelagune.de\/\" target=\"_blank\" rel=\"noreferrer noopener\">Weiterlesen &#8230;<\/a><\/p>\n<\/div>\n<\/div>\n","protected":false},"excerpt":{"rendered":"<p>In de Vlinderkes Der Pool ist in unserem privat Garten und ist&nbsp;w\u00e4hrend der Sommermonate auf Anfrage f\u00fcr eine Stunde pro Tag nutzbar. Reservieren ist leider nicht m\u00f6glich. Es kann sein das ein Tagesteil es nicht nutzbar ist wegen privatgebrauch. De Berckt Schwimmparadies, Baarlo NL Weiterlesen &#8230; Thermalbad Thermalbad, Arcen NL\/DE f\u00fcr Behinderten geeignet Weiterlesen &#8230; [&hellip;]<\/p>\n","protected":false},"author":1,"featured_media":0,"parent":2038,"menu_order":0,"comment_status":"closed","ping_status":"closed","template":"omgeving-activiteiten.php","meta":{"_acf_changed":false,"footnotes":""},"class_list":["post-2116","page","type-page","status-publish","hentry"],"acf":[],"_links":{"self":[{"href":"https:\/\/indevlinderkes.nl\/de\/wp-json\/wp\/v2\/pages\/2116","targetHints":{"allow":["GET"]}}],"collection":[{"href":"https:\/\/indevlinderkes.nl\/de\/wp-json\/wp\/v2\/pages"}],"about":[{"href":"https:\/\/indevlinderkes.nl\/de\/wp-json\/wp\/v2\/types\/page"}],"author":[{"embeddable":true,"href":"https:\/\/indevlinderkes.nl\/de\/wp-json\/wp\/v2\/users\/1"}],"replies":[{"embeddable":true,"href":"https:\/\/indevlinderkes.nl\/de\/wp-json\/wp\/v2\/comments?post=2116"}],"version-history":[{"count":5,"href":"https:\/\/indevlinderkes.nl\/de\/wp-json\/wp\/v2\/pages\/2116\/revisions"}],"predecessor-version":[{"id":3000,"href":"https:\/\/indevlinderkes.nl\/de\/wp-json\/wp\/v2\/pages\/2116\/revisions\/3000"}],"up":[{"embeddable":true,"href":"https:\/\/indevlinderkes.nl\/de\/wp-json\/wp\/v2\/pages\/2038"}],"wp:attachment":[{"href":"https:\/\/indevlinderkes.nl\/de\/wp-json\/wp\/v2\/media?parent=2116"}],"curies":[{"name":"wp","href":"https:\/\/api.w.org\/{rel}","templated":true}]}}