{"id":2114,"date":"2023-03-09T09:52:12","date_gmt":"2023-03-09T09:52:12","guid":{"rendered":"https:\/\/indevlinderkes.nl\/umgebung-und-aktivitaten\/zorggroepen\/"},"modified":"2023-12-14T14:40:38","modified_gmt":"2023-12-14T14:40:38","slug":"pflege-gruppen","status":"publish","type":"page","link":"https:\/\/indevlinderkes.nl\/de\/umgebung-und-aktivitaten\/pflege-gruppen\/","title":{"rendered":"Pflege gruppen"},"content":{"rendered":"\n<div class=\"wp-block-columns is-layout-flex wp-container-core-columns-is-layout-9d6595d7 wp-block-columns-is-layout-flex\">\n<div class=\"wp-block-column activity is-layout-flow wp-block-column-is-layout-flow\">\n<h2 class=\"wp-block-heading title\">Pflege-gruppen<\/h2>\n\n\n\n<figure class=\"wp-block-image size-full\"><a href=\"https:\/\/indevlinderkes.nl\/de\/umgebung-und-aktivitaten\/pflege-gruppen\/457-pflege-gruppen\/\"><img loading=\"lazy\" decoding=\"async\" width=\"260\" height=\"170\" src=\"https:\/\/indevlinderkes.nl\/wp-content\/uploads\/2023\/03\/Rolstoel.jpg\" alt=\"\" class=\"wp-image-627\"\/><\/a><\/figure>\n\n\n\n<p>Auf dieser Seite finden Sie weiterf\u00fchrende Links zu Pflegeorganisationen und geeigneten Freizeitm\u00f6glichkeiten f\u00fcr Reisende mit geistigen oder k\u00f6rperlichen Behinderungen.<\/p>\n\n\n\n<p>F\u00fcr Informationen \u00fcber unsere Unterk\u00fcnfte und deren Ausstattung f\u00fcr Pflege-Gruppen klicken Sie einfach auf das Rollstuhl-Symbol oben rechts.<\/p>\n\n\n\n<p>F\u00fcr die Bereitstellung und Lieferung von Pflegehilfsmitteln, -ger\u00e4ten und Pflegebetten k\u00f6nnen Sie mit den folgenden niederl\u00e4ndischen Organisationen (in unserer Region) Kontakt aufnehmen:<\/p>\n\n\n\n<p><a href=\"http:\/\/www.medicura.nl\/\" target=\"_blank\" rel=\"noreferrer noopener\">Medicura<\/a>&nbsp;(Medizinische Hilfsmittel)<strong>&nbsp;NL<\/strong><\/p>\n\n\n\n<p><a href=\"https:\/\/www.medicura.nl\/zorgwinkels\/zorgwinkel-venlo\/\" target=\"_blank\" rel=\"noreferrer noopener\">klicken Sie hier f\u00fcr Medicura Venlo<\/a><\/p>\n\n\n\n<p><a href=\"http:\/\/www.proteionthuiszorg.nl\/\" target=\"_blank\" rel=\"noreferrer noopener\">Proteion Thuiszorg<\/a>&nbsp;(Heimfplege)<strong>&nbsp;NL<\/strong><\/p>\n\n\n\n<p><a href=\"http:\/\/www.zorgsam.nl\/\" target=\"_blank\" rel=\"noreferrer noopener\">Zorgsam<\/a>&nbsp;(Pflegevermittlung)<strong>&nbsp;NL<\/strong><\/p>\n\n\n\n<p><a href=\"http:\/\/www.comfortzorg.nl\/\" target=\"_blank\" rel=\"noreferrer noopener\">Comfortzorg<\/a>&nbsp;(Pflegevermittlung)<strong>&nbsp;NL<\/strong><\/p>\n\n\n\n<p><a href=\"https:\/\/indevlinderkes.nl\/de\/kontakt\/downloads\/\" target=\"_blank\" rel=\"noreferrer noopener\">Klicken Sie hier<\/a>\u00a0um zum Formular zu gelangen, in dem Sie uns anzeigen k\u00f6nnen, wie die gew\u00fcnschten Pflegebetten in unseren H\u00e4usern positioniert werden sollen.<\/p>\n\n\n\n<p><a href=\"http:\/\/www.uitmetkorting.nl\/informatie\/toegankelijkheid\/\" target=\"_blank\" rel=\"noreferrer noopener\">Uitmetkorting\u00a0<\/a>(Zug\u00e4nglichkeit von Freizeitparke, Tiergarten und\u00a0Musea)\u00a0<strong>\u00a0NL<\/strong><\/p>\n\n\n\n<p>Wiel van Loosbroek spielt gerne&nbsp;f\u00fcr Sie Akkordeon Musik mit Gesang. Telefon 0031-485-38 25 61<\/p>\n<\/div>\n<\/div>\n\n\n\n<p><\/p>\n","protected":false},"excerpt":{"rendered":"<p>Pflege-gruppen Auf dieser Seite finden Sie weiterf\u00fchrende Links zu Pflegeorganisationen und geeigneten Freizeitm\u00f6glichkeiten f\u00fcr Reisende mit geistigen oder k\u00f6rperlichen Behinderungen. F\u00fcr Informationen \u00fcber unsere Unterk\u00fcnfte und deren Ausstattung f\u00fcr Pflege-Gruppen klicken Sie einfach auf das Rollstuhl-Symbol oben rechts. F\u00fcr die Bereitstellung und Lieferung von Pflegehilfsmitteln, -ger\u00e4ten und Pflegebetten k\u00f6nnen Sie mit den folgenden niederl\u00e4ndischen Organisationen [&hellip;]<\/p>\n","protected":false},"author":1,"featured_media":0,"parent":2038,"menu_order":0,"comment_status":"closed","ping_status":"closed","template":"omgeving-activiteiten.php","meta":{"_acf_changed":false,"footnotes":""},"class_list":["post-2114","page","type-page","status-publish","hentry"],"acf":[],"_links":{"self":[{"href":"https:\/\/indevlinderkes.nl\/de\/wp-json\/wp\/v2\/pages\/2114","targetHints":{"allow":["GET"]}}],"collection":[{"href":"https:\/\/indevlinderkes.nl\/de\/wp-json\/wp\/v2\/pages"}],"about":[{"href":"https:\/\/indevlinderkes.nl\/de\/wp-json\/wp\/v2\/types\/page"}],"author":[{"embeddable":true,"href":"https:\/\/indevlinderkes.nl\/de\/wp-json\/wp\/v2\/users\/1"}],"replies":[{"embeddable":true,"href":"https:\/\/indevlinderkes.nl\/de\/wp-json\/wp\/v2\/comments?post=2114"}],"version-history":[{"count":5,"href":"https:\/\/indevlinderkes.nl\/de\/wp-json\/wp\/v2\/pages\/2114\/revisions"}],"predecessor-version":[{"id":3399,"href":"https:\/\/indevlinderkes.nl\/de\/wp-json\/wp\/v2\/pages\/2114\/revisions\/3399"}],"up":[{"embeddable":true,"href":"https:\/\/indevlinderkes.nl\/de\/wp-json\/wp\/v2\/pages\/2038"}],"wp:attachment":[{"href":"https:\/\/indevlinderkes.nl\/de\/wp-json\/wp\/v2\/media?parent=2114"}],"curies":[{"name":"wp","href":"https:\/\/api.w.org\/{rel}","templated":true}]}}