{"id":2094,"date":"2023-03-09T09:50:46","date_gmt":"2023-03-09T09:50:46","guid":{"rendered":"https:\/\/indevlinderkes.nl\/umgebung-und-aktivitaten\/restaurants\/"},"modified":"2024-02-28T13:12:52","modified_gmt":"2024-02-28T13:12:52","slug":"restaurants","status":"publish","type":"page","link":"https:\/\/indevlinderkes.nl\/de\/umgebung-und-aktivitaten\/restaurants\/","title":{"rendered":"Restaurants"},"content":{"rendered":"\n<div class=\"wp-block-columns is-layout-flex wp-container-core-columns-is-layout-9d6595d7 wp-block-columns-is-layout-flex\">\n<div class=\"wp-block-column activity is-layout-flow wp-block-column-is-layout-flow\" style=\"flex-basis:45%\">\n<h2 class=\"wp-block-heading title\">Landhuis de Barones<\/h2>\n\n\n\n<figure class=\"wp-block-image size-full\"><a href=\"https:\/\/landhuisdebarones.nl\" target=\"_blank\" rel=\"noreferrer noopener\"><img loading=\"lazy\" decoding=\"async\" width=\"260\" height=\"170\" src=\"https:\/\/indevlinderkes.nl\/wp-content\/uploads\/2023\/03\/barones.jpg\" alt=\"\" class=\"wp-image-680\"\/><\/a><\/figure>\n\n\n\n<p>Restaurant, Arcen NL<\/p>\n\n\n\n<p class=\"readmore btn\"><a rel=\"noreferrer noopener\" href=\"http:\/\/www.landhuisdebarones.nl\/\" target=\"_blank\">Weiterlesen&#8230;<\/a><\/p>\n<\/div>\n\n\n\n<div class=\"wp-block-column activity is-layout-flow wp-block-column-is-layout-flow\">\n<h2 class=\"wp-block-heading title\">Alanya<\/h2>\n\n\n\n<figure class=\"wp-block-image size-full\"><a href=\"https:\/\/alanyagrillroom-pizzaria-arcen.nl\" target=\"_blank\" rel=\"noreferrer noopener\"><img loading=\"lazy\" decoding=\"async\" width=\"260\" height=\"170\" src=\"https:\/\/indevlinderkes.nl\/wp-content\/uploads\/2023\/03\/alanya.jpg\" alt=\"\" class=\"wp-image-681\"\/><\/a><\/figure>\n\n\n\n<p>Grillroom und Pizzeria, Arcen NL<\/p>\n\n\n\n<p>Reservieren erforderlich, auch zum abhohlen\/besorgen<\/p>\n\n\n\n<p class=\"readmore btn\"><a rel=\"noreferrer noopener\" href=\"https:\/\/www.alanyagrillroom-pizzaria-arcen.nl\/\" target=\"_blank\">Weiterlesen&#8230;<\/a><\/p>\n<\/div>\n<\/div>\n\n\n\n<div class=\"wp-block-columns is-layout-flex wp-container-core-columns-is-layout-9d6595d7 wp-block-columns-is-layout-flex\">\n<div class=\"wp-block-column activity is-layout-flow wp-block-column-is-layout-flow\" style=\"flex-basis:45%\">\n<h2 class=\"wp-block-heading title\">Alt Arce<\/h2>\n\n\n\n<figure class=\"wp-block-image size-full\"><a href=\"https:\/\/altarce.nl\" target=\"_blank\" rel=\"noreferrer noopener\"><img loading=\"lazy\" decoding=\"async\" width=\"260\" height=\"170\" src=\"https:\/\/indevlinderkes.nl\/wp-content\/uploads\/2023\/03\/altarcevoorkant.jpg\" alt=\"\" class=\"wp-image-682\"\/><\/a><\/figure>\n\n\n\n<p>Brasserie mit Terrasse am Flu\u00df, Arcen NL<\/p>\n\n\n\n<p>Reservieren gewunscht.<\/p>\n\n\n\n<p>2. Platz im Terrassen Top 100 Nederland.<\/p>\n\n\n\n<p>f\u00fcr Behinderten geeignet<\/p>\n\n\n\n<p class=\"readmore btn\"><a rel=\"noreferrer noopener\" href=\"https:\/\/altarce.nl\/\" target=\"_blank\">Weiterlesen&#8230;<\/a><\/p>\n<\/div>\n\n\n\n<div class=\"wp-block-column activity is-layout-flow wp-block-column-is-layout-flow\">\n<h2 class=\"wp-block-heading title\">IJssalon Clevers<\/h2>\n\n\n\n<figure class=\"wp-block-image size-full\"><a href=\"https:\/\/clevers.nl\" target=\"_blank\" rel=\"noreferrer noopener\"><img loading=\"lazy\" decoding=\"async\" width=\"260\" height=\"170\" src=\"https:\/\/indevlinderkes.nl\/wp-content\/uploads\/2023\/03\/ijssalonclevers-1.jpg\" alt=\"\" class=\"wp-image-715\"\/><\/a><\/figure>\n\n\n\n<p>Eissalon mit Terrasse am Flu\u00df, Arcen NL<\/p>\n\n\n\n<p>Reservieren nicht m\u00f6glich.<\/p>\n\n\n\n<p>f\u00fcr Behinderten geeignet<\/p>\n\n\n\n<p class=\"readmore btn\"><a href=\"https:\/\/www.clevers.nl\/\" target=\"_blank\" rel=\"noreferrer noopener\">Weiterlesen&#8230;<\/a><\/p>\n<\/div>\n<\/div>\n\n\n\n<div class=\"wp-block-columns is-layout-flex wp-container-core-columns-is-layout-9d6595d7 wp-block-columns-is-layout-flex\">\n<div class=\"wp-block-column activity is-layout-flow wp-block-column-is-layout-flow\" style=\"flex-basis:45%\">\n<h2 class=\"wp-block-heading title\">&#8218;t Zoete genot<\/h2>\n\n\n\n<figure class=\"wp-block-image size-full\"><a href=\"https:\/\/zoetegenot.nl\" target=\"_blank\" rel=\"noreferrer noopener\"><img loading=\"lazy\" decoding=\"async\" width=\"260\" height=\"170\" src=\"https:\/\/indevlinderkes.nl\/wp-content\/uploads\/2023\/03\/tzoetegenot.jpg\" alt=\"\" class=\"wp-image-685\"\/><\/a><\/figure>\n\n\n\n<p>Lunchroom und Fr\u00fchst\u00fcck, Arcen NL<\/p>\n\n\n\n<p>Reservieren gewunscht.<\/p>\n\n\n\n<p>40. Platz Terrassen Top 100 Nederland.<\/p>\n\n\n\n<p>f\u00fcr Behinderten geeignet<\/p>\n\n\n\n<p class=\"readmore btn\"><a rel=\"noreferrer noopener\" href=\"https:\/\/zoetegenot.nl\/\" target=\"_blank\">Weiterlesen&#8230;<\/a><\/p>\n<\/div>\n\n\n\n<div class=\"wp-block-column activity is-layout-flow wp-block-column-is-layout-flow\">\n<h2 class=\"wp-block-heading title\">Restaurant Sjef<\/h2>\n\n\n\n<figure class=\"wp-block-image size-full\"><a href=\"https:\/\/restaurantsjef.nl\" target=\"_blank\" rel=\"noreferrer noopener\"><img loading=\"lazy\" decoding=\"async\" width=\"260\" height=\"170\" src=\"https:\/\/indevlinderkes.nl\/wp-content\/uploads\/2023\/03\/sjef.jpg\" alt=\"\" class=\"wp-image-687\"\/><\/a><\/figure>\n\n\n\n<p>All you can eat und a la carte, Arcen NL<\/p>\n\n\n\n<p>Reservieren erforderlich.<\/p>\n\n\n\n<p>f\u00fcr Behinderten geeignet<\/p>\n\n\n\n<p class=\"readmore btn\"><a rel=\"noreferrer noopener\" href=\"https:\/\/www.restaurantsjef.nl\/\" target=\"_blank\">Weiterlesen&#8230;<\/a><\/p>\n<\/div>\n<\/div>\n\n\n\n<div class=\"wp-block-columns is-layout-flex wp-container-core-columns-is-layout-9d6595d7 wp-block-columns-is-layout-flex\">\n<div class=\"wp-block-column activity is-layout-flow wp-block-column-is-layout-flow\" style=\"flex-basis:45%\">\n<h2 class=\"wp-block-heading title\">De Bosrand<\/h2>\n\n\n\n<figure class=\"wp-block-image size-full\"><a href=\"https:\/\/debosrandarcen.nl\" target=\"_blank\" rel=\"noreferrer noopener\"><img loading=\"lazy\" decoding=\"async\" width=\"260\" height=\"170\" src=\"https:\/\/indevlinderkes.nl\/wp-content\/uploads\/2023\/03\/bosrandbuiten.jpg\" alt=\"\" class=\"wp-image-686\"\/><\/a><\/figure>\n\n\n\n<p>Pfannkuchen und Minigolf, Arcen NL<\/p>\n\n\n\n<p>Reservieren nicht m\u00f6glich<\/p>\n\n\n\n<p>f\u00fcr Behinderten geeignet<\/p>\n\n\n\n<p class=\"readmore btn\"><a rel=\"noreferrer noopener\" href=\"https:\/\/www.debosrandarcen.nl\/\" target=\"_blank\">Weiterlesen&#8230;<\/a><\/p>\n<\/div>\n\n\n\n<div class=\"wp-block-column activity is-layout-flow wp-block-column-is-layout-flow\">\n<h2 class=\"wp-block-heading title\">Hertog Jan Proeverij<\/h2>\n\n\n\n<figure class=\"wp-block-image size-full\"><a href=\"https:\/\/hertogjanproeverij.nl\" target=\"_blank\" rel=\"noreferrer noopener\"><img loading=\"lazy\" decoding=\"async\" width=\"260\" height=\"170\" src=\"https:\/\/indevlinderkes.nl\/wp-content\/uploads\/2023\/03\/hertogjanproeverij.jpg\" alt=\"\" class=\"wp-image-620\"\/><\/a><\/figure>\n\n\n\n<p>Buffett&nbsp;und menu&#8217;s f\u00fcr Gruppen usw., Arcen NL<\/p>\n\n\n\n<p>Diner und lunch, reservieren gewunscht<\/p>\n\n\n\n<p>43. Platz Cafe Top 100 Nederland.<\/p>\n\n\n\n<p class=\"readmore btn\"><a rel=\"noreferrer noopener\" href=\"https:\/\/www.hertogjanproeverij.nl\/\" target=\"_blank\">Weiterlesen&#8230;<\/a><\/p>\n<\/div>\n<\/div>\n\n\n\n<div class=\"wp-block-columns is-layout-flex wp-container-core-columns-is-layout-9d6595d7 wp-block-columns-is-layout-flex\">\n<div class=\"wp-block-column activity is-layout-flow wp-block-column-is-layout-flow\" style=\"flex-basis:45%\">\n<h2 class=\"wp-block-heading title\">Arcense Herberg<\/h2>\n\n\n\n<figure class=\"wp-block-image size-full\"><a href=\"https:\/\/arcenseherberg.nl\" target=\"_blank\" rel=\"noreferrer noopener\"><img loading=\"lazy\" decoding=\"async\" width=\"260\" height=\"170\" src=\"https:\/\/indevlinderkes.nl\/wp-content\/uploads\/2023\/03\/arcenseherberg.jpg\" alt=\"\" class=\"wp-image-690\"\/><\/a><\/figure>\n\n\n\n<p>Restaurant,&nbsp;Arcen NL<\/p>\n\n\n\n<p>Lunch&nbsp;und Diner, reservieren gewunscht.<\/p>\n\n\n\n<p class=\"readmore btn\"><a rel=\"noreferrer noopener\" href=\"https:\/\/arcenseherberg.nl\/\" target=\"_blank\">Weiterlesen&#8230;<\/a><\/p>\n<\/div>\n\n\n\n<div class=\"wp-block-column activity is-layout-flow wp-block-column-is-layout-flow\">\n<h2 class=\"wp-block-heading title\">Maasparel<\/h2>\n\n\n\n<figure class=\"wp-block-image size-full\"><a href=\"https:\/\/maasparel.nl\" target=\"_blank\" rel=\"noreferrer noopener\"><img loading=\"lazy\" decoding=\"async\" width=\"260\" height=\"170\" src=\"https:\/\/indevlinderkes.nl\/wp-content\/uploads\/2023\/03\/maasparelterras.jpg\" alt=\"\" class=\"wp-image-691\"\/><\/a><\/figure>\n\n\n\n<p>Hotel restaurant, Arcen NL<\/p>\n\n\n\n<p>reserveren gewenst.<\/p>\n\n\n\n<p>geschikt voor minder validen<\/p>\n\n\n\n<p class=\"readmore btn\"><a rel=\"noreferrer noopener\" href=\"https:\/\/www.maasparel.nl\/\" target=\"_blank\">Weiterlesen&#8230;<\/a><\/p>\n<\/div>\n<\/div>\n\n\n\n<div class=\"wp-block-columns is-layout-flex wp-container-core-columns-is-layout-9d6595d7 wp-block-columns-is-layout-flex\">\n<div class=\"wp-block-column activity is-layout-flow wp-block-column-is-layout-flow\" style=\"flex-basis:45%\">\n<h2 class=\"wp-block-heading title\">Cafetaria &#8218;t Centrum<\/h2>\n\n\n\n<figure class=\"wp-block-image size-full\"><a href=\"https:\/\/smaakvolarcen.nl\" target=\"_blank\" rel=\"noreferrer noopener\"><img loading=\"lazy\" decoding=\"async\" width=\"260\" height=\"170\" src=\"https:\/\/indevlinderkes.nl\/wp-content\/uploads\/2023\/03\/tcentrum2.jpg\" alt=\"\" class=\"wp-image-692\"\/><\/a><\/figure>\n\n\n\n<p>Cafetaria,&nbsp;Arcen NL<\/p>\n\n\n\n<p>Auch zum abhohlen.<\/p>\n\n\n\n<p class=\"readmore btn\"><a rel=\"noreferrer noopener\" href=\"https:\/\/www.smaakvolarcen.nl\/\" target=\"_blank\">Weiterlesen&#8230;<\/a><\/p>\n<\/div>\n\n\n\n<div class=\"wp-block-column activity is-layout-flow wp-block-column-is-layout-flow\">\n<h2 class=\"wp-block-heading\">Etwas weiter<\/h2>\n\n\n\n<p><a href=\"http:\/\/www.jagersrustvelden.nl\/\" target=\"_blank\" rel=\"noreferrer noopener\">Jagersrust&nbsp;<\/a>(Restaurant und Pfannkuchen, Velden)<\/p>\n\n\n\n<p><a href=\"http:\/\/www.bosbrasserieindesluis.nl\/\" target=\"_blank\" rel=\"noreferrer noopener\">Bosbrasserie in de Sluis<\/a>&nbsp;(Restaurant und Besucherszentrum, Well) NL<\/p>\n\n\n\n<p><a href=\"http:\/\/www.sushimivenlo.nl\/\" target=\"_blank\" rel=\"noreferrer noopener\">Sushimi&nbsp;<\/a>(All you can eat sushi &amp; grill restaurant, Venlo) NL<\/p>\n\n\n\n<p><a href=\"https:\/\/www.indewittedame.nl\/\" target=\"_blank\" rel=\"noreferrer noopener\">Steakhouse De Witte Dame<\/a>&nbsp;(Restaurant, Grubbenvorst) NL<\/p>\n\n\n\n<p><a href=\"http:\/\/www.deroodevennen.nl\/\" target=\"_blank\" rel=\"noreferrer noopener\">De Roodevennen<\/a>&nbsp;(Theegarten, Broekhuizen) NL<\/p>\n\n\n\n<p><a href=\"https:\/\/dewellschehut.nl\/\" target=\"_blank\" rel=\"noreferrer noopener\">De Wellsche Hut&nbsp;<\/a>(restaurant, Well) NL\/DE<\/p>\n\n\n\n<p><a href=\"http:\/\/www.tantejet.nl\/\" target=\"_blank\" rel=\"noreferrer noopener\">Tante Jet&nbsp;<\/a>(Fahrschiffhaus, Blitterswijk) NL<\/p>\n\n\n\n<p><a href=\"http:\/\/genuujerie.nl\/\" target=\"_blank\" rel=\"noreferrer noopener\">Genuujerie&nbsp;<\/a>(Kaffee\/lunch, versorgd durch&nbsp;Geistig Behinderten&nbsp;in Venlo) NL<\/p>\n<\/div>\n<\/div>\n\n\n\n<div class=\"wp-block-columns is-layout-flex wp-container-core-columns-is-layout-9d6595d7 wp-block-columns-is-layout-flex\">\n<div class=\"wp-block-column activity is-layout-flow wp-block-column-is-layout-flow\" style=\"flex-basis:45%\">\n<h2 class=\"wp-block-heading title\">Hotel Arcen<\/h2>\n\n\n\n<figure class=\"wp-block-image size-full\"><a href=\"https:\/\/hotelarcen.nl\/restaurant\/\" target=\"_blank\" rel=\"noreferrer noopener\"><img loading=\"lazy\" decoding=\"async\" width=\"260\" height=\"170\" src=\"https:\/\/indevlinderkes.nl\/wp-content\/uploads\/2023\/03\/deoudehoeve.jpg\" alt=\"\" class=\"wp-image-693\"\/><\/a><\/figure>\n\n\n\n<p>Restaurant,&nbsp;Arcen NL<\/p>\n\n\n\n<p>Reservieren gewunscht.<\/p>\n\n\n\n<p class=\"readmore btn\"><a rel=\"noreferrer noopener\" href=\"https:\/\/hotelarcen.nl\/restaurant\/\" target=\"_blank\">Weiterlesen&#8230;<\/a><\/p>\n<\/div>\n\n\n\n<div class=\"wp-block-column activity is-layout-flow wp-block-column-is-layout-flow\">\n<h2 class=\"wp-block-heading\">Gerade \u00fcber die Grense<\/h2>\n\n\n\n<p><a href=\"http:\/\/pizza-yildiz.de\/\" target=\"_blank\" rel=\"noreferrer noopener\">pizza-yildiz<\/a>&nbsp;(Pizza usw. liefert auch in Arcen) DE<\/p>\n\n\n\n<p><a href=\"http:\/\/www.pizzeriacalimero-straelen.de\/\"><\/a><a href=\"http:\/\/www.pizzeriacalimero-straelen.de\/\" target=\"_blank\" rel=\"noreferrer noopener\">pizzeria calimero<\/a>&nbsp;(Pizza usw. liefert auch in Arcen) DE<\/p>\n\n\n\n<p><a href=\"http:\/\/www.haus-eyckmann.de\/\" target=\"_blank\" rel=\"noreferrer noopener\">Haus Eyckmann&nbsp;<\/a>(Restaurant\/Schnitzel, Walbeck) DE<\/p>\n\n\n\n<p><a href=\"http:\/\/www.hausdeckers.de\/\" target=\"_blank\" rel=\"noreferrer noopener\">Haus Deckers<\/a>&nbsp;(Hotel\/Restaurant, Walbeck) DE<\/p>\n\n\n\n<p><a href=\"http:\/\/www.zum-muehlenhof.de\/\" target=\"_blank\" rel=\"noreferrer noopener\">Zum Muehlenhof<\/a>&nbsp;(Restaurant, Walbeck) DE<\/p>\n\n\n\n<p><a href=\"http:\/\/www.straelenerhof.de\/\" target=\"_blank\" rel=\"noreferrer noopener\">Straelenerhof&nbsp;<\/a>(Restaurant, Straelen) DE<\/p>\n\n\n\n<p><a href=\"http:\/\/artemis-straelen.npage.de\/\" target=\"_blank\" rel=\"noreferrer noopener\">Restaurant Artemis<\/a>&nbsp;(Griechisches restaurant, Straelen) DE<\/p>\n\n\n\n<p><a href=\"http:\/\/www.elpaso-straelen.de\/\" target=\"_blank\" rel=\"noreferrer noopener\">El Paso<\/a>&nbsp;(Restaurant, Straelen) DE&nbsp;&nbsp;<\/p>\n\n\n\n<p><a href=\"http:\/\/siegburger.de\/\" target=\"_blank\" rel=\"noreferrer noopener\">Siegburger&nbsp;<\/a>(Gasthof, Straelen) DE<\/p>\n\n\n\n<p><a href=\"http:\/\/www.tasteindia.de\/\" target=\"_blank\" rel=\"noreferrer noopener\">Taste India<\/a>&nbsp;(Restaurant, Straelen) DE<\/p>\n\n\n\n<p><a href=\"http:\/\/www.landgasthaus-zum-paradies.de\/\" target=\"_blank\" rel=\"noreferrer noopener\">Landgasthaus zum Paradies&nbsp;<\/a>(Restaurant, Straelen) DE<\/p>\n\n\n\n<p><a href=\"http:\/\/www.cafe-zum-schafstall.de\/\" target=\"_blank\" rel=\"noreferrer noopener\">Cafe zum Schafstall<\/a>&nbsp;(Restaurant, Kevelaer) DE<\/p>\n\n\n\n<p><a href=\"http:\/\/www.restaurant-lindenstuben.de\/\" target=\"_blank\" rel=\"noreferrer noopener\">Restaurant Lindenstuben&nbsp;<\/a>(Restaurant, Geldern) DE<\/p>\n\n\n\n<p><a href=\"http:\/\/www.seepark.de\/\" target=\"_blank\" rel=\"noreferrer noopener\">Seepark&nbsp;<\/a>(Restaurant, Geldern) DE<\/p>\n\n\n\n<p><a href=\"http:\/\/www.feinrheinisch.de\/\" target=\"_blank\" rel=\"noreferrer noopener\">Zum Lueneboerger<\/a>&nbsp;(Restaurant und Kegelbahn, Geldern) DE<\/p>\n<\/div>\n<\/div>\n\n\n\n<div class=\"wp-block-columns is-layout-flex wp-container-core-columns-is-layout-9d6595d7 wp-block-columns-is-layout-flex\">\n<div class=\"wp-block-column activity is-layout-flow wp-block-column-is-layout-flow\" style=\"flex-basis:45%\">\n<h2 class=\"wp-block-heading title\">Koetshuys<\/h2>\n\n\n\n<p>Brasserie,&nbsp;Kastelgarten Arcen NL<\/p>\n\n\n\n<p>f\u00fcr behinderten geeignet<\/p>\n\n\n\n<p class=\"readmore btn\"><a href=\"https:\/\/www.kasteeltuinen.nl\/nl\/plan-uw-bezoek\/eten-en-drinken\/koetshuys\/\" target=\"_blank\" rel=\"noreferrer noopener\">Lees meer&#8230;<\/a><\/p>\n<\/div>\n<\/div>\n","protected":false},"excerpt":{"rendered":"<p>Landhuis de Barones Restaurant, Arcen NL Weiterlesen&#8230; Alanya Grillroom und Pizzeria, Arcen NL Reservieren erforderlich, auch zum abhohlen\/besorgen Weiterlesen&#8230; Alt Arce Brasserie mit Terrasse am Flu\u00df, Arcen NL Reservieren gewunscht. 2. Platz im Terrassen Top 100 Nederland. f\u00fcr Behinderten geeignet Weiterlesen&#8230; IJssalon Clevers Eissalon mit Terrasse am Flu\u00df, Arcen NL Reservieren nicht m\u00f6glich. f\u00fcr Behinderten [&hellip;]<\/p>\n","protected":false},"author":1,"featured_media":0,"parent":2038,"menu_order":0,"comment_status":"closed","ping_status":"closed","template":"","meta":{"_acf_changed":false,"footnotes":""},"class_list":["post-2094","page","type-page","status-publish","hentry"],"acf":[],"_links":{"self":[{"href":"https:\/\/indevlinderkes.nl\/de\/wp-json\/wp\/v2\/pages\/2094","targetHints":{"allow":["GET"]}}],"collection":[{"href":"https:\/\/indevlinderkes.nl\/de\/wp-json\/wp\/v2\/pages"}],"about":[{"href":"https:\/\/indevlinderkes.nl\/de\/wp-json\/wp\/v2\/types\/page"}],"author":[{"embeddable":true,"href":"https:\/\/indevlinderkes.nl\/de\/wp-json\/wp\/v2\/users\/1"}],"replies":[{"embeddable":true,"href":"https:\/\/indevlinderkes.nl\/de\/wp-json\/wp\/v2\/comments?post=2094"}],"version-history":[{"count":6,"href":"https:\/\/indevlinderkes.nl\/de\/wp-json\/wp\/v2\/pages\/2094\/revisions"}],"predecessor-version":[{"id":3511,"href":"https:\/\/indevlinderkes.nl\/de\/wp-json\/wp\/v2\/pages\/2094\/revisions\/3511"}],"up":[{"embeddable":true,"href":"https:\/\/indevlinderkes.nl\/de\/wp-json\/wp\/v2\/pages\/2038"}],"wp:attachment":[{"href":"https:\/\/indevlinderkes.nl\/de\/wp-json\/wp\/v2\/media?parent=2094"}],"curies":[{"name":"wp","href":"https:\/\/api.w.org\/{rel}","templated":true}]}}