{"id":2069,"date":"2023-02-28T09:48:33","date_gmt":"2023-02-28T09:48:33","guid":{"rendered":"https:\/\/indevlinderkes.nl\/reserveren\/"},"modified":"2023-10-19T08:44:46","modified_gmt":"2023-10-19T08:44:46","slug":"reservieren","status":"publish","type":"page","link":"https:\/\/indevlinderkes.nl\/de\/reservieren\/","title":{"rendered":"Reservieren"},"content":{"rendered":"\n<h2 class=\"wp-block-heading title\">Reservieren<\/h2>\n\n\n\n<p>M\u00f6chten sie eine Reservierung machen? Oder einfach nur weitere Informationen \u00fcber die M\u00f6glichkeiten unserer Unterk\u00fcnfte bekommen?&nbsp; Anrufen kann: <a href=\"tel:+31773743131\">+31 77 374 31 31<\/a> oder e-mail:&nbsp;<a href=\"mailto:info@indevlinderkes.nl\">info@indevlinderkes.nl<\/a>.<\/p>\n\n\n\n<p>F\u00fcr sehr dringende Fragen ist unser Handynummer <a href=\"tel:+31682070992\">0031-6-820 70 992<\/a><\/p>\n\n\n\n<p>Die Verf\u00fcgbarkeit unserer Unterkunften finden Sie hier:\u00a0<a href=\"https:\/\/indevlinderkes.nl\/de\/reservieren\/kalender-atalanta\/\" data-type=\"page\" data-id=\"2127\">Verf\u00fcgbarkeit Atalanta<\/a>\u00a0&#8211;\u00a0<a href=\"https:\/\/indevlinderkes.nl\/de\/reservieren\/kalender-koninginnepage\/\" data-type=\"page\" data-id=\"2129\">Verf\u00fcgbarkeit Koninginnepage<\/a><\/p>\n\n\n\n<div class=\"wp-block-contact-form-7-contact-form-selector\">\n<div class=\"wpcf7 no-js\" id=\"wpcf7-f2849-o1\" lang=\"de-DE\" dir=\"ltr\" data-wpcf7-id=\"2849\">\n<div class=\"screen-reader-response\"><p role=\"status\" aria-live=\"polite\" aria-atomic=\"true\"><\/p> <ul><\/ul><\/div>\n<form action=\"\/de\/wp-json\/wp\/v2\/pages\/2069#wpcf7-f2849-o1\" method=\"post\" class=\"wpcf7-form init\" aria-label=\"Kontaktformular\" novalidate=\"novalidate\" data-status=\"init\">\n<fieldset class=\"hidden-fields-container\"><input type=\"hidden\" name=\"_wpcf7\" value=\"2849\" \/><input type=\"hidden\" name=\"_wpcf7_version\" value=\"6.1.4\" \/><input type=\"hidden\" name=\"_wpcf7_locale\" value=\"de_DE\" \/><input type=\"hidden\" name=\"_wpcf7_unit_tag\" value=\"wpcf7-f2849-o1\" \/><input type=\"hidden\" name=\"_wpcf7_container_post\" value=\"0\" \/><input type=\"hidden\" name=\"_wpcf7_posted_data_hash\" value=\"\" \/><input type=\"hidden\" name=\"_wpcf7_recaptcha_response\" value=\"\" \/>\n<\/fieldset>\n<div class=\"container\">\n\t<div class=\"row g-3\">\n\t\t<div class=\"col-md-6\">\n\t\t\t<p><label class=\"form-label\">Name <span class=\"text-danger\">*<\/span><\/label><br \/>\n<span class=\"wpcf7-form-control-wrap\" data-name=\"first-name\"><input size=\"40\" maxlength=\"400\" class=\"wpcf7-form-control wpcf7-text wpcf7-validates-as-required form-control\" aria-required=\"true\" aria-invalid=\"false\" placeholder=\"Name\" value=\"\" type=\"text\" name=\"first-name\" \/><\/span>\n\t\t\t<\/p>\n\t\t<\/div>\n\t\t<div class=\"col-md-6\">\n\t\t\t<p><label class=\"form-label\">Familienname <span class=\"text-danger\">*<\/span><\/label><br \/>\n<span class=\"wpcf7-form-control-wrap\" data-name=\"last-name\"><input size=\"40\" maxlength=\"400\" class=\"wpcf7-form-control wpcf7-text wpcf7-validates-as-required form-control\" aria-required=\"true\" aria-invalid=\"false\" placeholder=\"Familienname\" value=\"\" type=\"text\" name=\"last-name\" \/><\/span>\n\t\t\t<\/p>\n\t\t<\/div>\n\t\t<div class=\"col-md-6\">\n\t\t\t<p><label class=\"form-label\">Email <span class=\"text-danger\">*<\/span><\/label><br \/>\n<span class=\"wpcf7-form-control-wrap\" data-name=\"your-email\"><input size=\"40\" maxlength=\"400\" class=\"wpcf7-form-control wpcf7-email wpcf7-validates-as-required wpcf7-text wpcf7-validates-as-email form-control\" aria-required=\"true\" aria-invalid=\"false\" placeholder=\"Ihr email addresse\" value=\"\" type=\"email\" name=\"your-email\" \/><\/span>\n\t\t\t<\/p>\n\t\t<\/div>\n\t\t<div class=\"col-md-6\">\n\t\t\t<p><label class=\"form-label\">Telefonnummer <span class=\"text-danger\">*<\/span><\/label><br \/>\n<span class=\"wpcf7-form-control-wrap\" data-name=\"phone\"><input size=\"40\" maxlength=\"400\" class=\"wpcf7-form-control wpcf7-tel wpcf7-validates-as-required wpcf7-text wpcf7-validates-as-tel form-control\" aria-required=\"true\" aria-invalid=\"false\" placeholder=\"Telefonnummer\" value=\"\" type=\"tel\" name=\"phone\" \/><\/span>\n\t\t\t<\/p>\n\t\t<\/div>\n\t\t<div class=\"col-12\">\n\t\t\t<p><label class=\"form-label\">Fragen \/ W\u00fcnsche \/ Information <span class=\"text-danger\">*<\/span><\/label><br \/>\n<span class=\"wpcf7-form-control-wrap\" data-name=\"opmerkingen\"><textarea cols=\"40\" rows=\"10\" maxlength=\"2000\" class=\"wpcf7-form-control wpcf7-textarea wpcf7-validates-as-required form-control\" aria-required=\"true\" aria-invalid=\"false\" name=\"opmerkingen\"><\/textarea><\/span>\n\t\t\t<\/p>\n\t\t<\/div>\n\t\t<p>Haben Sie einen spezifischen Anforderung f\u00fcr einen Aufenthalt, f\u00fcllen Sie bitte diese Details:\n\t\t<\/p>\n\t\t<div class=\"col-md-6\">\n\t\t\t<p><label class=\"form-label\">Aufenthaltsdauer:<\/label><br \/>\n<span class=\"wpcf7-form-control-wrap\" data-name=\"date-arrival\"><input class=\"wpcf7-form-control wpcf7-date wpcf7-validates-as-date form-control\" aria-invalid=\"false\" value=\"\" type=\"date\" name=\"date-arrival\" \/><\/span>\n\t\t\t<\/p>\n\t\t<\/div>\n\t\t<div class=\"col-md-6\">\n\t\t\t<p><label class=\"form-label\">bis:<\/label><br \/>\n<span class=\"wpcf7-form-control-wrap\" data-name=\"date-departure\"><input class=\"wpcf7-form-control wpcf7-date wpcf7-validates-as-date form-control\" aria-invalid=\"false\" value=\"\" type=\"date\" name=\"date-departure\" \/><\/span>\n\t\t\t<\/p>\n\t\t<\/div>\n\t\t<div class=\"col-md-6\">\n\t\t\t<p><label class=\"form-label\">Gruppe<\/label><br \/>\n<span class=\"wpcf7-form-control-wrap\" data-name=\"group\"><select class=\"wpcf7-form-control wpcf7-select form-control\" aria-invalid=\"false\" name=\"group\"><option value=\"-W\u00e4hlen Sie den Gruppentyp-\">-W\u00e4hlen Sie den Gruppentyp-<\/option><option value=\"Familie\">Familie<\/option><option value=\"Freunde\">Freunde<\/option><option value=\"kollegen\">kollegen<\/option><option value=\"Gruppe mit invaliden personen\">Gruppe mit invaliden personen<\/option><option value=\"Anders\">Anders<\/option><\/select><\/span>\n\t\t\t<\/p>\n\t\t<\/div>\n\t\t<div class=\"col-md-6\">\n\t\t\t<p><label class=\"form-label\">Unterkunft<\/label><br \/>\n<span class=\"wpcf7-form-control-wrap\" data-name=\"accommodatie\"><select class=\"wpcf7-form-control wpcf7-select form-control\" aria-invalid=\"false\" name=\"accommodatie\"><option value=\"-Unterkunft ausw\u00e4hlen-\">-Unterkunft ausw\u00e4hlen-<\/option><option value=\"Atalanta\">Atalanta<\/option><option value=\"Koninginnepage\">Koninginnepage<\/option><option value=\"Beide\">Beide<\/option><\/select><\/span>\n\t\t\t<\/p>\n\t\t<\/div>\n\t\t<div class=\"col-md-6\">\n\t\t\t<p><label class=\"form-label\">Erwachsene<\/label><br \/>\n<span class=\"wpcf7-form-control-wrap\" data-name=\"volwassenen\"><select class=\"wpcf7-form-control wpcf7-select form-control\" aria-invalid=\"false\" name=\"volwassenen\"><option value=\"1\">1<\/option><option value=\"2\">2<\/option><option value=\"3\">3<\/option><option value=\"4\">4<\/option><option value=\"5\">5<\/option><option value=\"6\">6<\/option><option value=\"7\">7<\/option><option value=\"8\">8<\/option><option value=\"9\">9<\/option><option value=\"10\">10<\/option><option value=\"11\">11<\/option><option value=\"12\">12<\/option><option value=\"13\">13<\/option><option value=\"14\">14<\/option><option value=\"15\">15<\/option><option value=\"16\">16<\/option><option value=\"17\">17<\/option><option value=\"18\">18<\/option><\/select><\/span>\n\t\t\t<\/p>\n\t\t<\/div>\n\t\t<div class=\"col-md-6\">\n\t\t\t<p><label class=\"form-label\">Kinder<\/label><br \/>\n<span class=\"wpcf7-form-control-wrap\" data-name=\"kinderen\"><select class=\"wpcf7-form-control wpcf7-select form-control\" aria-invalid=\"false\" name=\"kinderen\"><option value=\"0\">0<\/option><option value=\"1\">1<\/option><option value=\"2\">2<\/option><option value=\"3\">3<\/option><option value=\"4\">4<\/option><option value=\"5\">5<\/option><option value=\"6\">6<\/option><option value=\"7\">7<\/option><option value=\"8\">8<\/option><option value=\"9\">9<\/option><option value=\"10\">10<\/option><option value=\"11\">11<\/option><option value=\"12\">12<\/option><option value=\"13\">13<\/option><option value=\"14\">14<\/option><option value=\"15\">15<\/option><option value=\"16\">16<\/option><\/select><\/span>\n\t\t\t<\/p>\n\t\t<\/div>\n\t\t<div class=\"col-12\">\n\t\t\t<p><input class=\"wpcf7-form-control wpcf7-submit has-spinner btn btn-primary btn-lg\" type=\"submit\" value=\"Senden\" \/>\n\t\t\t<\/p>\n\t\t<\/div>\n\t<\/div>\n<\/div><p style=\"display: none !important;\" class=\"akismet-fields-container\" data-prefix=\"_wpcf7_ak_\"><label>&#916;<textarea name=\"_wpcf7_ak_hp_textarea\" cols=\"45\" rows=\"8\" maxlength=\"100\"><\/textarea><\/label><input type=\"hidden\" id=\"ak_js_1\" name=\"_wpcf7_ak_js\" value=\"110\"\/><script>document.getElementById( \"ak_js_1\" ).setAttribute( \"value\", ( new Date() ).getTime() );<\/script><\/p><div class=\"wpcf7-response-output\" aria-hidden=\"true\"><\/div>\n<\/form>\n<\/div>\n<\/div>\n","protected":false},"excerpt":{"rendered":"<p>Reservieren M\u00f6chten sie eine Reservierung machen? Oder einfach nur weitere Informationen \u00fcber die M\u00f6glichkeiten unserer Unterk\u00fcnfte bekommen?&nbsp; Anrufen kann: +31 77 374 31 31 oder e-mail:&nbsp;info@indevlinderkes.nl. F\u00fcr sehr dringende Fragen ist unser Handynummer 0031-6-820 70 992 Die Verf\u00fcgbarkeit unserer Unterkunften finden Sie hier:\u00a0Verf\u00fcgbarkeit Atalanta\u00a0&#8211;\u00a0Verf\u00fcgbarkeit Koninginnepage<\/p>\n","protected":false},"author":1,"featured_media":0,"parent":0,"menu_order":0,"comment_status":"closed","ping_status":"closed","template":"","meta":{"_acf_changed":false,"footnotes":""},"class_list":["post-2069","page","type-page","status-publish","hentry"],"acf":[],"_links":{"self":[{"href":"https:\/\/indevlinderkes.nl\/de\/wp-json\/wp\/v2\/pages\/2069","targetHints":{"allow":["GET"]}}],"collection":[{"href":"https:\/\/indevlinderkes.nl\/de\/wp-json\/wp\/v2\/pages"}],"about":[{"href":"https:\/\/indevlinderkes.nl\/de\/wp-json\/wp\/v2\/types\/page"}],"author":[{"embeddable":true,"href":"https:\/\/indevlinderkes.nl\/de\/wp-json\/wp\/v2\/users\/1"}],"replies":[{"embeddable":true,"href":"https:\/\/indevlinderkes.nl\/de\/wp-json\/wp\/v2\/comments?post=2069"}],"version-history":[{"count":4,"href":"https:\/\/indevlinderkes.nl\/de\/wp-json\/wp\/v2\/pages\/2069\/revisions"}],"predecessor-version":[{"id":2986,"href":"https:\/\/indevlinderkes.nl\/de\/wp-json\/wp\/v2\/pages\/2069\/revisions\/2986"}],"wp:attachment":[{"href":"https:\/\/indevlinderkes.nl\/de\/wp-json\/wp\/v2\/media?parent=2069"}],"curies":[{"name":"wp","href":"https:\/\/api.w.org\/{rel}","templated":true}]}}