{"id":2062,"date":"2023-03-09T09:49:40","date_gmt":"2023-03-09T09:49:40","guid":{"rendered":"https:\/\/indevlinderkes.nl\/umgebung-und-aktivitaten\/direct-bij-ons-te-boeken\/"},"modified":"2024-11-11T19:38:30","modified_gmt":"2024-11-11T19:38:30","slug":"bei-in-de-vlinderkes-zu-buchen","status":"publish","type":"page","link":"https:\/\/indevlinderkes.nl\/de\/umgebung-und-aktivitaten\/bei-in-de-vlinderkes-zu-buchen\/","title":{"rendered":"Bei In de Vlinderkes zu buchen"},"content":{"rendered":"\n<div class=\"wp-block-columns is-layout-flex wp-container-core-columns-is-layout-9d6595d7 wp-block-columns-is-layout-flex\">\n<div class=\"wp-block-column activity is-layout-flow wp-block-column-is-layout-flow\" style=\"flex-basis:47%\">\n<h2 class=\"wp-block-heading title\">Rundf\u00fchrung bei &#8222;Hertog Jan Bierbrauwerei&#8220;<\/h2>\n\n\n\n<p>Kosten sind Inkl. ein getrank aber Preise wechselen pro Jahr. Sie k\u00f6nnen \u00fcber uns wohl noch ein Rabattcode bekommen.<\/p>\n<\/div>\n\n\n\n<div class=\"wp-block-column activity is-layout-flow wp-block-column-is-layout-flow\" style=\"flex-basis:33%\">\n<h2 class=\"wp-block-heading title\">Kubb<\/h2>\n\n\n\n<p>\u20ac 5,= pro Tagesteil<\/p>\n<\/div>\n<\/div>\n\n\n\n<div style=\"height:15px\" aria-hidden=\"true\" class=\"wp-block-spacer\"><\/div>\n\n\n\n<div class=\"wp-block-columns is-layout-flex wp-container-core-columns-is-layout-9d6595d7 wp-block-columns-is-layout-flex\">\n<div class=\"wp-block-column activity is-layout-flow wp-block-column-is-layout-flow\" style=\"flex-basis:47%\">\n<h2 class=\"wp-block-heading title\">Klootschieten<\/h2>\n\n\n\n<p>K\u00fcgel Schie\u00dfen, 2,5 Stunde Strecke in Gruppen von ca. 4 Personen<\/p>\n\n\n\n<p>\u20ac 5,= pro Gruppe<\/p>\n<\/div>\n\n\n\n<div class=\"wp-block-column activity is-layout-flow wp-block-column-is-layout-flow\" style=\"flex-basis:33%\">\n<h2 class=\"wp-block-heading title\">Grill<\/h2>\n\n\n\n<figure class=\"wp-block-image size-full\"><a href=\"https:\/\/indevlinderkes.nl\/de\/umgebung-und-aktivitaten\/catering-und-grill\/\"><img decoding=\"async\" src=\"https:\/\/indevlinderkes.nl\/wp-content\/uploads\/2023\/03\/barbecue_kleiner-1.jpg\" alt=\"\" class=\"wp-image-1878\"\/><\/a><\/figure>\n\n\n\n<p>Miete ein Gasgrill ab \u20ac 15,= pro Gebrauch. Ist inkl. Gas.<\/p>\n\n\n\n<p>Sie k\u00f6nnen das direct bei uns Anfragen.<\/p>\n<\/div>\n<\/div>\n\n\n\n<div style=\"height:15px\" aria-hidden=\"true\" class=\"wp-block-spacer\"><\/div>\n\n\n\n<div class=\"wp-block-columns is-layout-flex wp-container-core-columns-is-layout-9d6595d7 wp-block-columns-is-layout-flex\">\n<div class=\"wp-block-column activity is-layout-flow wp-block-column-is-layout-flow\" style=\"flex-basis:47%\">\n<h2 class=\"wp-block-heading title\">Don&#8217;t worry, be happy<\/h2>\n\n\n\n<p>Lebensgro\u00df &#8222;Mensch \u00e4rgere dich nicht&#8220;&nbsp;spiel \u20ac 35,= pro Tagesteil<\/p>\n<\/div>\n\n\n\n<div class=\"wp-block-column activity is-layout-flow wp-block-column-is-layout-flow\" style=\"flex-basis:33%\">\n<h2 class=\"wp-block-heading title\">Tennisclub Arcen<\/h2>\n\n\n\n<p>Tennisverrein, Arcen&nbsp;NL<\/p>\n\n\n\n<p>\u00dcber uns zu reservieren, auf Anfrage<\/p>\n\n\n\n<p>\u20ac 12,50 pro Stunde pro Bahn.<\/p>\n\n\n\n<p class=\"readmore btn\"><a href=\"http:\/\/www.tc-arcen.nl\/\" target=\"_blank\" rel=\"noreferrer noopener\">Weiterlesen &#8230;<\/a><\/p>\n<\/div>\n<\/div>\n","protected":false},"excerpt":{"rendered":"<p>Rundf\u00fchrung bei &#8222;Hertog Jan Bierbrauwerei&#8220; Kosten sind Inkl. ein getrank aber Preise wechselen pro Jahr. Sie k\u00f6nnen \u00fcber uns wohl noch ein Rabattcode bekommen. Kubb \u20ac 5,= pro Tagesteil Klootschieten K\u00fcgel Schie\u00dfen, 2,5 Stunde Strecke in Gruppen von ca. 4 Personen \u20ac 5,= pro Gruppe Grill Miete ein Gasgrill ab \u20ac 15,= pro Gebrauch. Ist [&hellip;]<\/p>\n","protected":false},"author":1,"featured_media":0,"parent":2038,"menu_order":0,"comment_status":"closed","ping_status":"closed","template":"omgeving-activiteiten.php","meta":{"_acf_changed":false,"footnotes":""},"class_list":["post-2062","page","type-page","status-publish","hentry"],"acf":[],"_links":{"self":[{"href":"https:\/\/indevlinderkes.nl\/de\/wp-json\/wp\/v2\/pages\/2062","targetHints":{"allow":["GET"]}}],"collection":[{"href":"https:\/\/indevlinderkes.nl\/de\/wp-json\/wp\/v2\/pages"}],"about":[{"href":"https:\/\/indevlinderkes.nl\/de\/wp-json\/wp\/v2\/types\/page"}],"author":[{"embeddable":true,"href":"https:\/\/indevlinderkes.nl\/de\/wp-json\/wp\/v2\/users\/1"}],"replies":[{"embeddable":true,"href":"https:\/\/indevlinderkes.nl\/de\/wp-json\/wp\/v2\/comments?post=2062"}],"version-history":[{"count":5,"href":"https:\/\/indevlinderkes.nl\/de\/wp-json\/wp\/v2\/pages\/2062\/revisions"}],"predecessor-version":[{"id":3608,"href":"https:\/\/indevlinderkes.nl\/de\/wp-json\/wp\/v2\/pages\/2062\/revisions\/3608"}],"up":[{"embeddable":true,"href":"https:\/\/indevlinderkes.nl\/de\/wp-json\/wp\/v2\/pages\/2038"}],"wp:attachment":[{"href":"https:\/\/indevlinderkes.nl\/de\/wp-json\/wp\/v2\/media?parent=2062"}],"curies":[{"name":"wp","href":"https:\/\/api.w.org\/{rel}","templated":true}]}}