{"id":2043,"date":"2023-03-09T09:48:46","date_gmt":"2023-03-09T09:48:46","guid":{"rendered":"https:\/\/indevlinderkes.nl\/umgebung-und-aktivitaten\/arcen\/"},"modified":"2024-02-28T13:23:27","modified_gmt":"2024-02-28T13:23:27","slug":"arcen","status":"publish","type":"page","link":"https:\/\/indevlinderkes.nl\/de\/umgebung-und-aktivitaten\/arcen\/","title":{"rendered":"Arcen"},"content":{"rendered":"\n<div class=\"wp-block-columns is-layout-flex wp-container-core-columns-is-layout-9d6595d7 wp-block-columns-is-layout-flex\">\n<div class=\"wp-block-column activity is-layout-flow wp-block-column-is-layout-flow\" style=\"flex-basis:45%\">\n<h2 class=\"wp-block-heading title\">IJssalon Clevers<\/h2>\n\n\n\n<figure class=\"wp-block-image size-full\"><a href=\"http:\/\/www.clevers.nl\" target=\"_blank\" rel=\"noreferrer noopener\"><img loading=\"lazy\" decoding=\"async\" width=\"260\" height=\"170\" src=\"https:\/\/indevlinderkes.nl\/wp-content\/uploads\/2023\/03\/ijssalonclevers-1.jpg\" alt=\"\" class=\"wp-image-715\"\/><\/a><\/figure>\n\n\n\n<p>Eissalon mit Terrasse am Flu\u00df, Arcen NL<\/p>\n\n\n\n<p>Reservieren nicht m\u00f6glich.<\/p>\n\n\n\n<p>geeignet f\u00fcr Behinderten<\/p>\n\n\n\n<p class=\"readmore btn\"><a href=\"http:\/\/www.clevers.nl\" target=\"_blank\" rel=\"noreferrer noopener\">f\u00fcr Behinderten geeignet<\/a><\/p>\n<\/div>\n\n\n\n<div class=\"wp-block-column activity is-layout-flow wp-block-column-is-layout-flow\">\n<h2 class=\"wp-block-heading title short-title\">Hertog Jan Brouwrij<\/h2>\n\n\n\n<figure class=\"wp-block-image size-full act-img\"><a href=\"http:\/\/www.hertogjan.nl\/\" target=\"_blank\" rel=\"noreferrer noopener\"><img loading=\"lazy\" decoding=\"async\" width=\"260\" height=\"170\" src=\"https:\/\/indevlinderkes.nl\/wp-content\/uploads\/2023\/03\/hertogjanherfstdichtbij.jpg\" alt=\"\" class=\"wp-image-536\"\/><\/a><\/figure>\n\n\n\n<p>Bierbrauwerei mit Rundf\u00fchrung, Arcen NL<\/p>\n\n\n\n<p>teilweise f\u00fcr Behinderten geeignet<\/p>\n\n\n\n<p>Sie K\u00f6nnen \u00fcber uns ein Rabattcode bekommen.<\/p>\n\n\n\n<p class=\"readmore btn\"><a href=\"https:\/\/www.hertogjan.nl\/\" target=\"_blank\" rel=\"noreferrer noopener\">Weiterlesen<\/a><\/p>\n<\/div>\n<\/div>\n\n\n\n<div style=\"height:15px\" aria-hidden=\"true\" class=\"wp-block-spacer\"><\/div>\n\n\n\n<div class=\"wp-block-columns is-layout-flex wp-container-core-columns-is-layout-9d6595d7 wp-block-columns-is-layout-flex\">\n<div class=\"wp-block-column activity is-layout-flow wp-block-column-is-layout-flow\" style=\"flex-basis:45%\">\n<h2 class=\"wp-block-heading title\">Grensland mooiste<\/h2>\n\n\n\n<p>Radtour oktober, Arcen NL<\/p>\n\n\n\n<p class=\"readmore btn\"><a href=\"https:\/\/grenslandmooiste.nl\/\" target=\"_blank\" rel=\"noreferrer noopener\">Weiterlesen<\/a><\/p>\n<\/div>\n\n\n\n<div class=\"wp-block-column activity is-layout-flow wp-block-column-is-layout-flow\">\n<h2 class=\"wp-block-heading title\">Spar Arcen<\/h2>\n\n\n\n<figure class=\"wp-block-image size-full act-img\"><a href=\"https:\/\/www.spar.nl\/winkels\/?q=arcen\" target=\"_blank\" rel=\"noreferrer noopener\"><img loading=\"lazy\" decoding=\"async\" width=\"260\" height=\"170\" src=\"https:\/\/indevlinderkes.nl\/wp-content\/uploads\/2023\/03\/spar.jpg\" alt=\"\" class=\"wp-image-544\"\/><\/a><\/figure>\n\n\n\n<p>Lieferung Lebensmitteln beim Unterkunft, Arcen NL<\/p>\n\n\n\n<p class=\"readmore btn\"><a href=\"https:\/\/www.spar.nl\/winkels\/?q=arcen\" target=\"_blank\" rel=\"noreferrer noopener\">Weiterlesen<\/a><\/p>\n<\/div>\n<\/div>\n\n\n\n<div style=\"height:15px\" aria-hidden=\"true\" class=\"wp-block-spacer\"><\/div>\n\n\n\n<div class=\"wp-block-columns is-layout-flex wp-container-core-columns-is-layout-9d6595d7 wp-block-columns-is-layout-flex\">\n<div class=\"wp-block-column activity is-layout-flow wp-block-column-is-layout-flow\" style=\"flex-basis:45%\">\n<h2 class=\"wp-block-heading title\">Franz Pfannerhuis<\/h2>\n\n\n\n<figure class=\"wp-block-image size-full act-img\"><a href=\"http:\/\/www.franzpfannerhuis.nl\/\" target=\"_blank\" rel=\"noreferrer noopener\"><img loading=\"lazy\" decoding=\"async\" width=\"260\" height=\"170\" src=\"https:\/\/indevlinderkes.nl\/wp-content\/uploads\/2023\/03\/franzpfanner.jpg\" alt=\"\" class=\"wp-image-581\"\/><\/a><\/figure>\n\n\n\n<p>Expositionen und concerten, Arcen NL<\/p>\n\n\n\n<p class=\"readmore btn\"><a href=\"https:\/\/www.franzpfannerhuis.nl\/\" target=\"_blank\" rel=\"noreferrer noopener\">Weiterlesen<\/a><\/p>\n<\/div>\n\n\n\n<div class=\"wp-block-column activity is-layout-flow wp-block-column-is-layout-flow\">\n<h2 class=\"wp-block-heading title short-title\">Lemmen Tweewielers<\/h2>\n\n\n\n<figure class=\"wp-block-image size-full act-img\"><a href=\"http:\/\/www.lemmentweewielers.nl\/\"><img loading=\"lazy\" decoding=\"async\" width=\"260\" height=\"170\" src=\"https:\/\/indevlinderkes.nl\/wp-content\/uploads\/2023\/03\/lemmen.jpg\" alt=\"\" class=\"wp-image-546\"\/><\/a><\/figure>\n\n\n\n<p>Fahrrad-, Tandem- und Stepsverleih, Arcen NL\/DE<\/p>\n\n\n\n<p class=\"readmore btn\"><a href=\"http:\/\/www.lemmentweewielers.nl\/\" target=\"_blank\" rel=\"noreferrer noopener\">Weiterlesen<\/a><\/p>\n<\/div>\n<\/div>\n\n\n\n<div style=\"height:15px\" aria-hidden=\"true\" class=\"wp-block-spacer\"><\/div>\n\n\n\n<div class=\"wp-block-columns is-layout-flex wp-container-core-columns-is-layout-9d6595d7 wp-block-columns-is-layout-flex\">\n<div class=\"wp-block-column activity is-layout-flow wp-block-column-is-layout-flow\" style=\"flex-basis:45%\">\n<h2 class=\"wp-block-heading title\">IJsvogel<\/h2>\n\n\n\n<figure class=\"wp-block-image size-full act-img\"><a href=\"http:\/\/www.ijsvogel.com\/\" target=\"_blank\" rel=\"noreferrer noopener\"><img loading=\"lazy\" decoding=\"async\" width=\"260\" height=\"170\" src=\"https:\/\/indevlinderkes.nl\/wp-content\/uploads\/2023\/03\/ijsvogelvoorkant.jpg\" alt=\"\" class=\"wp-image-547\"\/><\/a><\/figure>\n\n\n\n<p>Korn Brennerei, F\u00fchrungen, Lik\u00f6r, Arcen NL<\/p>\n\n\n\n<p class=\"readmore btn\"><a href=\"https:\/\/www.ijsvogel.com\/\" target=\"_blank\" rel=\"noreferrer noopener\">Weiterlesen<\/a><\/p>\n<\/div>\n\n\n\n<div class=\"wp-block-column activity is-layout-flow wp-block-column-is-layout-flow\">\n<h2 class=\"wp-block-heading title\">Scrooge Festival<\/h2>\n\n\n\n<figure class=\"wp-block-image size-full act-img\"><a href=\"http:\/\/www.scroogefestival.nl\/\" target=\"_blank\" rel=\"noreferrer noopener\"><img loading=\"lazy\" decoding=\"async\" width=\"260\" height=\"170\" src=\"https:\/\/indevlinderkes.nl\/wp-content\/uploads\/2023\/03\/scrooge.jpg\" alt=\"\" class=\"wp-image-548\"\/><\/a><\/figure>\n\n\n\n<p>Dezember 2021, Arcen NL<\/p>\n\n\n\n<p>geeignet f\u00fcr Behinderten<\/p>\n\n\n\n<p class=\"readmore btn\"><a href=\"https:\/\/scroogefestival.nl\/\" target=\"_blank\" rel=\"noreferrer noopener\">Weiterlesen<\/a><\/p>\n<\/div>\n<\/div>\n\n\n\n<div style=\"height:15px\" aria-hidden=\"true\" class=\"wp-block-spacer\"><\/div>\n\n\n\n<div class=\"wp-block-columns is-layout-flex wp-container-core-columns-is-layout-9d6595d7 wp-block-columns-is-layout-flex\">\n<div class=\"wp-block-column activity is-layout-flow wp-block-column-is-layout-flow\" style=\"flex-basis:45%\">\n<h2 class=\"wp-block-heading title\">Enchanted gardens<\/h2>\n\n\n\n<figure class=\"wp-block-image size-full act-img\"><a href=\"http:\/\/www.kasteeltuinen.nl\/nl\/kalender\/evenement\/652-enchanted-gardens\" target=\"_blank\" rel=\"noreferrer noopener\"><img loading=\"lazy\" decoding=\"async\" width=\"260\" height=\"170\" src=\"https:\/\/indevlinderkes.nl\/wp-content\/uploads\/2023\/05\/kasteeltuinenchandedgardens-edited-1.jpg\" alt=\"\" class=\"wp-image-1706\"\/><\/a><\/figure>\n\n\n\n<p>Kastelgarten Herbst, Arcen NL\/DE<\/p>\n\n\n\n<p>geeignet f\u00fcr Behinderten<\/p>\n\n\n\n<p class=\"readmore btn\"><a href=\"https:\/\/www.kasteeltuinen.nl\/nl\/plan-uw-bezoek\/kalender\/\">Weiterlesen<\/a><\/p>\n<\/div>\n\n\n\n<div class=\"wp-block-column activity is-layout-flow wp-block-column-is-layout-flow\">\n<h2 class=\"wp-block-heading title\">Smaakvol Arcen<\/h2>\n\n\n\n<figure class=\"wp-block-image size-full act-img\"><a href=\"http:\/\/www.smaakvol-arcen.nl\/\" target=\"_blank\" rel=\"noreferrer noopener\"><img loading=\"lazy\" decoding=\"async\" width=\"168\" height=\"259\" src=\"https:\/\/indevlinderkes.nl\/wp-content\/uploads\/2023\/03\/smaakvolarcen.jpg\" alt=\"\" class=\"wp-image-551\"\/><\/a><\/figure>\n\n\n\n<p>Gesch\u00e4fte in Arcen NL<\/p>\n\n\n\n<p class=\"readmore btn\"><a href=\"https:\/\/www.smaakvolarcen.nl\/\" target=\"_blank\" rel=\"noreferrer noopener\">Weiterlesen<\/a><\/p>\n<\/div>\n<\/div>\n\n\n\n<div style=\"height:15px\" aria-hidden=\"true\" class=\"wp-block-spacer\"><\/div>\n\n\n\n<div class=\"wp-block-columns is-layout-flex wp-container-core-columns-is-layout-9d6595d7 wp-block-columns-is-layout-flex\">\n<div class=\"wp-block-column activity is-layout-flow wp-block-column-is-layout-flow\" style=\"flex-basis:45%\">\n<h2 class=\"wp-block-heading title\">Koishow<\/h2>\n\n\n\n<figure class=\"wp-block-image size-full act-img\"><a href=\"https:\/\/www.hollandkoishow.nl\/\" target=\"_blank\" rel=\"noreferrer noopener\"><img loading=\"lazy\" decoding=\"async\" width=\"260\" height=\"170\" src=\"https:\/\/indevlinderkes.nl\/wp-content\/uploads\/2023\/12\/koishow.jpg\" alt=\"\" class=\"wp-image-3349\"\/><\/a><\/figure>\n\n\n\n<p>Koi show August, Kastelgarten Arcen NL<\/p>\n\n\n\n<p class=\"readmore btn\"><a href=\"https:\/\/www.hollandkoishow.nl\/\" target=\"_blank\" rel=\"noreferrer noopener\">Weiterlesen<\/a><\/p>\n<\/div>\n\n\n\n<div class=\"wp-block-column activity is-layout-flow wp-block-column-is-layout-flow\">\n<h2 class=\"wp-block-heading title\">Venlo<\/h2>\n\n\n\n<figure class=\"wp-block-image size-full act-img\"><a href=\"http:\/\/www.venlo.nl\/\" target=\"_blank\" rel=\"noreferrer noopener\"><img loading=\"lazy\" decoding=\"async\" width=\"260\" height=\"170\" src=\"https:\/\/indevlinderkes.nl\/wp-content\/uploads\/2023\/03\/Regiovandesmaak.png\" alt=\"\" class=\"wp-image-553\"\/><\/a><\/figure>\n\n\n\n<p>Gemeinde Venlo NL<\/p>\n\n\n\n<p class=\"readmore btn\"><a href=\"https:\/\/www.venlo.nl\/\" target=\"_blank\" rel=\"noreferrer noopener\">Weiterlesen<\/a><\/p>\n<\/div>\n<\/div>\n\n\n\n<div style=\"height:15px\" aria-hidden=\"true\" class=\"wp-block-spacer\"><\/div>\n\n\n\n<div class=\"wp-block-columns is-layout-flex wp-container-core-columns-is-layout-9d6595d7 wp-block-columns-is-layout-flex\">\n<div class=\"wp-block-column activity is-layout-flow wp-block-column-is-layout-flow\" style=\"flex-basis:45%\">\n<h2 class=\"wp-block-heading title short-title\">Elfia Dragons &amp; Hobbits<\/h2>\n\n\n\n<figure class=\"wp-block-image size-full act-img\"><a href=\"http:\/\/elfia.com\/\" target=\"_blank\" rel=\"noreferrer noopener\"><img loading=\"lazy\" decoding=\"async\" width=\"260\" height=\"170\" src=\"https:\/\/indevlinderkes.nl\/wp-content\/uploads\/2023\/05\/kasteeltuinenelfia-edited.jpg\" alt=\"\" class=\"wp-image-1704\"\/><\/a><\/figure>\n\n\n\n<p>Elfia in September, Kastelgarten Arcen NL<\/p>\n\n\n\n<p class=\"readmore btn\"><a href=\"https:\/\/www.elfia.com\/\" target=\"_blank\" rel=\"noreferrer noopener\">Weiterlesen<\/a><\/p>\n<\/div>\n\n\n\n<div class=\"wp-block-column activity is-layout-flow wp-block-column-is-layout-flow\">\n<h2 class=\"wp-block-heading title\">Arcen startpagina<\/h2>\n\n\n\n<figure class=\"wp-block-image size-full act-img\"><a href=\"http:\/\/www.arcen.startpagina.nl\/\" target=\"_blank\" rel=\"noreferrer noopener\"><img loading=\"lazy\" decoding=\"async\" width=\"260\" height=\"170\" src=\"https:\/\/indevlinderkes.nl\/wp-content\/uploads\/2023\/03\/arcenenveldenbord.jpg\" alt=\"\" class=\"wp-image-582\"\/><\/a><\/figure>\n\n\n\n<p>Ubersicht aller Internetseiten aus Arcen NL<\/p>\n\n\n\n<p class=\"readmore btn\"><a href=\"https:\/\/www.arcen.startpagina.nl\/\" target=\"_blank\" rel=\"noreferrer noopener\">Weiterlesen<\/a><\/p>\n<\/div>\n<\/div>\n\n\n\n<div style=\"height:15px\" aria-hidden=\"true\" class=\"wp-block-spacer\"><\/div>\n\n\n\n<div class=\"wp-block-columns is-layout-flex wp-container-core-columns-is-layout-9d6595d7 wp-block-columns-is-layout-flex\">\n<div class=\"wp-block-column activity is-layout-flow wp-block-column-is-layout-flow\" style=\"flex-basis:45%\">\n<h2 class=\"wp-block-heading title short-title\">Spargel fahrad-4-Tage <\/h2>\n\n\n\n<p>4 Tage-Fahrradtour in Mai, Arcen NL<\/p>\n\n\n\n<p class=\"readmore btn\"><a href=\"https:\/\/aspergefietsvierdaagsearcen.nl\/\" target=\"_blank\" rel=\"noreferrer noopener\">Weiterlesen<\/a><\/p>\n<\/div>\n\n\n\n<div class=\"wp-block-column activity is-layout-flow wp-block-column-is-layout-flow\">\n<h2 class=\"wp-block-heading title\">Arcen events<\/h2>\n\n\n\n<figure class=\"wp-block-image size-full act-img\"><a href=\"http:\/\/www.arcenevents.nl\/site\/\" target=\"_blank\" rel=\"noreferrer noopener\"><img loading=\"lazy\" decoding=\"async\" width=\"260\" height=\"170\" src=\"https:\/\/indevlinderkes.nl\/wp-content\/uploads\/2023\/03\/arcenevents.png\" alt=\"\" class=\"wp-image-555\"\/><\/a><\/figure>\n\n\n\n<p>Aktivit\u00e4ten, Arcen NL<\/p>\n\n\n\n<p>geeignet f\u00fcr Behinderten<\/p>\n\n\n\n<p class=\"readmore btn\">Weiterlesen<\/p>\n<\/div>\n<\/div>\n\n\n\n<div style=\"height:15px\" aria-hidden=\"true\" class=\"wp-block-spacer\"><\/div>\n\n\n\n<div class=\"wp-block-columns is-layout-flex wp-container-core-columns-is-layout-9d6595d7 wp-block-columns-is-layout-flex\">\n<div class=\"wp-block-column activity is-layout-flow wp-block-column-is-layout-flow\" style=\"flex-basis:45%\">\n<h2 class=\"wp-block-heading title\">Spargelmarkt<\/h2>\n\n\n\n<p>Toeristische Spargelmarkt, Himmelfahrt Arcen NL<\/p>\n\n\n\n<p class=\"readmore btn\"><a rel=\"noreferrer noopener\" href=\"https:\/\/www.harmonie-arcen.nl\/aspergemarkt\/\" target=\"_blank\">Weiterlesen<\/a><\/p>\n<\/div>\n\n\n\n<div class=\"wp-block-column activity is-layout-flow wp-block-column-is-layout-flow\">\n<h2 class=\"wp-block-heading title\">Sfeermarkten<\/h2>\n\n\n\n<p>Tourismus Markt, Arcen NL<\/p>\n\n\n\n<p>am Mittwoch im Sommerferien<\/p>\n\n\n\n<p>geeignet f\u00fcr Behinderten<\/p>\n\n\n\n<p class=\"readmore btn\"><a href=\"https:\/\/www.sfeermarkten.nl\/\" target=\"_blank\" rel=\"noreferrer noopener\">Weiterlesen<\/a><\/p>\n<\/div>\n<\/div>\n\n\n\n<div style=\"height:15px\" aria-hidden=\"true\" class=\"wp-block-spacer\"><\/div>\n\n\n\n<div class=\"wp-block-columns is-layout-flex wp-container-core-columns-is-layout-9d6595d7 wp-block-columns-is-layout-flex\">\n<div class=\"wp-block-column activity is-layout-flow wp-block-column-is-layout-flow\" style=\"flex-basis:45%\">\n<h2 class=\"wp-block-heading title\">Thermaalbad<\/h2>\n\n\n\n<figure class=\"wp-block-image size-full\"><a href=\"http:\/\/www.thermaalbad.nl\/\" target=\"_blank\" rel=\"noreferrer noopener\"><img loading=\"lazy\" decoding=\"async\" width=\"260\" height=\"170\" src=\"https:\/\/indevlinderkes.nl\/wp-content\/uploads\/2023\/03\/thermaalbadvoorkant.jpg\" alt=\"\" class=\"wp-image-580\"\/><\/a><\/figure>\n\n\n\n<p>Thermalbad, Arcen NL\/DE <\/p>\n\n\n\n<p>geeignet f\u00fcr Behinderten<\/p>\n\n\n\n<p class=\"readmore btn\"><a rel=\"noreferrer noopener\" href=\"https:\/\/www.roompot.nl\/wellness\/thermaalbad\/\" target=\"_blank\">Weiterlesen<\/a><\/p>\n<\/div>\n\n\n\n<div class=\"wp-block-column activity is-layout-flow wp-block-column-is-layout-flow\">\n<h2 class=\"wp-block-heading title\">Oktoberfest<\/h2>\n\n\n\n<p>Oktoberfest Arcen NL<\/p>\n\n\n\n<p>geeignet f\u00fcr Behinderten<\/p>\n\n\n\n<p class=\"readmore btn\"><a href=\"https:\/\/oktoberfestarcen.nl\/\" target=\"_blank\" rel=\"noreferrer noopener\">Weiterlesen<\/a><\/p>\n<\/div>\n<\/div>\n","protected":false},"excerpt":{"rendered":"<p>IJssalon Clevers Eissalon mit Terrasse am Flu\u00df, Arcen NL Reservieren nicht m\u00f6glich. geeignet f\u00fcr Behinderten f\u00fcr Behinderten geeignet Hertog Jan Brouwrij Bierbrauwerei mit Rundf\u00fchrung, Arcen NL teilweise f\u00fcr Behinderten geeignet Sie K\u00f6nnen \u00fcber uns ein Rabattcode bekommen. Weiterlesen Grensland mooiste Radtour oktober, Arcen NL Weiterlesen Spar Arcen Lieferung Lebensmitteln beim Unterkunft, Arcen NL Weiterlesen Franz [&hellip;]<\/p>\n","protected":false},"author":1,"featured_media":0,"parent":2038,"menu_order":0,"comment_status":"closed","ping_status":"closed","template":"omgeving-activiteiten.php","meta":{"_acf_changed":false,"footnotes":""},"class_list":["post-2043","page","type-page","status-publish","hentry"],"acf":[],"_links":{"self":[{"href":"https:\/\/indevlinderkes.nl\/de\/wp-json\/wp\/v2\/pages\/2043","targetHints":{"allow":["GET"]}}],"collection":[{"href":"https:\/\/indevlinderkes.nl\/de\/wp-json\/wp\/v2\/pages"}],"about":[{"href":"https:\/\/indevlinderkes.nl\/de\/wp-json\/wp\/v2\/types\/page"}],"author":[{"embeddable":true,"href":"https:\/\/indevlinderkes.nl\/de\/wp-json\/wp\/v2\/users\/1"}],"replies":[{"embeddable":true,"href":"https:\/\/indevlinderkes.nl\/de\/wp-json\/wp\/v2\/comments?post=2043"}],"version-history":[{"count":3,"href":"https:\/\/indevlinderkes.nl\/de\/wp-json\/wp\/v2\/pages\/2043\/revisions"}],"predecessor-version":[{"id":3513,"href":"https:\/\/indevlinderkes.nl\/de\/wp-json\/wp\/v2\/pages\/2043\/revisions\/3513"}],"up":[{"embeddable":true,"href":"https:\/\/indevlinderkes.nl\/de\/wp-json\/wp\/v2\/pages\/2038"}],"wp:attachment":[{"href":"https:\/\/indevlinderkes.nl\/de\/wp-json\/wp\/v2\/media?parent=2043"}],"curies":[{"name":"wp","href":"https:\/\/api.w.org\/{rel}","templated":true}]}}