{"id":2019,"date":"2023-02-28T09:48:44","date_gmt":"2023-02-28T09:48:44","guid":{"rendered":"https:\/\/indevlinderkes.nl\/gastenboek\/"},"modified":"2023-10-19T07:19:44","modified_gmt":"2023-10-19T07:19:44","slug":"gastebuch","status":"publish","type":"page","link":"https:\/\/indevlinderkes.nl\/de\/gastebuch\/","title":{"rendered":"G\u00e4stebuch"},"content":{"rendered":"\n<h2 class=\"wp-block-heading title\">G\u00e4stebuch<\/h2>\n\n\n\n<p>Schon viele G\u00e4ste haben wir begrussen durfen.<\/p>\n\n\n\n<p>Einige&nbsp;habe auch eine nachricht im G\u00e4stebuch hinterlassen.<\/p>\n\n\n\n<p>Diese nachrichten habe ich \u00fcber genommen auf diese Inernetseite.<\/p>\n\n\n\n<p>Bitte klicken Sie einfach auf die Kategorie Ihre Wahle.<\/p>\n\n\n\n<p>Sie K\u00f3nnen sich&nbsp;auch unser Bewertungen auf Zoover ansehen.<\/p>\n\n\n\n<p>Klicke einfach auf untenstehend logo.<\/p>\n\n\n<div class=\"wp-block-image\">\n<figure class=\"aligncenter size-full\"><a href=\"https:\/\/www.zoover.nl\/\"><img decoding=\"async\" src=\"https:\/\/indevlinderkes.nl\/wp-content\/uploads\/2023\/03\/zoover-logo.png\" alt=\"\" class=\"wp-image-1907\"\/><\/a><\/figure>\n<\/div>","protected":false},"excerpt":{"rendered":"<p>G\u00e4stebuch Schon viele G\u00e4ste haben wir begrussen durfen. Einige&nbsp;habe auch eine nachricht im G\u00e4stebuch hinterlassen. Diese nachrichten habe ich \u00fcber genommen auf diese Inernetseite. Bitte klicken Sie einfach auf die Kategorie Ihre Wahle. Sie K\u00f3nnen sich&nbsp;auch unser Bewertungen auf Zoover ansehen. Klicke einfach auf untenstehend logo.<\/p>\n","protected":false},"author":1,"featured_media":0,"parent":0,"menu_order":0,"comment_status":"closed","ping_status":"closed","template":"","meta":{"_acf_changed":false,"footnotes":""},"class_list":["post-2019","page","type-page","status-publish","hentry"],"acf":[],"_links":{"self":[{"href":"https:\/\/indevlinderkes.nl\/de\/wp-json\/wp\/v2\/pages\/2019","targetHints":{"allow":["GET"]}}],"collection":[{"href":"https:\/\/indevlinderkes.nl\/de\/wp-json\/wp\/v2\/pages"}],"about":[{"href":"https:\/\/indevlinderkes.nl\/de\/wp-json\/wp\/v2\/types\/page"}],"author":[{"embeddable":true,"href":"https:\/\/indevlinderkes.nl\/de\/wp-json\/wp\/v2\/users\/1"}],"replies":[{"embeddable":true,"href":"https:\/\/indevlinderkes.nl\/de\/wp-json\/wp\/v2\/comments?post=2019"}],"version-history":[{"count":4,"href":"https:\/\/indevlinderkes.nl\/de\/wp-json\/wp\/v2\/pages\/2019\/revisions"}],"predecessor-version":[{"id":2977,"href":"https:\/\/indevlinderkes.nl\/de\/wp-json\/wp\/v2\/pages\/2019\/revisions\/2977"}],"wp:attachment":[{"href":"https:\/\/indevlinderkes.nl\/de\/wp-json\/wp\/v2\/media?parent=2019"}],"curies":[{"name":"wp","href":"https:\/\/api.w.org\/{rel}","templated":true}]}}