{"id":2007,"date":"2023-03-09T09:55:47","date_gmt":"2023-03-09T09:55:47","guid":{"rendered":"https:\/\/indevlinderkes.nl\/?page_id=2007"},"modified":"2024-06-18T09:29:37","modified_gmt":"2024-06-18T09:29:37","slug":"fragen-und-antwort","status":"publish","type":"page","link":"https:\/\/indevlinderkes.nl\/de\/kontakt\/fragen-und-antwort\/","title":{"rendered":"Fragen und Antwort"},"content":{"rendered":"\n<h2 class=\"wp-block-heading title\" id=\"top\">Fragen und Antwort<\/h2>\n\n\n\n<p id=\"Abreise\"><strong>Abreise: <\/strong><\/p>\n\n\n\n<p>Bis wie viel Uhr muss das Haus am Abreisetag verlassen sein?<\/p>\n\n\n\n<p>Wenn Ihre Abreise an einem Montag oder Freitag ist, sollten die H\u00e4user bis sp\u00e4testens 10:00 Uhr verlassen sein.<\/p>\n\n\n\n<p>Bei Abreise am Sonntag k\u00f6nnen Sie bis sp\u00e4testens 20:00 Uhr auschecken.<\/p>\n\n\n\n<p id=\"Ankunft\"><strong>Ankunft<\/strong>:<\/p>\n\n\n\n<p>Ab wann k\u00f6nnen wir einchecken bzw. k\u00f6nnen wir in das Ferienhaus?<\/p>\n\n\n\n<p>Sie k\u00f6nnen montags und freitags ab 16:00 Uhr Ihre Gruppenunterkunft beziehen. Sollten Sie erst sp\u00e4t am Abend anreisen, dann w\u00e4re es nett, wenn Sie uns telefonisch Ihre geplante Ankunftszeit mitteilen k\u00f6nnten.<\/p>\n\n\n\n<p id=\"aus-essen-gehen\"><strong>Aus Essen gehen: <\/strong><\/p>\n\n\n\n<p>Wir m\u00f6chten gerne aus Essen gehen. Haben Sie Tipps und Infos \u00fcber Restaurants in der N\u00e4he?<\/p>\n\n\n\n<p>Es gibt in Arcen eine Reihe von Restaurants, von einfach bis gehoben. Auf unseren Internetseiten finden Sie eine Auflistung des Gastronomieangebots. Sie finden sie unter &#8222;<a href=\"https:\/\/indevlinderkes.nl\/de\/umgebung-und-aktivitaten\/\">Umgebung und Aktivit\u00e4ten<\/a>&#8220; und dann unter&nbsp;<a href=\"https:\/\/indevlinderkes.nl\/de\/umgebung-und-aktivitaten\/restaurants\">Restaurants<\/a>. Hier sind auch Restaurants auf deutscher Seite aufgelistet. Auch in unserer Informationsmappe finden Sie diese Liste, sowie diverse Flyer.<\/p>\n\n\n\n<p>Es ist empfehlenswert eine Reservierung f\u00fcr Ihre Gruppe vorzunehmen.<\/p>\n\n\n\n<p id=\"Ballsport\"><strong>Ballsport<\/strong>: <\/p>\n\n\n\n<p>D\u00fcrfen wir im Garten Fu\u00dfball spielen?<\/p>\n\n\n\n<p>Sicherlich d\u00fcrfen Sie das. Es stehen 2 (Mini)-Fu\u00dfballtore im Garten.<\/p>\n\n\n\n<p>Bitte tragen Sie keine Fu\u00dfballschuhe, da die Stollen unseren Rasen kaputt machen w\u00fcrden.<\/p>\n\n\n\n<p id=\"gehbehinderte\"><strong>(Geh-)Behinderte:<\/strong><\/p>\n\n\n\n<p> In unserer Gruppe gibt es einen oder mehrere (Geh-)Behinderte. Ist die Unterkunft f\u00fcr Rollstuhlfahrer geeignet?<\/p>\n\n\n\n<p>Kein Problem. Die H\u00e4user sind ebenerdig und haben keine T\u00fcrschwellen. Alle T\u00fcren haben einen 90 cm breiten Durchgang.<\/p>\n\n\n\n<p>Wir haben f\u00fcr Sie bei Bedarf auch Handgriffe und Duschhocker, die Sie leihen k\u00f6nnen. F\u00fcr weitere Informationen zu den M\u00f6glichkeiten und der&nbsp;<a href=\"https:\/\/indevlinderkes.nl\/de\/barrierefrei\">behindertengerechten&nbsp;<\/a>Ausstattung klicken Sie bitte auf das Rollstuhlsymbol auf der rechten Bildschirmseite.<\/p>\n\n\n\n<p id=\"Bettwasche\"><strong>Bettw\u00e4sche<\/strong>: <\/p>\n\n\n\n<p>M\u00fcssen wir selbst Bettw\u00e4sche mitbringen, oder nicht?<\/p>\n\n\n\n<p>Die Betten sind mit Molton-Auflagen, Decken und Kopfkissen ausgestattet. Sie k\u00f6nnen selbst Spannbettlaken, Decken- und Kissenbez\u00fcge mitbringen, oder Bettw\u00e4sche bei uns mieten.<\/p>\n\n\n\n<p>Wenn Sie Schlafs\u00e4cke mitbringen m\u00f6chten (was wir Ihnen nicht empfehlen) sind aus hygienischen Gr\u00fcnden trotzdem Spannbettlaken und Kopfkissenbez\u00fcge verpflichtet.<\/p>\n\n\n\n<p id=\"Endreingigung\"><strong>Endreingigung<\/strong>: <\/p>\n\n\n\n<p id=\"Endreingigung\">K\u00f6nnen wir nicht selbst saubermachen?<\/p>\n\n\n\n<p>Nat\u00fcrlich sch\u00e4tzen wir es sehr, wenn Sie selbst saubermachen m\u00f6chten. Allerdings m\u00f6chten wir gerne 100% sicher sein, dass die Unterkunft f\u00fcr die n\u00e4chsten G\u00e4ste picco bello ist.<\/p>\n\n\n\n<p>Darum werden wir (auch wenn Sie alles prima hinterlassen) die Endreinigung immer selbst ausf\u00fchren. Selbstverst\u00e4ndlich erwarten wir von Ihnen einen gepflegten Umgang mit der Ausstattung und der Unterkunft selbst. Ein paar Regeln gibt es demnach zu beachten. Sie finden diese in unserer&nbsp;<a href=\"https:\/\/indevlinderkes.nl\/de\/reservieren\/hausordnung\/\">Hausordnung&nbsp;<\/a>(unter Men\u00fcpunkt Preise) und in der Informationsmappe im Unterkunft.<\/p>\n\n\n\n<p id=\"Freizeit\"><strong>Freizeit<\/strong>:<\/p>\n\n\n\n<p>Was k\u00f6nnen wir in Arcen und in der Umgebung unternehmen?<\/p>\n\n\n\n<p>Es gibt ein riesiges Freizeitangebot von aktiv bis entspannend. Sowohl Arcen, als auch die n\u00e4here Umgebung bietet viele verschiedene Ausflugsziele. Auch am Niederrhein (direkt hinter der deutschen Grenze) gibt es viel zu sehen und zu erleben.<\/p>\n\n\n\n<p>Unter dem Men\u00fcpunkt &#8222;<a href=\"https:\/\/indevlinderkes.nl\/de\/umgebung-und-aktivitaten\/\" data-type=\"page\" data-id=\"2038\">Umgebung und Aktivit\u00e4ten<\/a>&#8220; finden Sie weitere Informationen zu den Freizeitm\u00f6glichkeiten. In den Unterk\u00fcnften befindet sich au\u00dferdem eine Informationsmappe mit Freizeittipps.<\/p>\n\n\n\n<p id=\"Freizeitgebaude\"><strong>Freizeitgeb\u00e4ude<\/strong>: <\/p>\n\n\n\n<p>Wir haben gelesen, dass es ein Freizeitgeb\u00e4ude gibt. Kann das von allen G\u00e4sten genutzt werden, egal welchen Alters?<\/p>\n\n\n\n<p>Das Freizeitgeb\u00e4ude&nbsp; kann von allen G\u00e4sten ganzj\u00e4hrig von 09:00 bis 22:00 Uhr genutzt werden. Hier kann man wunderbar zusammen spielen, z.B. Tischtennis, Kicker oder Darts (Pfeile werden ausgeliehen). Au\u00dferdem gibt es das holl\u00e4ndische Spiel \u201eSjoel\u201c, 4 gewinnt, Tretautos, einen Kindertraktor, Steps und weitere altholl\u00e4ndische Gesellschaftsspiele.<\/p>\n\n\n\n<p>Im Winter ist es beheizt, im Sommer gibt es eine Klimaanlage.<\/p>\n\n\n\n<p id=\"Geschirrspulmittel\"><strong>Geschirrsp\u00fclmittel<\/strong>: <\/p>\n\n\n\n<p>M\u00fcssen wir selbst Sp\u00fclmittel mitbringen?<\/p>\n\n\n\n<p>Nein, das brauchen Sie nicht mitzubringen. Es ist ausreichend Geschirrsp\u00fclmittel f\u00fcr die Sp\u00fclmaschine, sowie auch f\u00fcr den Abwasch mit der Hand vorhanden.<\/p>\n\n\n\n<p id=\"Getranke\"><strong>Getr\u00e4nke<\/strong>: <\/p>\n\n\n\n<p>D\u00fcrfen wir unsere eigenen Getr\u00e4nke mitbringen?<\/p>\n\n\n\n<p>Es gibt andere Gruppenunterk\u00fcnfte, die den Kauf von Getr\u00e4nken vor Ort verpflichten. Wir finden, dass dies zu unn\u00f6tigen und meist (unerwarteten) hohen Kosten f\u00fchrt. Demnach k\u00f6nnen Sie bei uns Ihre eigenen Getr\u00e4nke mitbringen oder im Supermarkt einkaufen.<\/p>\n\n\n\n<p><strong>Grillen<\/strong>: <\/p>\n\n\n\n<p>Wir m\u00f6chten gerne Grillen, ist das m\u00f6glich ?<\/p>\n\n\n\n<p>Sie k\u00f6nnen bei uns mit einem Gasgrill grillen. Wir haben drei Gasgrills, die Sie f\u00fcr einen kleinen Beitrag leihen k\u00f6nnen.<br>Selbst mitgebrache Holzkohlgrills sind nicht erlaubt.<br>Sie k\u00f6nnen sich auch einen Grill von einem BBQ-Lieferanten aus der Region liefern lassen. Es gibt Unternehmen, die Ihnen f\u00fcr einen Tag alles bringen, was Sie ben\u00f6tigen (inkl. Fleisch, Teller, etc.). Alles wird am n\u00e4chsten Tag auch wieder abgeholt. Unter &#8222;<a href=\"https:\/\/indevlinderkes.nl\/de\/umgebung-und-aktivitaten\/\" data-type=\"page\" data-id=\"2038\">Umgebung und Aktivit\u00e4ten<\/a>&#8220; lesen Sie Weiteres zum Thema \u201e<a href=\"https:\/\/indevlinderkes.nl\/de\/umgebung-und-aktivitaten\/catering-und-grill\/\" data-type=\"page\" data-id=\"2050\">Catering und Grill<\/a>\u201c.&nbsp;<\/p>\n\n\n\n<p id=\"Hund-haustier\"><strong>Hund\/Haustier<\/strong>: <\/p>\n\n\n\n<p>Wir m\u00f6chten unseren Hund mitbringen, ist das m\u00f6glich?<\/p>\n\n\n\n<p>Ja, das ist auf Anfrage (maximal 2) m\u00f6glich. Informieren Sie uns bitte vorab, dass Sie ein Haustier\/Hund mitbringen m\u00f6chten. Au\u00dfer den Kosten in H\u00f6he von \u20ac 9,50 pro Tier (pro Tag) m\u00f6chten wir Sie auf drei Dinge hinweisen:<\/p>\n\n\n\n<ol class=\"wp-block-list\">\n<li>Haustiere d\u00fcrfen im Ferienhaus grunds\u00e4tzlich nicht unbeaufsichtigt alleine gelassen werden. Ein Hund im mitgebrachten Hundezwinger ist eine Ausnahme.<\/li>\n\n\n\n<li>Hunde m\u00fcssen ausserhalb unseres Privatgel\u00e4ndes ausgelassen werden. Es sind lediglich 25 Meter bis in den Wald.<\/li>\n\n\n\n<li>Sollten sich andere G\u00e4ste durch Ihr Haustier gest\u00f6rt f\u00fchlen, oder Angst vor Hunden haben, dann mu\u00df dieser angeleint werden. Wir behalten das gr\u00f6\u00dfte Urlaubsvergn\u00fcgen gerne unseren G\u00e4ste vor.<\/li>\n<\/ol>\n\n\n\n<p id=\"internet-wlan\"><strong>Internet\/WLAN<\/strong>: <\/p>\n\n\n\n<p>Gibt es in den Gruppenunterk\u00fcnften gratis Internetzugang bzw. WLAN f\u00fcr die Internetnutzung mit Laptop \/ Tablet \/ Handy?<\/p>\n\n\n\n<p>In beiden Gruppenh\u00e4usern ist ein WLAN-Netz eingerichtet. Sie k\u00f6nnen sich mit Ihren Apparaten gratis einloggen. Dabei m\u00fcssen wir Ihnen ehrlicherweise mitteilen, dass es sich nicht um die allerschnellste Datenverbindung handelt. Daher sind online Spiele, die viel Datenverkehr und hohe \u00dcbertragungsgeschwindigkeiten ben\u00f6tigen, nicht m\u00f6glich.<\/p>\n\n\n\n<p id=\"Kaffeefilter\"><strong>Kaffeefilter<\/strong>: <\/p>\n\n\n\n<p>Sind in der K\u00fcche Kaffeefilter vorhanden oder m\u00fcssen wir diese mitbringen?<\/p>\n\n\n\n<p>Nein, das brauchen Sie nicht. Es sind ausreichend Kaffeefilter vorhanden. Bitte bringen Sie jedoch Ihren eigenen Filterkaffee mit.<\/p>\n\n\n\n<p id=\"Kaution\"><strong>Kaution<\/strong>: <\/p>\n\n\n\n<p>Erhalten wir die Kaution bei Abreise bar zur\u00fcck?<\/p>\n\n\n\n<p>Die R\u00fcckerstattung der hinterlegten Kaution wird an Sie zur\u00fcck \u00fcberwiesen. Hierdurch k\u00f6nnen Missverst\u00e4ndnisse vermieden werden.<\/p>\n\n\n\n<p>Die Kaution wird (nach \u00dcberpr\u00fcfung der Unterkunft) auf das Bankkonto \u00fcberwiesen, das Sie f\u00fcr die erste Anzahlung benutzt haben.<\/p>\n\n\n\n<p id=\"kleine-kinder\"><strong>Kleine Kinder<\/strong>: <\/p>\n\n\n\n<p id=\"kleine-kinder\">Wir haben Kleinkinder \/ kleine Kinder bei uns. M\u00fcssen wir selbst Utensilien, wie z.B. Reisebett mitbringen?<\/p>\n\n\n\n<p>Die Antwort h\u00e4ngt von der Anzahl Kinder ab. Im Grunde sind in jeder Unterkunft 2 Kinderst\u00fchle, 2 Reisebettchen und ein Babybad- bzw. Babyauflage vorhanden. Diese k\u00f6nnen Sie gratis benutzen.<\/p>\n\n\n\n<p id=\"Kuchenaustattung-und-Geschirr\"><strong>K\u00fcchenaustattung und Geschirr: <\/strong><\/p>\n\n\n\n<p>Was ist in der Unterkunft so alles vorhanden?<\/p>\n\n\n\n<p>Die Unterk\u00fcnfte sind f\u00fcr 20 Personen vollst\u00e4ndig ausgestattet (ohne Speisen und Getr\u00e4nke versteht sich).<\/p>\n\n\n\n<p id=\"Musikanlage\"><strong>Musikanlage<\/strong>: <\/p>\n\n\n\n<p>Wir m\u00f6chten selbst eine Musikanlage mitbringen, ist das erlaubt?<\/p>\n\n\n\n<p>Wir verbieten Ihnen das Mitbringen einer eigenen Musikanlage nicht, allerdings brauchen Sie sie gar nicht, denn die Gruppenh\u00e4user sind mit eine Musikanlage mit CD-Spieler ausgestattet. Sie k\u00f6nnen an unsere Anlage auch einen Laptop oder i-Pod anschlie\u00dfen und Ihre eigene Musik abspielen.<\/p>\n\n\n\n<p>Bitte beachten Sie, dass keine L\u00e4rmbel\u00e4stigung f\u00fcr andere G\u00e4ste oder Anwohner entsteht. Vor allem abends\/nachts ist laute Musik untersagt.<\/p>\n\n\n\n<p id=\"Option\"><strong>Option<\/strong>: <\/p>\n\n\n\n<p>Wir interessieren uns f\u00fcr einen Urlaub bei \u201eIn de Vlinderkes\u201c, m\u00fcssen die Details jedoch noch mit anderen Personen besprechen. K\u00f6nnen wir f\u00fcr ein paar Tage eine Option nehmen?<\/p>\n\n\n\n<p>Sie k\u00f6nnen gerne eine Option f\u00fcr einen m\u00f6glichen Reisetermin mit uns besprechen. Eine freibleibende Reservierung ist kostenlos und gilt f\u00fcr maximal eine Woche. In dieser Zeitspanne nehmen wir keine andere Reservierung von anderen G\u00e4sten an.<\/p>\n\n\n\n<p id=\"Parken\"><strong>Parken<\/strong>:<\/p>\n\n\n\n<p>Wo k\u00f6nnen wir unsere Autos w\u00e4hrend des Aufenthalts parken?<\/p>\n\n\n\n<p>Zwischen den beiden Gruppenh\u00e4usern sind 4 Parkpl\u00e4tze, die zum Ein- und Ausladen von Gep\u00e4ck und Proviant bestimmt sind. Au\u00dferdem d\u00fcrfen hier Autos von Gehbehinderten w\u00e4hrend des gesamten Zeitraums geparkt bleiben. Ansonsten befinden sich auf der gegen\u00fcberliegenden Stra\u00dfenseite ausgeschilderte Parkpl\u00e4tze f\u00fcr unsere G\u00e4ste.<\/p>\n\n\n\n<p id=\"Raclette-Steingrill\"><strong>Raclette\/Steingrill:<\/strong> <\/p>\n\n\n\n<p id=\"Raclette-Steingrill\">Wir planen einen gem\u00fctlichen Abend mit Raclette oder Steingrill, ist das erlaubt?<\/p>\n\n\n\n<p>Nat\u00fcrlich k\u00f6nnen Sie einen gem\u00fctlichen Abend mit Raclette oder Steingrillen einplanen. Achten Sie jedoch darauf, dass dies nur mit elektrischen Apparaten erlaubt ist.<\/p>\n\n\n\n<p>Fragen Sie uns bitte, welche Steckdosen hierzu geeignet sind und wie eine zus\u00e4tzliche Ventilation eingeschaltet werden kann.<\/p>\n\n\n\n<p id=\"Rauchen\"><strong>Rauchen<\/strong>: <\/p>\n\n\n\n<p>Ist das Rauchen in den Gruppenunterk\u00fcnften gestattet?<\/p>\n\n\n\n<p>Im Unterkunft ist Rauchen nicht erlaubt. Darum haben wir eine Terrassen\u00fcberdachung.<\/p>\n\n\n\n<p id=\"Reiserucktrittsversicherung\"><strong>Reiser\u00fccktrittsversicherung<\/strong>:<\/p>\n\n\n\n<p>K\u00f6nnen wir so eine Versicherung f\u00fcr Unsere Gruppe Abschlie\u03b2en?<\/p>\n\n\n\n<p>Ja, auch Deutsche G\u00e4ste k\u00f6nnen so eine Versicherung abschlie\u03b2en.<\/p>\n\n\n\n<p>Klicken Sie auf nachfolgende Link;&nbsp;<a href=\"https:\/\/www.recreatieverzekeringen.nl\/Annuleringsverzekering-kortlopend-ondernemer\/101415\" target=\"_blank\" rel=\"noreferrer noopener\">https:\/\/www.recreatieverzekeringen.nl<\/a>&nbsp; &nbsp; Ist auch auf Deutsch.<\/p>\n\n\n\n<p>Bitte beachten Sie das Sie dieser<strong>&nbsp;innerhalb 7 Tagen<\/strong>&nbsp;nach Buchung Abschlie\u03b2en.<\/p>\n\n\n\n<p id=\"Schlittenfahren\"><strong>Schlittenfahren: <\/strong><\/p>\n\n\n\n<p>Vorausgesetzt es liegt Schnee, kann man dann in der N\u00e4he Schlittenfahren?<\/p>\n\n\n\n<p>Wir haben hier f\u00fcr Sie 6 verschiedene Schlitten bereit stehen, mit denen Sie auf dem ungef\u00e4hr 50 Meter entfernten \u201eSchwarzen Berg\u201c (zwarte berg) nach Herzenslust rodeln k\u00f6nnen. Es ist ein Sandberg, der zum Schlittenfahren auch unter den Einwohnern von Arcen sehr beliebt ist. Es ist ein Heidenspa\u00df f\u00fcr die Kinder.<\/p>\n\n\n\n<p><strong>Schwimmbad \/ Pool: <\/strong><\/p>\n\n\n\n<p id=\"Schwimmbad-Pool\">Wir haben gelesen, dass es auf dem Gel\u00e4nde ein Schwimmbad gibt. D\u00fcrfen wir\/unsere Kinder dort schwimmen?<\/p>\n\n\n\n<p>Das Schwimmbad befindet sich in unserem privaten Garten und kann nach R\u00fccksprache in den Sommermonaten gratis genutzt werden. Selbstverst\u00e4ndlich spielt das Wetter hierbei eine Rolle. Es kann aber sein das wir selbst unser Garten benutzen w\u00e4rend Zb. ein Geburtstag. Dann ist es leider nicht m\u00f6glich.<\/p>\n\n\n\n<p>Sie k\u00f6nnen das Schwimmbad leider nicht exklusiv f\u00fcr Ihre Gruppe reservieren.<\/p>\n\n\n\n<p>Weitere m\u00f6glichkeiten zum Schwimmen finden sie auf &#8222;<a href=\"https:\/\/indevlinderkes.nl\/de\/umgebung-und-aktivitaten\/\" data-type=\"page\" data-id=\"2038\">Umgebung und Aktivit\u00e4ten<\/a>&#8220; und dann unter &#8222;<a href=\"https:\/\/indevlinderkes.nl\/de\/umgebung-und-aktivitaten\/zwemmen\/\" data-type=\"page\" data-id=\"2116\">Schwimmen<\/a>&#8222;.<\/p>\n\n\n\n<p id=\"Waschmaschine\"><strong>Waschmaschine<\/strong>: <\/p>\n\n\n\n<p>Gibt es eine Waschmaschine \/ W\u00e4schetrockner in den Ferienh\u00e4usern?<\/p>\n\n\n\n<p>Nein, die Gruppenunterk\u00fcnfte haben keine eigene Waschmaschine oder Trockner. Schlie\u00dflich kommen Sie zu uns, um Urlaub zu machen. Sollten Sie dennoch einmal dringend etwas waschen wollen, k\u00f6nnen Sie gegen einen kleinen Betrag gerne unsere Waschmaschine und Trockner benutzen.<\/p>\n\n\n\n<p>In beiden Unterk\u00fcnften befinden sich jedoch eine Trockenschleuder und ein W\u00e4schest\u00e4nder.<\/p>\n\n\n\n<p id=\"WC-Papier\"><strong>WC-Papier: <\/strong><\/p>\n\n\n\n<p>M\u00fcssen wir selbst WC-Papier mitbringen?<\/p>\n\n\n\n<p>Nein, das ist selbstverst\u00e4ndlich vorhanden.<\/p>\n\n\n\n<p id=\"Anders\"><strong>Anders<\/strong>: <\/p>\n\n\n\n<p>Meine Frage ist leider nicht dabei, was kann ich tun?<\/p>\n\n\n\n<p>Schicken Sie uns Ihre Frage einfach per E-Mail an info@indevlinderkes, oder rufen Sie uns an auf 0031-6-820 70 992.<\/p>\n\n\n\n<p>Sie finden unsere weitere Angaben unter \u201e<a href=\"https:\/\/indevlinderkes.nl\/de\/kontakt\/\">Kontakt<\/a>\u201c.<\/p>\n","protected":false},"excerpt":{"rendered":"<p>Fragen und Antwort Abreise: Bis wie viel Uhr muss das Haus am Abreisetag verlassen sein? Wenn Ihre Abreise an einem Montag oder Freitag ist, sollten die H\u00e4user bis sp\u00e4testens 10:00 Uhr verlassen sein. Bei Abreise am Sonntag k\u00f6nnen Sie bis sp\u00e4testens 20:00 Uhr auschecken. Ankunft: Ab wann k\u00f6nnen wir einchecken bzw. k\u00f6nnen wir in das [&hellip;]<\/p>\n","protected":false},"author":1,"featured_media":0,"parent":2003,"menu_order":0,"comment_status":"closed","ping_status":"closed","template":"contact-template.php","meta":{"_acf_changed":false,"footnotes":""},"class_list":["post-2007","page","type-page","status-publish","hentry"],"acf":[],"_links":{"self":[{"href":"https:\/\/indevlinderkes.nl\/de\/wp-json\/wp\/v2\/pages\/2007","targetHints":{"allow":["GET"]}}],"collection":[{"href":"https:\/\/indevlinderkes.nl\/de\/wp-json\/wp\/v2\/pages"}],"about":[{"href":"https:\/\/indevlinderkes.nl\/de\/wp-json\/wp\/v2\/types\/page"}],"author":[{"embeddable":true,"href":"https:\/\/indevlinderkes.nl\/de\/wp-json\/wp\/v2\/users\/1"}],"replies":[{"embeddable":true,"href":"https:\/\/indevlinderkes.nl\/de\/wp-json\/wp\/v2\/comments?post=2007"}],"version-history":[{"count":18,"href":"https:\/\/indevlinderkes.nl\/de\/wp-json\/wp\/v2\/pages\/2007\/revisions"}],"predecessor-version":[{"id":3579,"href":"https:\/\/indevlinderkes.nl\/de\/wp-json\/wp\/v2\/pages\/2007\/revisions\/3579"}],"up":[{"embeddable":true,"href":"https:\/\/indevlinderkes.nl\/de\/wp-json\/wp\/v2\/pages\/2003"}],"wp:attachment":[{"href":"https:\/\/indevlinderkes.nl\/de\/wp-json\/wp\/v2\/media?parent=2007"}],"curies":[{"name":"wp","href":"https:\/\/api.w.org\/{rel}","templated":true}]}}