{"id":2003,"date":"2023-02-28T09:48:56","date_gmt":"2023-02-28T09:48:56","guid":{"rendered":"https:\/\/indevlinderkes.nl\/kontakt\/"},"modified":"2024-06-18T18:11:04","modified_gmt":"2024-06-18T18:11:04","slug":"kontakt","status":"publish","type":"page","link":"https:\/\/indevlinderkes.nl\/de\/kontakt\/","title":{"rendered":"Kontakt"},"content":{"rendered":"\n<h2 class=\"wp-block-heading title\">Kontakt<\/h2>\n\n\n\n<p>Liebe Besucher,<\/p>\n\n\n\n<p>Wir haben unser Bestes getan, um zwei charmante und luxuri\u00f6se Gruppenunterk\u00fcnfte zu bauen. Sie befinden sich in Nord-Limburg, in fu\u00dfl\u00e4ufiger Entfernung von Arcen, der Maas und der wundersch\u00f6nen Natur der Maasduinen. Unter der Rubrik <a href=\"https:\/\/indevlinderkes.nl\/de\/umgebung-und-aktivitaten\/\" data-type=\"page\" data-id=\"2038\">&#8222;Umgebung und Aktivit\u00e4ten&#8220;<\/a> finden Sie Informationen zu den vielen M\u00f6glichkeiten, Aktivit\u00e4ten und Sehensw\u00fcrdigkeiten.  <\/p>\n\n\n\n<p>Wenn Sie mehr erfahren m\u00f6chten oder eine Reservierung vornehmen m\u00f6chten, k\u00f6nnen Sie uns gerne per E-Mail kontaktieren oder anrufen.<\/p>\n\n\n\n<p>Selbstverst\u00e4ndlich k\u00f6nnen Sie auch (nach Vereinbarung) gerne vorbeikommen und sich umschauen.<br>Wenn der Kaffee nicht schon fertig ist, dann ist er schnell gesetzt!<\/p>\n\n\n\n<p><strong>Sie sind herzlich willkommen.<\/strong><\/p>\n\n\n\n<p>Met freundlichem &#8218;Schmetterling&#8216;-Gru\u00df,<\/p>\n\n\n\n<p>Eric und Diane van Schijndel<br>Brandemolen 20<br>5944 NE, Arcen<br>Telefoon: 00-31-77-374 31 31<br>Handy Eric: 00-31-6-820 70 992<br>Website: <a href=\"http:\/\/www.indevlinderkes.nl\" data-type=\"link\" data-id=\"www.indevlinderkes.nl\">www.indevlinderkes.nl<\/a><br>e-mail: <a href=\"mailto:info@indevlinderkes.nl\">info@indevlinderkes.nl<\/a><\/p>\n\n\n\n<p>Facebook: <a rel=\"noreferrer noopener\" href=\"https:\/\/www.facebook.com\/vlinderkes\" target=\"_blank\">www.facebook.com\/vlinderkes<\/a><\/p>\n\n\n\n<p>K.v.K. Venlo 14 100 467<\/p>\n\n\n\n<p>BTW. NL 819074883B01 <\/p>\n\n\n\n<iframe src=\"https:\/\/www.google.com\/maps\/embed?pb=!1m18!1m12!1m3!1d2484.7876178452357!2d6.187240606986744!3d51.48041258225166!2m3!1f0!2f0!3f0!3m2!1i1024!2i768!4f13.1!3m3!1m2!1s0x47c75d27d81a06a9%3A0xa34839c22e62e85!2sGroepsaccommodatie%20In%20de%20Vlinderkes!5e0!3m2!1snl!2snl!4v1679560551229!5m2!1snl!2snl\" width=\"100%\" height=\"450\" style=\"border:0;\" allowfullscreen=\"\" loading=\"lazy\" referrerpolicy=\"no-referrer-when-downgrade\"><\/iframe>\n\n\n<p class=\"wpcf7-contact-form-not-found\"><strong>Fehler:<\/strong> Kontaktformular wurde nicht gefunden.<\/p>\n","protected":false},"excerpt":{"rendered":"<p>Kontakt Liebe Besucher, Wir haben unser Bestes getan, um zwei charmante und luxuri\u00f6se Gruppenunterk\u00fcnfte zu bauen. Sie befinden sich in Nord-Limburg, in fu\u00dfl\u00e4ufiger Entfernung von Arcen, der Maas und der wundersch\u00f6nen Natur der Maasduinen. Unter der Rubrik &#8222;Umgebung und Aktivit\u00e4ten&#8220; finden Sie Informationen zu den vielen M\u00f6glichkeiten, Aktivit\u00e4ten und Sehensw\u00fcrdigkeiten. Wenn Sie mehr erfahren m\u00f6chten [&hellip;]<\/p>\n","protected":false},"author":1,"featured_media":0,"parent":0,"menu_order":0,"comment_status":"closed","ping_status":"closed","template":"contact-template.php","meta":{"_acf_changed":false,"footnotes":""},"class_list":["post-2003","page","type-page","status-publish","hentry"],"acf":[],"_links":{"self":[{"href":"https:\/\/indevlinderkes.nl\/de\/wp-json\/wp\/v2\/pages\/2003","targetHints":{"allow":["GET"]}}],"collection":[{"href":"https:\/\/indevlinderkes.nl\/de\/wp-json\/wp\/v2\/pages"}],"about":[{"href":"https:\/\/indevlinderkes.nl\/de\/wp-json\/wp\/v2\/types\/page"}],"author":[{"embeddable":true,"href":"https:\/\/indevlinderkes.nl\/de\/wp-json\/wp\/v2\/users\/1"}],"replies":[{"embeddable":true,"href":"https:\/\/indevlinderkes.nl\/de\/wp-json\/wp\/v2\/comments?post=2003"}],"version-history":[{"count":5,"href":"https:\/\/indevlinderkes.nl\/de\/wp-json\/wp\/v2\/pages\/2003\/revisions"}],"predecessor-version":[{"id":3582,"href":"https:\/\/indevlinderkes.nl\/de\/wp-json\/wp\/v2\/pages\/2003\/revisions\/3582"}],"wp:attachment":[{"href":"https:\/\/indevlinderkes.nl\/de\/wp-json\/wp\/v2\/media?parent=2003"}],"curies":[{"name":"wp","href":"https:\/\/api.w.org\/{rel}","templated":true}]}}