{"id":1999,"date":"2023-03-09T08:39:06","date_gmt":"2023-03-09T08:39:06","guid":{"rendered":"https:\/\/indevlinderkes.nl\/unterkunfte\/vliervlinder\/"},"modified":"2025-10-12T10:21:36","modified_gmt":"2025-10-12T10:21:36","slug":"vliervlinder","status":"publish","type":"page","link":"https:\/\/indevlinderkes.nl\/de\/unterkunfte\/vliervlinder\/","title":{"rendered":"Vliervlinder"},"content":{"rendered":"\n<h2 class=\"wp-block-heading title\">Vliervlinder<\/h2>\n\n\n\n<p>Der Vliervlinder ist ein freistehendes Freizeitgeb\u00e4ude und wurde 2016 gebaut.<\/p>\n\n\n\n<p>Die G\u00e4ste beider Unterk\u00fcnfte k\u00f6nnen dieses Geb\u00e4ude nach dem Motto nutzen: gemeinsam spielen, gemeinsam teilen.<\/p>\n\n\n\n<p>Die folgenden Spiele warten auf Sie:<\/p>\n\n\n\n<ul class=\"wp-block-list\">\n<li>Tischtennisplatte.<\/li>\n\n\n\n<li>Tischfu\u00dfball.<\/li>\n\n\n\n<li>Riesiges Shuffleboard.<\/li>\n\n\n\n<li>Giganten 4 in einer Reihe.<\/li>\n\n\n\n<li>Holl\u00e4ndisches K\u00e4selochspiel.<\/li>\n\n\n\n<li>Dartscheibe (Darts gegen Kaution erh\u00e4ltlich).<\/li>\n\n\n\n<li>Spiel-K\u00fcchenzeile.<\/li>\n\n\n\n<li>Djenga.<\/li>\n\n\n\n<li>Spielbox&nbsp;mit B\u00e4llen, Kegeln, Wurfspielen etc. f\u00fcr drau\u00dfen.<\/li>\n\n\n\n<li>Garage mit Gokarts, Scootern, Wagen usw.<\/li>\n\n\n\n<li>Und auch ein Trampolin, ein Spielhaus mit Rutschen, eine Schaukel und Minitore.<\/li>\n<\/ul>\n\n\n\n<p>Vor dem Geb\u00e4ude befindet sich eine Terrasse mit Gartentisch und B\u00e4nken, auf der Sie die (Fr\u00fchjahrs- oder Herbst-) Sonne genie\u00dfen k\u00f6nnen.<\/p>\n\n\n\n<p>Das Geb\u00e4ude ist mit Heizung und\/oder Klimaanlage ausgestattet.<\/p>\n\n\n\n<p>Um Vandalismus und\/oder unsachgem\u00e4\u00dfe Nutzung zu verhindern, gibt es eine 24-Stunden-Video\u00fcberwachung!<\/p>\n\n\n\n<p>Elderflower steht unseren G\u00e4sten von 09:00 bis 22:00 Uhr zur Verf\u00fcgung.<\/p>\n\n\n\n<p>Au\u00dferdem k\u00f6nnen Sie bei uns auch das Spiel Kubb und eine Klootschietroute gegen eine geringe Geb\u00fchr ausleihen.<\/p>\n\n\n\n<div class=\"wp-block-columns is-layout-flex wp-container-core-columns-is-layout-9d6595d7 wp-block-columns-is-layout-flex\">\n<div class=\"wp-block-column is-layout-flow wp-block-column-is-layout-flow\">\n<figure class=\"wp-block-gallery has-nested-images columns-default is-cropped wp-block-gallery-1 is-layout-flex wp-block-gallery-is-layout-flex\">\n<figure class=\"wp-block-image size-large\"><a href=\"https:\/\/indevlinderkes.nl\/wp-content\/uploads\/2023\/12\/vliervlinder_indevlinderkes_01.jpg\"><img loading=\"lazy\" decoding=\"async\" width=\"640\" height=\"480\" data-id=\"3263\" src=\"https:\/\/indevlinderkes.nl\/wp-content\/uploads\/2023\/12\/vliervlinder_indevlinderkes_01.jpg\" alt=\"\" class=\"wp-image-3263\" srcset=\"https:\/\/indevlinderkes.nl\/wp-content\/uploads\/2023\/12\/vliervlinder_indevlinderkes_01.jpg 640w, https:\/\/indevlinderkes.nl\/wp-content\/uploads\/2023\/12\/vliervlinder_indevlinderkes_01-300x225.jpg 300w\" sizes=\"auto, (max-width: 640px) 100vw, 640px\" \/><\/a><\/figure>\n\n\n\n<figure class=\"wp-block-image size-large\"><a href=\"https:\/\/indevlinderkes.nl\/wp-content\/uploads\/2023\/12\/vliervlinder_indevlinderkes_02.jpg\"><img loading=\"lazy\" decoding=\"async\" width=\"640\" height=\"480\" data-id=\"3265\" src=\"https:\/\/indevlinderkes.nl\/wp-content\/uploads\/2023\/12\/vliervlinder_indevlinderkes_02.jpg\" alt=\"\" class=\"wp-image-3265\" srcset=\"https:\/\/indevlinderkes.nl\/wp-content\/uploads\/2023\/12\/vliervlinder_indevlinderkes_02.jpg 640w, https:\/\/indevlinderkes.nl\/wp-content\/uploads\/2023\/12\/vliervlinder_indevlinderkes_02-300x225.jpg 300w\" sizes=\"auto, (max-width: 640px) 100vw, 640px\" \/><\/a><\/figure>\n\n\n\n<figure class=\"wp-block-image size-large\"><a href=\"https:\/\/indevlinderkes.nl\/wp-content\/uploads\/2023\/12\/vliervlinder_indevlinderkes_03.jpg\"><img loading=\"lazy\" decoding=\"async\" width=\"640\" height=\"480\" data-id=\"3267\" src=\"https:\/\/indevlinderkes.nl\/wp-content\/uploads\/2023\/12\/vliervlinder_indevlinderkes_03.jpg\" alt=\"\" class=\"wp-image-3267\" srcset=\"https:\/\/indevlinderkes.nl\/wp-content\/uploads\/2023\/12\/vliervlinder_indevlinderkes_03.jpg 640w, https:\/\/indevlinderkes.nl\/wp-content\/uploads\/2023\/12\/vliervlinder_indevlinderkes_03-300x225.jpg 300w\" sizes=\"auto, (max-width: 640px) 100vw, 640px\" \/><\/a><\/figure>\n\n\n\n<figure class=\"wp-block-image size-large\"><a href=\"https:\/\/indevlinderkes.nl\/wp-content\/uploads\/2023\/12\/vliervlinder_indevlinderkes_04.jpg\"><img loading=\"lazy\" decoding=\"async\" width=\"640\" height=\"480\" data-id=\"3269\" src=\"https:\/\/indevlinderkes.nl\/wp-content\/uploads\/2023\/12\/vliervlinder_indevlinderkes_04.jpg\" alt=\"\" class=\"wp-image-3269\" srcset=\"https:\/\/indevlinderkes.nl\/wp-content\/uploads\/2023\/12\/vliervlinder_indevlinderkes_04.jpg 640w, https:\/\/indevlinderkes.nl\/wp-content\/uploads\/2023\/12\/vliervlinder_indevlinderkes_04-300x225.jpg 300w\" sizes=\"auto, (max-width: 640px) 100vw, 640px\" \/><\/a><\/figure>\n\n\n\n<figure class=\"wp-block-image size-large\"><a href=\"https:\/\/indevlinderkes.nl\/wp-content\/uploads\/2023\/12\/vliervlinder_indevlinderkes_05.jpg\"><img loading=\"lazy\" decoding=\"async\" width=\"640\" height=\"480\" data-id=\"3271\" src=\"https:\/\/indevlinderkes.nl\/wp-content\/uploads\/2023\/12\/vliervlinder_indevlinderkes_05.jpg\" alt=\"\" class=\"wp-image-3271\" srcset=\"https:\/\/indevlinderkes.nl\/wp-content\/uploads\/2023\/12\/vliervlinder_indevlinderkes_05.jpg 640w, https:\/\/indevlinderkes.nl\/wp-content\/uploads\/2023\/12\/vliervlinder_indevlinderkes_05-300x225.jpg 300w\" sizes=\"auto, (max-width: 640px) 100vw, 640px\" \/><\/a><\/figure>\n\n\n\n<figure class=\"wp-block-image size-large\"><a href=\"https:\/\/indevlinderkes.nl\/wp-content\/uploads\/2023\/12\/vliervlinder_indevlinderkes_06.jpg\"><img loading=\"lazy\" decoding=\"async\" width=\"640\" height=\"480\" data-id=\"3273\" src=\"https:\/\/indevlinderkes.nl\/wp-content\/uploads\/2023\/12\/vliervlinder_indevlinderkes_06.jpg\" alt=\"\" class=\"wp-image-3273\" srcset=\"https:\/\/indevlinderkes.nl\/wp-content\/uploads\/2023\/12\/vliervlinder_indevlinderkes_06.jpg 640w, https:\/\/indevlinderkes.nl\/wp-content\/uploads\/2023\/12\/vliervlinder_indevlinderkes_06-300x225.jpg 300w\" sizes=\"auto, (max-width: 640px) 100vw, 640px\" \/><\/a><\/figure>\n\n\n\n<figure class=\"wp-block-image size-large\"><a href=\"https:\/\/indevlinderkes.nl\/wp-content\/uploads\/2023\/12\/vliervlinder_indevlinderkes_07.jpg\"><img loading=\"lazy\" decoding=\"async\" width=\"640\" height=\"480\" data-id=\"3275\" src=\"https:\/\/indevlinderkes.nl\/wp-content\/uploads\/2023\/12\/vliervlinder_indevlinderkes_07.jpg\" alt=\"\" class=\"wp-image-3275\" srcset=\"https:\/\/indevlinderkes.nl\/wp-content\/uploads\/2023\/12\/vliervlinder_indevlinderkes_07.jpg 640w, https:\/\/indevlinderkes.nl\/wp-content\/uploads\/2023\/12\/vliervlinder_indevlinderkes_07-300x225.jpg 300w\" sizes=\"auto, (max-width: 640px) 100vw, 640px\" \/><\/a><\/figure>\n\n\n\n<figure class=\"wp-block-image size-large\"><a href=\"https:\/\/indevlinderkes.nl\/wp-content\/uploads\/2023\/12\/vliervlinder_indevlinderkes_08.jpg\"><img loading=\"lazy\" decoding=\"async\" width=\"640\" height=\"480\" data-id=\"3277\" src=\"https:\/\/indevlinderkes.nl\/wp-content\/uploads\/2023\/12\/vliervlinder_indevlinderkes_08.jpg\" alt=\"\" class=\"wp-image-3277\" srcset=\"https:\/\/indevlinderkes.nl\/wp-content\/uploads\/2023\/12\/vliervlinder_indevlinderkes_08.jpg 640w, https:\/\/indevlinderkes.nl\/wp-content\/uploads\/2023\/12\/vliervlinder_indevlinderkes_08-300x225.jpg 300w\" sizes=\"auto, (max-width: 640px) 100vw, 640px\" \/><\/a><\/figure>\n<\/figure>\n<\/div>\n<\/div>\n\n\n\n<div style=\"height:50px\" aria-hidden=\"true\" class=\"wp-block-spacer\"><\/div>\n","protected":false},"excerpt":{"rendered":"<p>Vliervlinder Der Vliervlinder ist ein freistehendes Freizeitgeb\u00e4ude und wurde 2016 gebaut. Die G\u00e4ste beider Unterk\u00fcnfte k\u00f6nnen dieses Geb\u00e4ude nach dem Motto nutzen: gemeinsam spielen, gemeinsam teilen. Die folgenden Spiele warten auf Sie: Vor dem Geb\u00e4ude befindet sich eine Terrasse mit Gartentisch und B\u00e4nken, auf der Sie die (Fr\u00fchjahrs- oder Herbst-) Sonne genie\u00dfen k\u00f6nnen. Das Geb\u00e4ude [&hellip;]<\/p>\n","protected":false},"author":1,"featured_media":0,"parent":1990,"menu_order":0,"comment_status":"closed","ping_status":"closed","template":"accommodatie-template.php","meta":{"_acf_changed":false,"footnotes":""},"class_list":["post-1999","page","type-page","status-publish","hentry"],"acf":[],"_links":{"self":[{"href":"https:\/\/indevlinderkes.nl\/de\/wp-json\/wp\/v2\/pages\/1999","targetHints":{"allow":["GET"]}}],"collection":[{"href":"https:\/\/indevlinderkes.nl\/de\/wp-json\/wp\/v2\/pages"}],"about":[{"href":"https:\/\/indevlinderkes.nl\/de\/wp-json\/wp\/v2\/types\/page"}],"author":[{"embeddable":true,"href":"https:\/\/indevlinderkes.nl\/de\/wp-json\/wp\/v2\/users\/1"}],"replies":[{"embeddable":true,"href":"https:\/\/indevlinderkes.nl\/de\/wp-json\/wp\/v2\/comments?post=1999"}],"version-history":[{"count":12,"href":"https:\/\/indevlinderkes.nl\/de\/wp-json\/wp\/v2\/pages\/1999\/revisions"}],"predecessor-version":[{"id":3672,"href":"https:\/\/indevlinderkes.nl\/de\/wp-json\/wp\/v2\/pages\/1999\/revisions\/3672"}],"up":[{"embeddable":true,"href":"https:\/\/indevlinderkes.nl\/de\/wp-json\/wp\/v2\/pages\/1990"}],"wp:attachment":[{"href":"https:\/\/indevlinderkes.nl\/de\/wp-json\/wp\/v2\/media?parent=1999"}],"curies":[{"name":"wp","href":"https:\/\/api.w.org\/{rel}","templated":true}]}}