{"id":1990,"date":"2023-02-28T09:47:53","date_gmt":"2023-02-28T09:47:53","guid":{"rendered":"https:\/\/indevlinderkes.nl\/?page_id=1990"},"modified":"2023-12-13T04:57:31","modified_gmt":"2023-12-13T04:57:31","slug":"unterkunfte","status":"publish","type":"page","link":"https:\/\/indevlinderkes.nl\/de\/unterkunfte\/","title":{"rendered":"Unterk\u00fcnfte"},"content":{"rendered":"\n<div class=\"wp-block-columns is-layout-flex wp-container-core-columns-is-layout-9d6595d7 wp-block-columns-is-layout-flex\">\n<div class=\"wp-block-column is-layout-flow wp-block-column-is-layout-flow\">\n<h2 class=\"wp-block-heading title\">Atalanta<\/h2>\n\n\n\n<figure class=\"wp-block-image size-full\"><a href=\"https:\/\/indevlinderkes.nl\/de\/accomodaties\/atalanta\/\"><img loading=\"lazy\" decoding=\"async\" width=\"640\" height=\"480\" src=\"https:\/\/indevlinderkes.nl\/wp-content\/uploads\/2023\/12\/atalanta_indevlinderkes_01.jpg\" alt=\"\" class=\"wp-image-3213\" srcset=\"https:\/\/indevlinderkes.nl\/wp-content\/uploads\/2023\/12\/atalanta_indevlinderkes_01.jpg 640w, https:\/\/indevlinderkes.nl\/wp-content\/uploads\/2023\/12\/atalanta_indevlinderkes_01-300x225.jpg 300w\" sizes=\"auto, (max-width: 640px) 100vw, 640px\" \/><\/a><\/figure>\n\n\n\n<p>Die Unterkunft Atalanta, geeignet f\u00fcr 16 Personen, wurde Ende 2008 neu gebaut, ist luxuri\u00f6s, stimmungsvoll, freistehend und bietet viel Privatsph\u00e4re.<\/p>\n<\/div>\n\n\n\n<div class=\"wp-block-column is-layout-flow wp-block-column-is-layout-flow\">\n<h2 class=\"wp-block-heading title\">Koninginnepage<\/h2>\n\n\n\n<figure class=\"wp-block-image size-full\"><a href=\"https:\/\/indevlinderkes.nl\/de\/accomodaties\/koninginnepage\/\"><img loading=\"lazy\" decoding=\"async\" width=\"640\" height=\"480\" src=\"https:\/\/indevlinderkes.nl\/wp-content\/uploads\/2023\/12\/koninginnepage_indevlinderkes_01.jpg\" alt=\"\" class=\"wp-image-3157\" srcset=\"https:\/\/indevlinderkes.nl\/wp-content\/uploads\/2023\/12\/koninginnepage_indevlinderkes_01.jpg 640w, https:\/\/indevlinderkes.nl\/wp-content\/uploads\/2023\/12\/koninginnepage_indevlinderkes_01-300x225.jpg 300w\" sizes=\"auto, (max-width: 640px) 100vw, 640px\" \/><\/a><\/figure>\n\n\n\n<p>Die Unterkunft Koninginnepage, geeignet f\u00fcr 18 Personen, wurde 2011 neu gebaut, ist luxuri\u00f6s, stimmungsvoll, freistehend und bietet viel Privatsph\u00e4re.<\/p>\n\n\n\n<p>Das Ferienhaus ist gem\u00fctlich, stimmungsvoll und kinderfreundlich, gut isoliert und mit Fu\u00dfbodenheizung ausgestattet. Im gem\u00fctlichen Wohn-\/Esszimmer gibt es einen gro\u00dfen HD-Fernseher und Blu-Ray-Player sowie eine Klimaanlage. Nat\u00fcrlich gibt es auch<\/p>\n<\/div>\n<\/div>\n\n\n\n<div class=\"wp-block-columns is-layout-flex wp-container-core-columns-is-layout-9d6595d7 wp-block-columns-is-layout-flex\">\n<div class=\"wp-block-column is-layout-flow wp-block-column-is-layout-flow\">\n<h2 class=\"wp-block-heading title\">Vliervlinder<\/h2>\n\n\n\n<div class=\"wp-block-columns is-layout-flex wp-container-core-columns-is-layout-9d6595d7 wp-block-columns-is-layout-flex\">\n<div class=\"wp-block-column is-layout-flow wp-block-column-is-layout-flow\">\n<figure class=\"wp-block-image size-full\"><a href=\"https:\/\/indevlinderkes.nl\/de\/accomodaties\/vliervlinder\/\"><img loading=\"lazy\" decoding=\"async\" width=\"640\" height=\"480\" src=\"https:\/\/indevlinderkes.nl\/wp-content\/uploads\/2023\/12\/vliervlinder_indevlinderkes_01.jpg\" alt=\"\" class=\"wp-image-3263\" srcset=\"https:\/\/indevlinderkes.nl\/wp-content\/uploads\/2023\/12\/vliervlinder_indevlinderkes_01.jpg 640w, https:\/\/indevlinderkes.nl\/wp-content\/uploads\/2023\/12\/vliervlinder_indevlinderkes_01-300x225.jpg 300w\" sizes=\"auto, (max-width: 640px) 100vw, 640px\" \/><\/a><\/figure>\n\n\n\n<p>Der Vliervlinder ist ein freistehendes Freizeitgeb\u00e4ude und wurde 2016 gebaut.<\/p>\n\n\n\n<p>Die G\u00e4ste beider Unterk\u00fcnfte k\u00f6nnen dieses Geb\u00e4ude auf der Grundlage von nutzen:<\/p>\n<\/div>\n\n\n\n<div class=\"wp-block-column is-layout-flow wp-block-column-is-layout-flow\"><\/div>\n<\/div>\n\n\n\n<div style=\"height:25px\" aria-hidden=\"true\" class=\"wp-block-spacer\"><\/div>\n<\/div>\n<\/div>\n","protected":false},"excerpt":{"rendered":"<p>Atalanta Die Unterkunft Atalanta, geeignet f\u00fcr 16 Personen, wurde Ende 2008 neu gebaut, ist luxuri\u00f6s, stimmungsvoll, freistehend und bietet viel Privatsph\u00e4re. Koninginnepage Die Unterkunft Koninginnepage, geeignet f\u00fcr 18 Personen, wurde 2011 neu gebaut, ist luxuri\u00f6s, stimmungsvoll, freistehend und bietet viel Privatsph\u00e4re. Das Ferienhaus ist gem\u00fctlich, stimmungsvoll und kinderfreundlich, gut isoliert und mit Fu\u00dfbodenheizung ausgestattet. Im [&hellip;]<\/p>\n","protected":false},"author":1,"featured_media":0,"parent":0,"menu_order":0,"comment_status":"closed","ping_status":"closed","template":"accommodatie-template.php","meta":{"_acf_changed":false,"footnotes":""},"class_list":["post-1990","page","type-page","status-publish","hentry"],"acf":[],"_links":{"self":[{"href":"https:\/\/indevlinderkes.nl\/de\/wp-json\/wp\/v2\/pages\/1990","targetHints":{"allow":["GET"]}}],"collection":[{"href":"https:\/\/indevlinderkes.nl\/de\/wp-json\/wp\/v2\/pages"}],"about":[{"href":"https:\/\/indevlinderkes.nl\/de\/wp-json\/wp\/v2\/types\/page"}],"author":[{"embeddable":true,"href":"https:\/\/indevlinderkes.nl\/de\/wp-json\/wp\/v2\/users\/1"}],"replies":[{"embeddable":true,"href":"https:\/\/indevlinderkes.nl\/de\/wp-json\/wp\/v2\/comments?post=1990"}],"version-history":[{"count":8,"href":"https:\/\/indevlinderkes.nl\/de\/wp-json\/wp\/v2\/pages\/1990\/revisions"}],"predecessor-version":[{"id":3314,"href":"https:\/\/indevlinderkes.nl\/de\/wp-json\/wp\/v2\/pages\/1990\/revisions\/3314"}],"wp:attachment":[{"href":"https:\/\/indevlinderkes.nl\/de\/wp-json\/wp\/v2\/media?parent=1990"}],"curies":[{"name":"wp","href":"https:\/\/api.w.org\/{rel}","templated":true}]}}