{"id":148,"date":"2023-03-09T09:55:27","date_gmt":"2023-03-09T09:55:27","guid":{"rendered":"http:\/\/localhost\/In%20de%20Vlinderkes\/?page_id=148"},"modified":"2024-03-28T16:04:55","modified_gmt":"2024-03-28T16:04:55","slug":"duitstaligen","status":"publish","type":"page","link":"https:\/\/indevlinderkes.nl\/de\/gastenboek\/duitstaligen\/","title":{"rendered":"Deutschsprachige"},"content":{"rendered":"\n<h2 class=\"wp-block-heading title\">Deutschsprachige<\/h2>\n\n\n\n<p><a>Sehen Sie, was Gruppen in unser G\u00e4stebuch geschrieben haben.<\/a><\/p>\n\n\n\n<p>G\u00e4stebuch Atalanta. 1. Mai 2016<\/p>\n\n\n\n<p>Wohngruppe Vincenz.<\/p>\n\n\n\n<p>Wir haben uns wohl gefuhlt.<\/p>\n\n\n\n<p>Die Anlage ist ruhig gelegen. Viel Platz. Sch\u00f6n um xich zuerholen.<\/p>\n\n\n\n<p>Es besteht die M\u00f6glichkeit jeder Zeit Ausfl\u00fcge zu machen.<\/p>\n\n\n\n<p>Wo auch Menschen mit Behinderung mitmachen k\u00f6nnen.<\/p>\n\n\n\n<p>*Sehr Behinderten gerecht.<\/p>\n\n\n\n<p>Mit freundlichen Grussen Wohngruppe Vincenz!!!<\/p>\n\n\n\n<p><\/p>\n\n\n\n<p>G\u00e4stebuch Atalanta. 22. November 2015<\/p>\n\n\n\n<p>Hallo,<\/p>\n\n\n\n<p>Vielen Dank f\u00fcr alles!<\/p>\n\n\n\n<p>Das war ein sehr guter Aufenthalt f\u00fcr uns.<\/p>\n\n\n\n<p>Wir haben die Zeit sehr genossen.<\/p>\n\n\n\n<p>Das Haus ist wundersch\u00f6n.<\/p>\n\n\n\n<p>Wir haben uns alle sehr wohl gefuhlt.<\/p>\n\n\n\n<p>Groetjes, Jugendwerk de AWOOWL<\/p>\n\n\n\n<p><\/p>\n\n\n\n<p>G\u00e4stebuch Koninginnepage 20. November 2015.<\/p>\n\n\n\n<p>Das Erich-Plauschinat-Haus.<\/p>\n\n\n\n<p>(Wohnheim f\u00fcr Menschen mit Behinderungen)<\/p>\n\n\n\n<p>Der Kaiserswerther Diakonie, D\u00fcsseldorf,<\/p>\n\n\n\n<p>bedankt xich f\u00fce eine sehr sch\u00f6ne und erholsame Woche in einer w\u00fcndersch\u00f6nen Umgebung!<\/p>\n\n\n\n<p>Sehr gerne werden wir ihr Haus mit bestem Gewissen weiterempfehlen!<\/p>\n\n\n\n<p>Liebe Grusse,<\/p>\n\n\n\n<p>Die Bewohner und Mitarbeiter des EPH&#8217;S<\/p>\n\n\n\n<p><\/p>\n\n\n\n<p>G\u00e4stebuch Atalanta, 30. August 2015<\/p>\n\n\n\n<p>Das Erich-Plauschinat-Haus (Wohnheim f\u00fcr Menschen mit Behinderungen) der Kaiserswerther Diakonie, D\u00fcsseldorf,<\/p>\n\n\n\n<p>bedankt sich f\u00fcr eine sehr sch\u00f6ne und erholsame Woche in einer w\u00fcndersch\u00f6nen Umgebung !<\/p>\n\n\n\n<p>Sehr gerne werden wir ihr Haus mit bestem Gewissen weiterempfehlen !<\/p>\n\n\n\n<p>Liebe Grusse,<\/p>\n\n\n\n<p>Die Bewohner und Mitarbeiter de EPH&#8217;S<\/p>\n\n\n\n<p><\/p>\n\n\n\n<p>G\u00e4stebuch Atalanta, 17. August 2015<\/p>\n\n\n\n<p>BAFF &#8211; FREIZEIT<\/p>\n\n\n\n<p>Lebenhilfe Retlingen -D in Arcen Vlinderkes<\/p>\n\n\n\n<p>Herzlichen Dank f\u00fcr die tolle Herberge.<\/p>\n\n\n\n<p>Wir haben uns alle sehr wohl gef\u00fchlt.<\/p>\n\n\n\n<p><\/p>\n\n\n\n<p>G\u00e4stebuch Koninginnepage. 3. Juli 2015<\/p>\n\n\n\n<p>Es war SuperToll!<\/p>\n\n\n\n<p>Danke<\/p>\n\n\n\n<p>Die Bewoner von D.B. 1-2 Gangelt.<\/p>\n\n\n\n<p>Prachtig huis, heerlijke bedden, Super tuin.<\/p>\n\n\n\n<p>Groetjes Zita + Wahler<\/p>\n\n\n\n<p><\/p>\n\n\n\n<p>G\u00e4stebuch Koninginnepage, 16. August 2015<\/p>\n\n\n\n<p>Danke f\u00fcr die sch\u00f6ne Gastfreundlichkeit !<\/p>\n\n\n\n<p>Wir haben uns bei euch sehr wohl gef\u00fchlt.<\/p>\n\n\n\n<p>Die Gruppe der Lebenshilfe Ingolstadt.<\/p>\n\n\n\n<p><\/p>\n\n\n\n<p>G\u00e4stebuch Koninginnepage, 10. April 2015<\/p>\n\n\n\n<p>&#8222;De Vlinderkes&#8220;<\/p>\n\n\n\n<p>Liebe Diane &amp; Eric,<\/p>\n\n\n\n<p>Wir alle: (zeichnung von alle Personen) &#8230;. haben uns sehr wohl gef\u00fchlt,<\/p>\n\n\n\n<p>und kommen bestimmt nochmal wieder !<\/p>\n\n\n\n<p>Die K\u00f6hlers, Hagedorns &amp; Schmidts<\/p>\n\n\n\n<p>Danke<\/p>\n\n\n\n<p><\/p>\n\n\n\n<p>G\u00e4stebuch Atalanta, 5. Oktober 2014<\/p>\n\n\n\n<p>Lieber Eric, Liebe Diane,<\/p>\n\n\n\n<p>Vielen Dank f\u00fcr die sch\u00f6ne Zeit hier bei Euch in Arcen.<\/p>\n\n\n\n<p>Dank Eurer Gastfreundlichkeit, des tollen Hauses und der sch\u00f6nen Umgebung durften wir 2 wundersch\u00f6ne Wochen bei verbringen.<\/p>\n\n\n\n<p>Dennis, Peter, Beatrice, Theresa, Tamara, Carolin, Reiner, Nortin, Feli, Stephanie, Kasten, Olbisch, Lutz.<\/p>\n\n\n\n<p><\/p>\n\n\n\n<p>G\u00e4stebuch Koninginnepage 21. Juli 2014<\/p>\n\n\n\n<p>Es war sch\u00f6n hier bei euch, wir werden bestimmt nochmal hierher kommen.<\/p>\n\n\n\n<p>Wir w\u00fcnschen euch bis dahin alle Gute.<\/p>\n\n\n\n<p>Die EWW-Truppe aus Bremerhaven<\/p>\n\n\n\n<p><\/p>\n\n\n\n<p>G\u00e4stebuch Atalanta, 24. April 2014<\/p>\n\n\n\n<p>Vielen herzlichen Dank, f\u00fcr diesen wundervollen Ort, den Ihr hier geschaffen habt !<\/p>\n\n\n\n<p>Wir alle haben es hier sehr genossen und fahren entspannt und erholt nach Hause.<\/p>\n\n\n\n<p>Es war etwas ganz Besonderes !<\/p>\n\n\n\n<p>Alles gute f\u00fcr Euch.<\/p>\n\n\n\n<p><\/p>\n\n\n\n<p>G\u00e4stebuch Atalanta, 3. Januar 2014<\/p>\n\n\n\n<p>Hallo Eric en Diane,<\/p>\n\n\n\n<p>Hartelijk bedankt vor de super vakantie !<\/p>\n\n\n\n<p>Mit 20 Personen sind wir angereist, alle hatten spa\u00df, de Blagen et allermeist.<\/p>\n\n\n\n<p>De tolle Locatie mit liebe eingerichtet, zum Wiederkommen uns verpflichtet !<\/p>\n\n\n\n<p>Wir hatten eine tolle Sylvesterparty, ein guter Start ins Neue Jahr.<\/p>\n\n\n\n<p>Feuerwerk mit &#8222;Rahetenhuh&#8220;das machen n\u00fcr die Bekloppten Duitsen ;o)<\/p>\n\n\n\n<p>Veilen Dank f\u00fcr die sch\u00f6nen Tage in de Vlinderkes.<\/p>\n\n\n\n<p><\/p>\n\n\n\n<p>G\u00e4stebuch Koninginnepage, 3. Januar 2014<\/p>\n\n\n\n<p>Danke f\u00fcr ein paar sch\u00f6ne Tage hier in Holland ;o)<\/p>\n\n\n\n<p>Es war Sch\u00f6n und wir sagen auf wiedersehen ;o)<\/p>\n\n\n\n<p><\/p>\n\n\n\n<p>G\u00e4stebuch Koninginnepage, 26. September 2013<\/p>\n\n\n\n<p>Hallo Zusammen,<\/p>\n\n\n\n<p>Wir haben hier eine sch\u00f6ne Woche mit alle Mann verbracht.<\/p>\n\n\n\n<p>Jederzeit wieder. Wir hoffen das wir wieder kommen durfen.<\/p>\n\n\n\n<p>Gruss,<\/p>\n\n\n\n<p>Haus Freudenberg<\/p>\n\n\n\n<p><\/p>\n\n\n\n<p>G\u00e4stebuch Atalanta, Juli 2013<\/p>\n\n\n\n<p>Hallo Eric &amp; Diane,<\/p>\n\n\n\n<p>Vielen Dank f\u00fcr dieses tolle Haus. Unsere 5 Bewohner vom Ernst-Wilm Haus in Bottrop und wir 3 Beteuer haben diese Woche sehr genossen.<\/p>\n\n\n\n<p>Es ist eine fantastische Anlage und das Haus mit einem&nbsp;super&nbsp;Komfort.<\/p>\n\n\n\n<p>Wir hoffen auf ein Wiedersehen hier in &#8222;de Vlinderkes&#8220;.<\/p>\n\n\n\n<p>Dank u wel en tot ziens.<\/p>\n\n\n\n<p><\/p>\n\n\n\n<p>G\u00e4stebuch Koninginnepage, 25. November 2012<\/p>\n\n\n\n<p>Am 23. kamen wir aus dem Ruhrpott hierher, Hilles Geburtstag zu feiern bei gutem Essen und Trinken und mehr.<\/p>\n\n\n\n<p>Eine grosse Gesellschaft war gekommen und hatte beide H\u00e4user in Beschlag genommen.<\/p>\n\n\n\n<p>Das Wetter spielte mit, es blieb trocken, so machten wir uns mit Taschenlampen auf die Socken. Ob gross oder klein, ob alt oder jung, wir brachen auf zur Nachtwanderung.<\/p>\n\n\n\n<p>Am n\u00e4chsten Morgen trafen sich alle zur Fr\u00fchst\u00fcckszeit, Br\u00f6tchen und Kaffee standen schon bereit. Danach stand Klootschieten auf dem Plan, damit ging der Spass erst richtig an.<\/p>\n\n\n\n<p>Nachmittags vergn\u00fcgten sich die Kinder im Spielezelt das war f\u00fcr sie eine herliche Welt.<\/p>\n\n\n\n<p>Abends wurde dann feste gefeiert, Bilder aus Hilles Werdgang wurden beigesteuert, Man sang karaoke und spielte Quiz, und eines war wohl ganz gewiss: wir hatten spass und viel gelacht und allen hat es Spass gemacht.<\/p>\n\n\n\n<p>Von 4-84 f\u00fchlten sich alle sauwohl das Wochenende war wundervoll.<\/p>\n\n\n\n<p>Im Namen aller, Vielen Dank.<\/p>\n\n\n\n<p>Hille Reicherts<\/p>\n\n\n\n<p><\/p>\n\n\n\n<p>G\u00e4stebuch Atalanta, 18. November 2012<\/p>\n\n\n\n<p>Schon am ersten Abend haben wir gesagt; &#8222;Hier m\u00fcsste man l\u00e4nger bleiben&#8220;.<\/p>\n\n\n\n<p>Der Eindruck hat sich best\u00e4tigt !<\/p>\n\n\n\n<p>Ihr habt eine tolle Anlage mit eine Atmosph\u00e4re zum Wohlf\u00fchlen geschaffen !<\/p>\n\n\n\n<p>Vielen Dank und viel gl\u00fcck f\u00fcr die Zukunft.<\/p>\n\n\n\n<p>Katharina, Thomas, Michael Hanna, Matthias, Tobi, Marjon, Auge, Dieter, Julia.<\/p>\n\n\n\n<p><\/p>\n\n\n\n<p>G\u00e4stebuch Koninginnepage, 28. September 2012<\/p>\n\n\n\n<p>Hallo Eric, hallo Diane,<\/p>\n\n\n\n<p>Trotz wenig Sonne haben wir uns hier sehr wohl gef\u00fchlt, allis ist sehr sch\u00f6n &amp; mit viel Geschmack eingerichtet und umsorgt !!!<\/p>\n\n\n\n<p>Gerne kommen wir wieder, w\u00fcnschen Euch alles, alles Gute &amp; Dir in besonderen gute Genesung f\u00fcr Deinen R\u00fccken ;o)<\/p>\n\n\n\n<p>Bedank &amp; tot ziens<\/p>\n\n\n\n<p>Bewohner des AHZ\/DRK Herne<\/p>\n\n\n\n<p><\/p>\n\n\n\n<p>G\u00e4stebuch Atalanta 19. Juli 2012<\/p>\n\n\n\n<p>Hallo Eric en Diane ;o)<\/p>\n\n\n\n<p>Wir m\u00f6chten uns f\u00fcr die wundersch\u00f6nen 6-Tage die wir hier verbringen durften recht herzlich bedanken.<\/p>\n\n\n\n<p>Obwohl das Wetter nicht immer so mitgespielt hat, hat es uns an nichts gefehlt. Wir haben viel Zeit mit Fussball, Volleyball und Tischtennis verbracht, eure Spiel und Beschaftigungsm\u00f6glichkeiten haben uns begeistert. Besonders gut hat unseren Jugendlichen der Ausflug in euren Pool gefallen.<\/p>\n\n\n\n<p>Vielen Dank f\u00fcr die tolle Zeit und hoffentlich bis bald.<\/p>\n\n\n\n<p><\/p>\n\n\n\n<p>G\u00e4stebuch Koninginnepage 16. Juli 2012<\/p>\n\n\n\n<p>Wir hatten ein w\u00fcnderschones Wochenende in dem gepflegten r\u00fchigen Haus, geeignet f\u00fcr alle Gererationen (von 4 bis 75 Jahren) und mit vielen M\u00f6glichkeiten fur Besch\u00e4ftigung.<\/p>\n\n\n\n<p>Fam. Wienes &#8211; Marten<\/p>\n\n\n\n<p><\/p>\n\n\n\n<p>G\u00e4stebuch Atalanta 3. Juni 2012<\/p>\n\n\n\n<p>Hallo Eric &amp; Diane,<\/p>\n\n\n\n<p>Wir haben hier 5 sehr sch\u00f6ne Tage verlebt und kommen bestimmt bald wieder !!<\/p>\n\n\n\n<p>Dr. Ulrich Lange Stiftung, Krefeld<\/p>\n\n\n\n<p><\/p>\n\n\n\n<p>G\u00e4stebuch Koninginnepage, Sylvester 2011\/2012<\/p>\n\n\n\n<p><br>Liebe Diane, Lieber Eric !!<\/p>\n\n\n\n<p>Es war auch in diesem Jahr wieder w\u00fcndersch\u00f6n bei Euch !<\/p>\n\n\n\n<p>Die offene K\u00fcche hier in dem neuen Haus gef\u00e4llt uns sogar noch ein bischen besser !<\/p>\n\n\n\n<p>Vielen Dank, dass Ihr uns diese tolle Zeit hier erm\u00f6glicht habt.<\/p>\n\n\n\n<p>Barbara, Stefan, Jakob, Tina, David, Paul, Judith, Gerold, Jeus, Anne, Thomas, Tatje, Emily, Miela, Lars, Hannah, Felix, Tiffy, Martin, Charlotte &amp; Nena.<\/p>\n\n\n\n<p><\/p>\n\n\n\n<p>G\u00e4stebuch Koninginnepage, 22. Juli 2011<\/p>\n\n\n\n<p><br>Hallo Eric + Diana !<\/p>\n\n\n\n<p>Wir m\u00f6chten uns bei euch f\u00fcr eine tolle Woche Bedanken !<\/p>\n\n\n\n<p>Auch wenn die Wetterprognose am Anfang schlecht f\u00fcr uns ausgesehen war, haben wir hier echt Gluck gehabt.<br>Direkt in Arcen war es \u2018fast\u2019 immer trocken.<\/p>\n\n\n\n<p>Eine Woche geht viel zu schnell vor\u00fcber aber vielleicht sehen wir uns mal wieder !!!<\/p>\n\n\n\n<p>Vielen Dank sagen:<br>Tilo, Inge Fiona, Sanne, Anna-Lena, Torbas, Anna-Marie, Obe, Bea, Sophie, Insa Pices, Kenstir, Julias.<\/p>\n\n\n\n<p><\/p>\n\n\n\n<p>10. Oktober 2011<\/p>\n\n\n\n<p>Hallo Eric und Diana<\/p>\n\n\n\n<p>Vielen Dank f\u00fcr eine sch\u00f6ne Woche in euer K\u00f6ninnpasage. Am liebsten w\u00fcrden wir noch l\u00e4nger bleiben. Weil wir noch nicht alles gesehen haben was uns noch interesiert.<br>Unsere Drohung: \u201cWir kommen Wieder! \u201c<\/p>\n\n\n\n<p>Janina M\u00fcler, Carolin Sommer, Jason, Felix, Angelika Lakotscik, Luana, Natalee<\/p>\n\n\n\n<p><\/p>\n\n\n\n<p>G\u00e4stebuch, 2. Januar 2011.<\/p>\n\n\n\n<p>Silvester 2010\/2011<\/p>\n\n\n\n<p>(note Eric, schone Zeignung alle mitglieder)<\/p>\n\n\n\n<p>Vielen Dank !<br>Es war sehr sch\u00f6n !<\/p>\n\n\n\n<p><\/p>\n\n\n\n<p>G\u00e4stebuch, 3. September 2010.<\/p>\n\n\n\n<p>Liebe(r) Eric &amp; Diane,<\/p>\n\n\n\n<p>Wir danken ganz Herzlich-uch f\u00fcr die Freundliche aufnahme &amp; Unterst\u00fctzung in euren Haus !<br>Es ist wirklich wundersch\u00f6n &amp; wir konnten hier sch\u00f6ne Tage verbringen !<\/p>\n\n\n\n<p>Es gr\u00fcssen euch Herzlich die Bewohner &amp; Betreuer des Geschwister &#8211; Louis 0 Haus in H\u00fcrtgenwald &#8211; Vostenack.<\/p>\n\n\n\n<p>Wenn ihr mal die sch\u00f6ne Eifel besucht, schaut doch mal bei uns vorbei ;o)<\/p>\n\n\n\n<p>B. Antonis, Farm Hubert Schumann, Frau L. Wagner, Julia, Sophie, Fr. A. Famsey, Caroline, Diane, Elli.<\/p>\n\n\n\n<p><\/p>\n\n\n\n<p>G\u00e4stebuch, 11. bis 14. Juni 2010<\/p>\n\n\n\n<p>Zw\u00f6lf &#8222;Rumpelstirchen&#8220; waren hier<br>und f\u00fchlten sich pudelwohl<br>Australien unterlag Deutschland (0:4) null zu vier,<br>das machte den Aufenthalt doppelt toll<br>&#8222;Met de fietsen rijden&#8220; war ein Genuss,<br>doch jetzt &#8222;tot ziens&#8220; und damit Schluss<\/p>\n\n\n\n<p><\/p>\n\n\n\n<p>G\u00e4stebuch, 3. Januar 2010<\/p>\n\n\n\n<p>Wir hatten das Gl\u00fcck, Ihr wirklich sch\u00f6nes Haus zu finden, so dass wir vier Familien mit unseren Hunden zuzammen, eine Woche \u00fcber Silvester bei Ihnen geniessen durften.<br>Alle f\u00fchlten sich sehr wohl hier und M\u00f6chten einmal wiederkommen.<br>Vielen Dank auch f\u00fcr die herzliche Gastfreundschaft !!!<\/p>\n\n\n\n<p>Es gr\u00fcssen Sie:<br>Norbert &#8211; Friedigard, Robin &#8211; Maja<br>Renate, Maxim &#8211; Maria<br>Gerd &#8211; Annette, Rokini &#8211; Thomas<br>Karl-Heinz &#8211; Heidi, Sharmila &#8211; Songa<\/p>\n\n\n\n<p><\/p>\n\n\n\n<p>G\u00e4stebuch, 23. August 2009<\/p>\n\n\n\n<p>Liebe Diane und Eric,<\/p>\n\n\n\n<p>Vielen Dank f\u00fcr das sch\u00f6ne wochenende bei euch! Das war der sch\u00f6nste geburtstag den wir je gefeiert haben!<\/p>\n\n\n\n<p>Euer Haus is S\u00fcper und wir werden bestimmt nochmal wieder kommen.<\/p>\n\n\n\n<p>Fam. Kieser aus Paderborn, Leverkusen, K\u00f6ln und Bielefeld.<\/p>\n\n\n\n<p><\/p>\n\n\n\n<p>G\u00e4stebuch, 23. Juli 2009<\/p>\n\n\n\n<p>Hoi Eric und Diane,<\/p>\n\n\n\n<p>10 B\u00fcckeb\u00fcrger brauchten Ferien und fanden R\u00fche und Erhol\u00fcng &#8222;In de Vlinderkes&#8220;.<br>Wat een geweldige huis!<br>Wir kommen gerne noch einmal wieder!<br>Dank je wel! Tot ziens!<\/p>\n\n\n\n<p>Heiko und Margret<br>Renate + Achien<br>Werner, Christina, Jeiko<br>Manfred Kerstin und Nadine<\/p>\n\n\n\n<p><\/p>\n\n\n\n<p>G\u00e4stebuch, 7. April 2009.<\/p>\n\n\n\n<p>Aus Anlass meines 75 Geburtstages, durfte ich mit meiner Familie 2 sch\u00f6ne Tage in Ihrem Haus &#8222;In de Vlinderkes&#8220; verbringen.<br>Wir haben uns sehr wohl gef\u00fchlt.<br>DANKE<\/p>\n","protected":false},"excerpt":{"rendered":"<p>Deutschsprachige Sehen Sie, was Gruppen in unser G\u00e4stebuch geschrieben haben. G\u00e4stebuch Atalanta. 1. Mai 2016 Wohngruppe Vincenz. Wir haben uns wohl gefuhlt. Die Anlage ist ruhig gelegen. Viel Platz. Sch\u00f6n um xich zuerholen. Es besteht die M\u00f6glichkeit jeder Zeit Ausfl\u00fcge zu machen. Wo auch Menschen mit Behinderung mitmachen k\u00f6nnen. *Sehr Behinderten gerecht. Mit freundlichen Grussen [&hellip;]<\/p>\n","protected":false},"author":1,"featured_media":0,"parent":46,"menu_order":0,"comment_status":"closed","ping_status":"closed","template":"","meta":{"_acf_changed":false,"footnotes":""},"class_list":["post-148","page","type-page","status-publish","hentry"],"acf":[],"_links":{"self":[{"href":"https:\/\/indevlinderkes.nl\/de\/wp-json\/wp\/v2\/pages\/148","targetHints":{"allow":["GET"]}}],"collection":[{"href":"https:\/\/indevlinderkes.nl\/de\/wp-json\/wp\/v2\/pages"}],"about":[{"href":"https:\/\/indevlinderkes.nl\/de\/wp-json\/wp\/v2\/types\/page"}],"author":[{"embeddable":true,"href":"https:\/\/indevlinderkes.nl\/de\/wp-json\/wp\/v2\/users\/1"}],"replies":[{"embeddable":true,"href":"https:\/\/indevlinderkes.nl\/de\/wp-json\/wp\/v2\/comments?post=148"}],"version-history":[{"count":6,"href":"https:\/\/indevlinderkes.nl\/de\/wp-json\/wp\/v2\/pages\/148\/revisions"}],"predecessor-version":[{"id":3565,"href":"https:\/\/indevlinderkes.nl\/de\/wp-json\/wp\/v2\/pages\/148\/revisions\/3565"}],"up":[{"embeddable":true,"href":"https:\/\/indevlinderkes.nl\/de\/wp-json\/wp\/v2\/pages\/46"}],"wp:attachment":[{"href":"https:\/\/indevlinderkes.nl\/de\/wp-json\/wp\/v2\/media?parent=148"}],"curies":[{"name":"wp","href":"https:\/\/api.w.org\/{rel}","templated":true}]}}